{"id":33116,"date":"2025-01-16T19:55:18","date_gmt":"2025-01-16T17:55:18","guid":{"rendered":"https:\/\/test.puhdasplus.ee\/\/tooted\/be-kategorijos\/mikroadatinis-volelis-025-05-mm\/"},"modified":"2026-02-27T11:27:38","modified_gmt":"2026-02-27T09:27:38","slug":"mikroadatinis-volelis-025-05-mm","status":"publish","type":"product","link":"https:\/\/test.puhdasplus.ee\/lt\/tooted\/kosmetika-lt\/mikroadatinis-volelis-025-05-mm\/","title":{"rendered":"Mikroadatinis volelis 0,25\u20130,5 mm"},"content":{"rendered":"<p>Mikroadatinis volelis \u2013 tai od\u0105 stimuliuojantis ir atjauninantis mikroadatinis volelis, kuris padeda pagerinti odos tekst\u016br\u0105, padidinti kolageno gamyb\u0105 ir pagerinti odos prie\u017ei\u016bros priemoni\u0173 \u012fsisavinim\u0105. Medicinin\u0117s klas\u0117s mikroadatos \u0161velniai stimuliuoja od\u0105, pad\u0117damos suma\u017einti smulkias rauk\u0161leles, randus ir netolyg\u0173 odos atspalv\u012f. Reguliariai naudojant, j\u016bs\u0173 oda taps lygesn\u0117 ir skaistesn\u0117. Tinka naudoti tiek veidui, tiek k\u016bnui, idealiai tinka pradedantiesiems ir jautrios odos savininkams.   <\/p>\n<p data-start=\"81\" data-end=\"459\">Mikroadatin\u0117 terapija nam\u0173 s\u0105lygomis yra puikus b\u016bdas skatinti kolageno gamyb\u0105, stangrinti ir lyginti od\u0105, pagerinti rand\u0173, spuog\u0173 ir smulki\u0173 rauk\u0161leli\u0173 i\u0161vaizd\u0105. Mikroadatin\u0117 terapija nam\u0173 s\u0105lygomis visada reikalauja ypatingos prie\u017ei\u016bros ir \u0161varios aplinkos, nes proced\u016bros metu odoje sukuriama t\u016bkstan\u010diai ma\u017ey\u010di\u0173 skylu\u010di\u0173, kurios padeda veikliosioms med\u017eiagoms geriau \u012fsigerti. <\/p>\n<p data-start=\"461\" data-end=\"610\">Rekomenduojame prad\u0117ti nuo mikroadatinio gydymo trumpesn\u0117mis adatomis, pavyzd\u017eiui, 0,25 mm voleliu. Adatos pagamintos i\u0161 auk\u0161tos kokyb\u0117s japoni\u0161ko chirurginio plieno. <\/p>\n<p data-start=\"694\" data-end=\"718\"><strong data-start=\"694\" data-end=\"716\">Naudojimo instrukcijos:<\/strong><\/p>\n<ol data-start=\"719\" data-end=\"1137\">\n<li data-start=\"719\" data-end=\"770\">Prie\u0161 naudojim\u0105 volel\u012f nuvalykite ir dezinfekuokite.<\/li>\n<li data-start=\"771\" data-end=\"807\">Kruop\u0161\u010diai nuplaukite ir nusausinkite od\u0105.<\/li>\n<li data-start=\"808\" data-end=\"908\">\u0160velniai braukite per od\u0105 horizontaliai, vertikaliai ir \u012fstri\u017eai, vengdami per didelio spaudimo.<\/li>\n<li data-start=\"909\" data-end=\"986\">Tepkite od\u0105 dr\u0117kinamuoju arba atkuriamuoju prie\u017ei\u016bros produktu, kad pagerintum\u0117te \u012fsig\u0117rim\u0105.<\/li>\n<li data-start=\"987\" data-end=\"1076\">Po naudojimo volel\u012f i\u0161valykite ir dezinfekuokite, o tada laikykite \u0161varioje, sausoje vietoje.<\/li>\n<li data-start=\"1077\" data-end=\"1137\">Naudokite 1\u20133 kartus per savait\u0119, priklausomai nuo odos jautrumo.<\/li>\n<\/ol>\n<p data-start=\"1139\" data-end=\"1264\"><strong data-start=\"1139\" data-end=\"1168\">Sudedamosios dalys \/ med\u017eiagos:<\/strong><br data-start=\"1168\" data-end=\"1171\"> Mikroadatos pagamintos i\u0161 medicinin\u0117s klas\u0117s ner\u016bdijan\u010dio plieno arba titano.<\/p>\n","protected":false},"excerpt":{"rendered":"<p>\u0160velnus ir efektyvus 0,25 mm mikroadatinis volelis, stimuliuojantis od\u0105, gerinantis tekst\u016br\u0105 ir skatinantis odos prie\u017ei\u016bros priemoni\u0173 \u012fsigert\u012f. Tinka visiems odos tipams. <\/p>\n","protected":false},"featured_media":33117,"comment_status":"open","ping_status":"closed","template":"","meta":{"_acf_changed":false},"product_brand":[],"product_cat":[2582],"product_tag":[2896,2577,2704,2894,2891,2893,2886,2892,2885,2895],"class_list":{"0":"post-33116","1":"product","2":"type-product","3":"status-publish","4":"has-post-thumbnail","6":"product_cat-kosmetika-lt","7":"product_tag-grozio-priemone","8":"product_tag-grynas-grozis","9":"product_tag-kolageno-stimuliacija","10":"product_tag-lygesne-oda","11":"product_tag-mikroadatinis-volelis","12":"product_tag-odos-atnaujinimas-lt","13":"product_tag-odos-prieziura","14":"product_tag-poru-sutraukimas","15":"product_tag-rauksliu-mazinimas","16":"product_tag-spuogu-randu-prieziura","18":"first","19":"onbackorder","20":"taxable","21":"shipping-taxable","22":"purchasable","23":"product-type-variable","24":"has-default-attributes"},"acf":[],"yoast_head":"<!-- This site is optimized with the Yoast SEO plugin v27.1.1 - https:\/\/yoast.com\/product\/yoast-seo-wordpress\/ -->\n<title>Mikroadatinis volelis 0,25\u20130,5 mm - Puhdas+<\/title>\n<meta name=\"description\" content=\"Mikroadatinis volelis stimuliuoja od\u0105, gerina jos tekst\u016br\u0105 ir padeda padidinti odos prie\u017ei\u016bros priemoni\u0173 \u012fsigert\u012f. Tinka visiems odos tipams!\" \/>\n<meta name=\"robots\" content=\"noindex, follow, max-snippet:-1, max-image-preview:large, max-video-preview:-1\" \/>\n<meta property=\"og:locale\" content=\"lt_LT\" \/>\n<meta property=\"og:type\" content=\"article\" \/>\n<meta property=\"og:title\" content=\"Mikroadatinis volelis 0,25\u20130,5 mm - Puhdas+\" \/>\n<meta property=\"og:description\" content=\"Mikroadatinis volelis stimuliuoja od\u0105, gerina jos tekst\u016br\u0105 ir padeda padidinti odos prie\u017ei\u016bros priemoni\u0173 \u012fsigert\u012f. Tinka visiems odos tipams!\" \/>\n<meta property=\"og:url\" content=\"https:\/\/test.puhdasplus.ee\/lt\/tooted\/kosmetika-lt\/mikroadatinis-volelis-025-05-mm\/\" \/>\n<meta property=\"og:site_name\" content=\"Puhdas+\" \/>\n<meta property=\"article:publisher\" content=\"https:\/\/www.facebook.com\/puhdasplus\" \/>\n<meta property=\"article:modified_time\" content=\"2026-02-27T09:27:38+00:00\" \/>\n<meta property=\"og:image\" content=\"https:\/\/test.puhdasplus.ee\/wp-content\/uploads\/2025\/02\/puhdasplus_microneedle_roller0_25mm.jpg.webp\" \/>\n\t<meta property=\"og:image:width\" content=\"1100\" \/>\n\t<meta property=\"og:image:height\" content=\"1100\" \/>\n\t<meta property=\"og:image:type\" content=\"image\/webp\" \/>\n<meta name=\"twitter:card\" content=\"summary_large_image\" \/>\n<meta name=\"twitter:label1\" content=\"Est. reading time\" \/>\n\t<meta name=\"twitter:data1\" content=\"1 minut\u0117\" \/>\n<script type=\"application\/ld+json\" class=\"yoast-schema-graph\">{\"@context\":\"https:\/\/schema.org\",\"@graph\":[{\"@type\":\"WebPage\",\"@id\":\"https:\/\/test.puhdasplus.ee\/lt\/tooted\/kosmetika-lt\/mikroadatinis-volelis-025-05-mm\/\",\"url\":\"https:\/\/test.puhdasplus.ee\/lt\/tooted\/kosmetika-lt\/mikroadatinis-volelis-025-05-mm\/\",\"name\":\"Mikroadatinis volelis 0,25\u20130,5 mm - Puhdas+\",\"isPartOf\":{\"@id\":\"https:\/\/test.puhdasplus.ee\/lt\/#website\"},\"primaryImageOfPage\":{\"@id\":\"https:\/\/test.puhdasplus.ee\/lt\/tooted\/kosmetika-lt\/mikroadatinis-volelis-025-05-mm\/#primaryimage\"},\"image\":{\"@id\":\"https:\/\/test.puhdasplus.ee\/lt\/tooted\/kosmetika-lt\/mikroadatinis-volelis-025-05-mm\/#primaryimage\"},\"thumbnailUrl\":\"https:\/\/test.puhdasplus.ee\/wp-content\/uploads\/2025\/02\/puhdasplus_microneedle_roller0_25mm.jpg.webp\",\"datePublished\":\"2025-01-16T17:55:18+00:00\",\"dateModified\":\"2026-02-27T09:27:38+00:00\",\"description\":\"Mikroadatinis volelis stimuliuoja od\u0105, gerina jos tekst\u016br\u0105 ir padeda padidinti odos prie\u017ei\u016bros priemoni\u0173 \u012fsigert\u012f. Tinka visiems odos tipams!\",\"breadcrumb\":{\"@id\":\"https:\/\/test.puhdasplus.ee\/lt\/tooted\/kosmetika-lt\/mikroadatinis-volelis-025-05-mm\/#breadcrumb\"},\"inLanguage\":\"lt-LT\",\"potentialAction\":[{\"@type\":\"ReadAction\",\"target\":[\"https:\/\/test.puhdasplus.ee\/lt\/tooted\/kosmetika-lt\/mikroadatinis-volelis-025-05-mm\/\"]}]},{\"@type\":\"ImageObject\",\"inLanguage\":\"lt-LT\",\"@id\":\"https:\/\/test.puhdasplus.ee\/lt\/tooted\/kosmetika-lt\/mikroadatinis-volelis-025-05-mm\/#primaryimage\",\"url\":\"https:\/\/test.puhdasplus.ee\/wp-content\/uploads\/2025\/02\/puhdasplus_microneedle_roller0_25mm.jpg.webp\",\"contentUrl\":\"https:\/\/test.puhdasplus.ee\/wp-content\/uploads\/2025\/02\/puhdasplus_microneedle_roller0_25mm.jpg.webp\",\"width\":1100,\"height\":1100,\"caption\":\"Mikroadatinis volelis 0,25 mm\"},{\"@type\":\"BreadcrumbList\",\"@id\":\"https:\/\/test.puhdasplus.ee\/lt\/tooted\/kosmetika-lt\/mikroadatinis-volelis-025-05-mm\/#breadcrumb\",\"itemListElement\":[{\"@type\":\"ListItem\",\"position\":1,\"name\":\"Prad\u017eia\",\"item\":\"https:\/\/test.puhdasplus.ee\/lt\/\"},{\"@type\":\"ListItem\",\"position\":2,\"name\":\"Produktai\",\"item\":\"https:\/\/test.puhdasplus.ee\/lt\/parduotuve\/\"},{\"@type\":\"ListItem\",\"position\":3,\"name\":\"Mikroadatinis volelis 0,25\u20130,5 mm\"}]},{\"@type\":\"WebSite\",\"@id\":\"https:\/\/test.puhdasplus.ee\/lt\/#website\",\"url\":\"https:\/\/test.puhdasplus.ee\/lt\/\",\"name\":\"Puhdas+\",\"description\":\"Vitamiinid, Toidulisandid, looduskosmeetika, tervis, sport\",\"publisher\":{\"@id\":\"https:\/\/test.puhdasplus.ee\/lt\/#organization\"},\"potentialAction\":[{\"@type\":\"SearchAction\",\"target\":{\"@type\":\"EntryPoint\",\"urlTemplate\":\"https:\/\/test.puhdasplus.ee\/lt\/?s={search_term_string}\"},\"query-input\":{\"@type\":\"PropertyValueSpecification\",\"valueRequired\":true,\"valueName\":\"search_term_string\"}}],\"inLanguage\":\"lt-LT\"},{\"@type\":\"Organization\",\"@id\":\"https:\/\/test.puhdasplus.ee\/lt\/#organization\",\"name\":\"Puhdas+\",\"alternateName\":\"Puhdasplus\",\"url\":\"https:\/\/test.puhdasplus.ee\/lt\/\",\"logo\":{\"@type\":\"ImageObject\",\"inLanguage\":\"lt-LT\",\"@id\":\"https:\/\/test.puhdasplus.ee\/lt\/#\/schema\/logo\/image\/\",\"url\":\"https:\/\/test.puhdasplus.ee\/\/wp-content\/uploads\/2019\/10\/puhdas_logo-arvele.png\",\"contentUrl\":\"https:\/\/test.puhdasplus.ee\/\/wp-content\/uploads\/2019\/10\/puhdas_logo-arvele.png\",\"width\":114,\"height\":94,\"caption\":\"Puhdas+\"},\"image\":{\"@id\":\"https:\/\/test.puhdasplus.ee\/lt\/#\/schema\/logo\/image\/\"},\"sameAs\":[\"https:\/\/www.facebook.com\/puhdasplus\",\"https:\/\/www.instagram.com\/puhdasplus_ee\/\"]}]}<\/script>\n<!-- \/ Yoast SEO plugin. -->","yoast_head_json":{"title":"Mikroadatinis volelis 0,25\u20130,5 mm - Puhdas+","description":"Mikroadatinis volelis stimuliuoja od\u0105, gerina jos tekst\u016br\u0105 ir padeda padidinti odos prie\u017ei\u016bros priemoni\u0173 \u012fsigert\u012f. Tinka visiems odos tipams!","robots":{"index":"noindex","follow":"follow","max-snippet":"max-snippet:-1","max-image-preview":"max-image-preview:large","max-video-preview":"max-video-preview:-1"},"og_locale":"lt_LT","og_type":"article","og_title":"Mikroadatinis volelis 0,25\u20130,5 mm - Puhdas+","og_description":"Mikroadatinis volelis stimuliuoja od\u0105, gerina jos tekst\u016br\u0105 ir padeda padidinti odos prie\u017ei\u016bros priemoni\u0173 \u012fsigert\u012f. Tinka visiems odos tipams!","og_url":"https:\/\/test.puhdasplus.ee\/lt\/tooted\/kosmetika-lt\/mikroadatinis-volelis-025-05-mm\/","og_site_name":"Puhdas+","article_publisher":"https:\/\/www.facebook.com\/puhdasplus","article_modified_time":"2026-02-27T09:27:38+00:00","og_image":[{"width":1100,"height":1100,"url":"https:\/\/test.puhdasplus.ee\/wp-content\/uploads\/2025\/02\/puhdasplus_microneedle_roller0_25mm.jpg.webp","type":"image\/webp"}],"twitter_card":"summary_large_image","twitter_misc":{"Est. reading time":"1 minut\u0117"},"schema":{"@context":"https:\/\/schema.org","@graph":[{"@type":"WebPage","@id":"https:\/\/test.puhdasplus.ee\/lt\/tooted\/kosmetika-lt\/mikroadatinis-volelis-025-05-mm\/","url":"https:\/\/test.puhdasplus.ee\/lt\/tooted\/kosmetika-lt\/mikroadatinis-volelis-025-05-mm\/","name":"Mikroadatinis volelis 0,25\u20130,5 mm - Puhdas+","isPartOf":{"@id":"https:\/\/test.puhdasplus.ee\/lt\/#website"},"primaryImageOfPage":{"@id":"https:\/\/test.puhdasplus.ee\/lt\/tooted\/kosmetika-lt\/mikroadatinis-volelis-025-05-mm\/#primaryimage"},"image":{"@id":"https:\/\/test.puhdasplus.ee\/lt\/tooted\/kosmetika-lt\/mikroadatinis-volelis-025-05-mm\/#primaryimage"},"thumbnailUrl":"https:\/\/test.puhdasplus.ee\/wp-content\/uploads\/2025\/02\/puhdasplus_microneedle_roller0_25mm.jpg.webp","datePublished":"2025-01-16T17:55:18+00:00","dateModified":"2026-02-27T09:27:38+00:00","description":"Mikroadatinis volelis stimuliuoja od\u0105, gerina jos tekst\u016br\u0105 ir padeda padidinti odos prie\u017ei\u016bros priemoni\u0173 \u012fsigert\u012f. Tinka visiems odos tipams!","breadcrumb":{"@id":"https:\/\/test.puhdasplus.ee\/lt\/tooted\/kosmetika-lt\/mikroadatinis-volelis-025-05-mm\/#breadcrumb"},"inLanguage":"lt-LT","potentialAction":[{"@type":"ReadAction","target":["https:\/\/test.puhdasplus.ee\/lt\/tooted\/kosmetika-lt\/mikroadatinis-volelis-025-05-mm\/"]}]},{"@type":"ImageObject","inLanguage":"lt-LT","@id":"https:\/\/test.puhdasplus.ee\/lt\/tooted\/kosmetika-lt\/mikroadatinis-volelis-025-05-mm\/#primaryimage","url":"https:\/\/test.puhdasplus.ee\/wp-content\/uploads\/2025\/02\/puhdasplus_microneedle_roller0_25mm.jpg.webp","contentUrl":"https:\/\/test.puhdasplus.ee\/wp-content\/uploads\/2025\/02\/puhdasplus_microneedle_roller0_25mm.jpg.webp","width":1100,"height":1100,"caption":"Mikroadatinis volelis 0,25 mm"},{"@type":"BreadcrumbList","@id":"https:\/\/test.puhdasplus.ee\/lt\/tooted\/kosmetika-lt\/mikroadatinis-volelis-025-05-mm\/#breadcrumb","itemListElement":[{"@type":"ListItem","position":1,"name":"Prad\u017eia","item":"https:\/\/test.puhdasplus.ee\/lt\/"},{"@type":"ListItem","position":2,"name":"Produktai","item":"https:\/\/test.puhdasplus.ee\/lt\/parduotuve\/"},{"@type":"ListItem","position":3,"name":"Mikroadatinis volelis 0,25\u20130,5 mm"}]},{"@type":"WebSite","@id":"https:\/\/test.puhdasplus.ee\/lt\/#website","url":"https:\/\/test.puhdasplus.ee\/lt\/","name":"Puhdas+","description":"Vitamiinid, Toidulisandid, looduskosmeetika, tervis, sport","publisher":{"@id":"https:\/\/test.puhdasplus.ee\/lt\/#organization"},"potentialAction":[{"@type":"SearchAction","target":{"@type":"EntryPoint","urlTemplate":"https:\/\/test.puhdasplus.ee\/lt\/?s={search_term_string}"},"query-input":{"@type":"PropertyValueSpecification","valueRequired":true,"valueName":"search_term_string"}}],"inLanguage":"lt-LT"},{"@type":"Organization","@id":"https:\/\/test.puhdasplus.ee\/lt\/#organization","name":"Puhdas+","alternateName":"Puhdasplus","url":"https:\/\/test.puhdasplus.ee\/lt\/","logo":{"@type":"ImageObject","inLanguage":"lt-LT","@id":"https:\/\/test.puhdasplus.ee\/lt\/#\/schema\/logo\/image\/","url":"https:\/\/test.puhdasplus.ee\/\/wp-content\/uploads\/2019\/10\/puhdas_logo-arvele.png","contentUrl":"https:\/\/test.puhdasplus.ee\/\/wp-content\/uploads\/2019\/10\/puhdas_logo-arvele.png","width":114,"height":94,"caption":"Puhdas+"},"image":{"@id":"https:\/\/test.puhdasplus.ee\/lt\/#\/schema\/logo\/image\/"},"sameAs":["https:\/\/www.facebook.com\/puhdasplus","https:\/\/www.instagram.com\/puhdasplus_ee\/"]}]}},"_links":{"self":[{"href":"https:\/\/test.puhdasplus.ee\/lt\/wp-json\/wp\/v2\/product\/33116","targetHints":{"allow":["GET"]}}],"collection":[{"href":"https:\/\/test.puhdasplus.ee\/lt\/wp-json\/wp\/v2\/product"}],"about":[{"href":"https:\/\/test.puhdasplus.ee\/lt\/wp-json\/wp\/v2\/types\/product"}],"replies":[{"embeddable":true,"href":"https:\/\/test.puhdasplus.ee\/lt\/wp-json\/wp\/v2\/comments?post=33116"}],"wp:featuredmedia":[{"embeddable":true,"href":"https:\/\/test.puhdasplus.ee\/lt\/wp-json\/wp\/v2\/media\/33117"}],"wp:attachment":[{"href":"https:\/\/test.puhdasplus.ee\/lt\/wp-json\/wp\/v2\/media?parent=33116"}],"wp:term":[{"taxonomy":"product_brand","embeddable":true,"href":"https:\/\/test.puhdasplus.ee\/lt\/wp-json\/wp\/v2\/product_brand?post=33116"},{"taxonomy":"product_cat","embeddable":true,"href":"https:\/\/test.puhdasplus.ee\/lt\/wp-json\/wp\/v2\/product_cat?post=33116"},{"taxonomy":"product_tag","embeddable":true,"href":"https:\/\/test.puhdasplus.ee\/lt\/wp-json\/wp\/v2\/product_tag?post=33116"}],"curies":[{"name":"wp","href":"https:\/\/api.w.org\/{rel}","templated":true}]}}