{"id":33017,"date":"2025-01-16T19:07:43","date_gmt":"2025-01-16T17:07:43","guid":{"rendered":"https:\/\/test.puhdasplus.ee\/\/tooted\/be-kategorijos\/jazminu-eterinis-aliejus-10-ml\/"},"modified":"2026-02-27T11:28:01","modified_gmt":"2026-02-27T09:28:01","slug":"jazminu-eterinis-aliejus-10-ml","status":"publish","type":"product","link":"https:\/\/test.puhdasplus.ee\/lt\/tooted\/eteriniai-aliejai\/jazminu-eterinis-aliejus-10-ml\/","title":{"rendered":"Jazmin\u0173 eterinis aliejus 10 ml"},"content":{"rendered":"<h3>Nat\u016bralus nuotaikos gerintojas ir atpalaiduojantis<\/h3>\n<p>Jazmin\u0173 eterinis aliejus yra 10 % tirpalas, sudarytas i\u0161 vaistinio jazmino (Jasminum officinale) \u017eied\u0173 ekstrakto, praskiesto saul\u0117gr\u0105\u017e\u0173 aliejumi (Helianthus Annuus Seed Oil). Jo saldus ir jausmingas aromatas padeda pakelti nuotaik\u0105, padidinti pasitik\u0117jim\u0105 savimi ir sukurti atpalaiduojan\u010di\u0105 atmosfer\u0105. <\/p>\n<p data-start=\"567\" data-end=\"1053\">Jazmin\u0173 eterinis aliejus pagamintas i\u0161 auk\u0161tos kokyb\u0117s jazmin\u0173 \u017eied\u0173 ekstrakto, praskiesto saul\u0117gr\u0105\u017e\u0173 aliejumi, siekiant u\u017etikrinti \u0161velni\u0105 ir odai draugi\u0161k\u0105 sud\u0117t\u012f. Jo saldus ir egzoti\u0161kas kvapas padeda suma\u017einti stres\u0105, pakelti nuotaik\u0105 ir padidinti pasitik\u0117jim\u0105 savimi. Jazmin\u0173 eterinis aliejus yra \u017einomas d\u0117l savo raminam\u0173j\u0173 ir nuotaik\u0105 gerinan\u010di\u0173 savybi\u0173, kurios prisideda prie bendros savijautos. Aliej\u0173 galima naudoti aromatin\u0117se lempose, difuzoriuose, pirtyse arba praskiest\u0105 kaip masa\u017eo aliej\u0173.   <\/p>\n<p data-start=\"1055\" data-end=\"1076\"><strong data-start=\"1055\" data-end=\"1076\">Pagrindiniai privalumai:<\/strong><\/p>\n<ul data-start=\"1077\" data-end=\"1490\">\n<li data-start=\"1077\" data-end=\"1175\"><strong data-start=\"1079\" data-end=\"1101\">Nuotaikos gerinimas:<\/strong> saldus aromatas padeda suma\u017einti stres\u0105 ir nerim\u0105, skatina atsipalaidavim\u0105.<\/li>\n<li data-start=\"1176\" data-end=\"1265\"><strong data-start=\"1178\" data-end=\"1209\">Didina pasitik\u0117jim\u0105 savimi:<\/strong> jausmingas kvapas padeda sustiprinti pasitik\u0117jim\u0105 savimi ir optimizm\u0105.<\/li>\n<li data-start=\"1266\" data-end=\"1376\"><strong data-start=\"1268\" data-end=\"1292\">Universalus naudojimas:<\/strong> tinka aromaterapijai, masa\u017eui, pir\u010diai ir nam\u0173 oro gaivikliui.<\/li>\n<li data-start=\"1377\" data-end=\"1490\"><strong data-start=\"1379\" data-end=\"1403\">Paruo\u0161tas naudoti:<\/strong> 10 % tirpalas saul\u0117gr\u0105\u017e\u0173 aliejuje leid\u017eia aliej\u0173 tepti tiesiai ant odos arba naudoti aromaterapijoje.<\/li>\n<\/ul>\n<p data-start=\"1492\" data-end=\"1584\"><strong data-start=\"1492\" data-end=\"1508\">Sud\u0117tis:<\/strong> saul\u0117gr\u0105\u017e\u0173 (Helianthus Annuus) s\u0117kl\u0173 aliejus, jazmin\u0173 (Jasminum Officinale) \u017eied\u0173 ekstraktas.<\/p>\n<p data-start=\"1586\" data-end=\"1606\"><strong data-start=\"1586\" data-end=\"1606\">Naudojimo instrukcijos:<\/strong><\/p>\n<ul data-start=\"1607\" data-end=\"2166\">\n<li data-start=\"1607\" data-end=\"1732\"><strong data-start=\"1609\" data-end=\"1628\">Aromaterapija:<\/strong> \u012ela\u0161inkite 3\u20137 la\u0161us eterinio aliejaus \u012f aromatin\u0119 lemp\u0105 arba difuzori\u0173, kad kambaryje sukurtum\u0117te malon\u0173 ir raminant\u012f aromat\u0105.<\/li>\n<li data-start=\"1733\" data-end=\"1901\"><strong data-start=\"1735\" data-end=\"1747\">Masa\u017eas:<\/strong> U\u017etepkite kelis la\u0161us aliejaus tiesiai ant odos arba sumai\u0161ykite su baziniu aliejumi (pvz., migdol\u0173 arba simondsij\u0173 aliejumi) ir \u012fmasa\u017euokite \u012f od\u0105, kad paskatintum\u0117te atsipalaidavim\u0105 ir pagerintum\u0117te nuotaik\u0105.<\/li>\n<li data-start=\"1902\" data-end=\"2005\"><strong data-start=\"1904\" data-end=\"1913\">Pirtis:<\/strong> \u012ela\u0161inkite 1\u20133 la\u0161us eterinio aliejaus \u012f garin\u012f vanden\u012f, kad sukurtum\u0117te atpalaiduojan\u010di\u0105 ir pakyl\u0117jan\u010di\u0105 pirties patirt\u012f.<\/li>\n<li data-start=\"2006\" data-end=\"2166\"><strong data-start=\"2008\" data-end=\"2026\">Pur\u0161kimo buteliukas:<\/strong> \u012ela\u0161inkite kelis la\u0161us aliejaus \u012f pur\u0161kimo buteliuk\u0105, pripildyt\u0105 vandens, ir apipurk\u0161kite kambario or\u0105 arba nam\u0173 tekstil\u0119, kad oras b\u016bt\u0173 gaivesnis ir sukurtum\u0117te malon\u0173 aromat\u0105.<\/li>\n<\/ul>\n<p data-start=\"2168\" data-end=\"2433\"><strong data-start=\"2168\" data-end=\"2186\">Saugos nurodymai:<\/strong> Tik i\u0161oriniam naudojimui. Venkite kontakto su akimis ir gleivine.  Laikyti vaikams nepasiekiamoje vietoje. N\u0117\u0161\u010dios moterys, maitinan\u010dios motinos, vaikai, pagyven\u0119 \u017emon\u0117s ir \u017emon\u0117s, sergantys l\u0117tin\u0117mis ligomis, prie\u0161 vartojim\u0105 tur\u0117t\u0173 pasitarti su sveikatos prie\u017ei\u016bros specialistu.<\/p>\n","protected":false},"excerpt":{"rendered":"<p>100 % jazmin\u0173 eterinis aliejus saul\u0117gr\u0105\u017e\u0173 aliejuje, pasi\u017eymintis sald\u017eiu ir jausmingu aromatu, universaliu panaudojimu aromaterapijoje, masa\u017ee ir namuose.<\/p>\n","protected":false},"featured_media":33020,"comment_status":"closed","ping_status":"closed","template":"","meta":{"_acf_changed":false},"product_brand":[],"product_cat":[2752],"product_tag":[2754,2760,2763,2755,2759,2756,2753],"class_list":{"0":"post-33017","1":"product","2":"type-product","3":"status-publish","4":"has-post-thumbnail","6":"product_cat-eteriniai-aliejai","7":"product_tag-aromaterapija","8":"product_tag-asmino-eterinis-aliejus","9":"product_tag-didejantis-pasitikejimas-savimi","10":"product_tag-naturalus-oro-gaiviklis","11":"product_tag-naturalus-oro-gaiviklis-lt","12":"product_tag-nuotaikos-pakilimas","13":"product_tag-streso-mazinimas","15":"first","16":"onbackorder","17":"taxable","18":"shipping-taxable","19":"purchasable","20":"product-type-simple"},"acf":[],"yoast_head":"<!-- This site is optimized with the Yoast SEO plugin v27.1.1 - https:\/\/yoast.com\/product\/yoast-seo-wordpress\/ -->\n<title>Jazmin\u0173 eterinis aliejus 10 ml - Puhdas+<\/title>\n<meta name=\"description\" content=\"Jazmin\u0173 eterinis aliejus (10 ml) yra 10 % tirpalas saul\u0117gr\u0105\u017e\u0173 aliejuje, kur\u012f galima naudoti \u012fvairiai: aromaterapijoje, masa\u017ee ir nam\u0173 aplinkoje.\" \/>\n<meta name=\"robots\" content=\"noindex, follow, max-snippet:-1, max-image-preview:large, max-video-preview:-1\" \/>\n<meta property=\"og:locale\" content=\"lt_LT\" \/>\n<meta property=\"og:type\" content=\"article\" \/>\n<meta property=\"og:title\" content=\"Jazmin\u0173 eterinis aliejus 10 ml - Puhdas+\" \/>\n<meta property=\"og:description\" content=\"Jazmin\u0173 eterinis aliejus (10 ml) yra 10 % tirpalas saul\u0117gr\u0105\u017e\u0173 aliejuje, kur\u012f galima naudoti \u012fvairiai: aromaterapijoje, masa\u017ee ir nam\u0173 aplinkoje.\" \/>\n<meta property=\"og:url\" content=\"https:\/\/test.puhdasplus.ee\/lt\/tooted\/eteriniai-aliejai\/jazminu-eterinis-aliejus-10-ml\/\" \/>\n<meta property=\"og:site_name\" content=\"Puhdas+\" \/>\n<meta property=\"article:publisher\" content=\"https:\/\/www.facebook.com\/puhdasplus\" \/>\n<meta property=\"article:modified_time\" content=\"2026-02-27T09:28:01+00:00\" \/>\n<meta property=\"og:image\" content=\"https:\/\/test.puhdasplus.ee\/wp-content\/uploads\/2025\/03\/158.jpg\" \/>\n\t<meta property=\"og:image:width\" content=\"1862\" \/>\n\t<meta property=\"og:image:height\" content=\"2560\" \/>\n\t<meta property=\"og:image:type\" content=\"image\/jpeg\" \/>\n<meta name=\"twitter:card\" content=\"summary_large_image\" \/>\n<meta name=\"twitter:label1\" content=\"Est. reading time\" \/>\n\t<meta name=\"twitter:data1\" content=\"2 minut\u0117\" \/>\n<script type=\"application\/ld+json\" class=\"yoast-schema-graph\">{\"@context\":\"https:\/\/schema.org\",\"@graph\":[{\"@type\":\"WebPage\",\"@id\":\"https:\/\/test.puhdasplus.ee\/lt\/tooted\/eteriniai-aliejai\/jazminu-eterinis-aliejus-10-ml\/\",\"url\":\"https:\/\/test.puhdasplus.ee\/lt\/tooted\/eteriniai-aliejai\/jazminu-eterinis-aliejus-10-ml\/\",\"name\":\"Jazmin\u0173 eterinis aliejus 10 ml - Puhdas+\",\"isPartOf\":{\"@id\":\"https:\/\/test.puhdasplus.ee\/lt\/#website\"},\"primaryImageOfPage\":{\"@id\":\"https:\/\/test.puhdasplus.ee\/lt\/tooted\/eteriniai-aliejai\/jazminu-eterinis-aliejus-10-ml\/#primaryimage\"},\"image\":{\"@id\":\"https:\/\/test.puhdasplus.ee\/lt\/tooted\/eteriniai-aliejai\/jazminu-eterinis-aliejus-10-ml\/#primaryimage\"},\"thumbnailUrl\":\"https:\/\/test.puhdasplus.ee\/wp-content\/uploads\/2025\/03\/158.jpg\",\"datePublished\":\"2025-01-16T17:07:43+00:00\",\"dateModified\":\"2026-02-27T09:28:01+00:00\",\"description\":\"Jazmin\u0173 eterinis aliejus (10 ml) yra 10 % tirpalas saul\u0117gr\u0105\u017e\u0173 aliejuje, kur\u012f galima naudoti \u012fvairiai: aromaterapijoje, masa\u017ee ir nam\u0173 aplinkoje.\",\"breadcrumb\":{\"@id\":\"https:\/\/test.puhdasplus.ee\/lt\/tooted\/eteriniai-aliejai\/jazminu-eterinis-aliejus-10-ml\/#breadcrumb\"},\"inLanguage\":\"lt-LT\",\"potentialAction\":[{\"@type\":\"ReadAction\",\"target\":[\"https:\/\/test.puhdasplus.ee\/lt\/tooted\/eteriniai-aliejai\/jazminu-eterinis-aliejus-10-ml\/\"]}]},{\"@type\":\"ImageObject\",\"inLanguage\":\"lt-LT\",\"@id\":\"https:\/\/test.puhdasplus.ee\/lt\/tooted\/eteriniai-aliejai\/jazminu-eterinis-aliejus-10-ml\/#primaryimage\",\"url\":\"https:\/\/test.puhdasplus.ee\/wp-content\/uploads\/2025\/03\/158.jpg\",\"contentUrl\":\"https:\/\/test.puhdasplus.ee\/wp-content\/uploads\/2025\/03\/158.jpg\",\"width\":1862,\"height\":2560,\"caption\":\"Jazmin\u0173 eterinis aliejus 10 ml\"},{\"@type\":\"BreadcrumbList\",\"@id\":\"https:\/\/test.puhdasplus.ee\/lt\/tooted\/eteriniai-aliejai\/jazminu-eterinis-aliejus-10-ml\/#breadcrumb\",\"itemListElement\":[{\"@type\":\"ListItem\",\"position\":1,\"name\":\"Prad\u017eia\",\"item\":\"https:\/\/test.puhdasplus.ee\/lt\/\"},{\"@type\":\"ListItem\",\"position\":2,\"name\":\"Produktai\",\"item\":\"https:\/\/test.puhdasplus.ee\/lt\/parduotuve\/\"},{\"@type\":\"ListItem\",\"position\":3,\"name\":\"Jazmin\u0173 eterinis aliejus 10 ml\"}]},{\"@type\":\"WebSite\",\"@id\":\"https:\/\/test.puhdasplus.ee\/lt\/#website\",\"url\":\"https:\/\/test.puhdasplus.ee\/lt\/\",\"name\":\"Puhdas+\",\"description\":\"Vitamiinid, Toidulisandid, looduskosmeetika, tervis, sport\",\"publisher\":{\"@id\":\"https:\/\/test.puhdasplus.ee\/lt\/#organization\"},\"potentialAction\":[{\"@type\":\"SearchAction\",\"target\":{\"@type\":\"EntryPoint\",\"urlTemplate\":\"https:\/\/test.puhdasplus.ee\/lt\/?s={search_term_string}\"},\"query-input\":{\"@type\":\"PropertyValueSpecification\",\"valueRequired\":true,\"valueName\":\"search_term_string\"}}],\"inLanguage\":\"lt-LT\"},{\"@type\":\"Organization\",\"@id\":\"https:\/\/test.puhdasplus.ee\/lt\/#organization\",\"name\":\"Puhdas+\",\"alternateName\":\"Puhdasplus\",\"url\":\"https:\/\/test.puhdasplus.ee\/lt\/\",\"logo\":{\"@type\":\"ImageObject\",\"inLanguage\":\"lt-LT\",\"@id\":\"https:\/\/test.puhdasplus.ee\/lt\/#\/schema\/logo\/image\/\",\"url\":\"https:\/\/test.puhdasplus.ee\/\/wp-content\/uploads\/2019\/10\/puhdas_logo-arvele.png\",\"contentUrl\":\"https:\/\/test.puhdasplus.ee\/\/wp-content\/uploads\/2019\/10\/puhdas_logo-arvele.png\",\"width\":114,\"height\":94,\"caption\":\"Puhdas+\"},\"image\":{\"@id\":\"https:\/\/test.puhdasplus.ee\/lt\/#\/schema\/logo\/image\/\"},\"sameAs\":[\"https:\/\/www.facebook.com\/puhdasplus\",\"https:\/\/www.instagram.com\/puhdasplus_ee\/\"]}]}<\/script>\n<!-- \/ Yoast SEO plugin. -->","yoast_head_json":{"title":"Jazmin\u0173 eterinis aliejus 10 ml - Puhdas+","description":"Jazmin\u0173 eterinis aliejus (10 ml) yra 10 % tirpalas saul\u0117gr\u0105\u017e\u0173 aliejuje, kur\u012f galima naudoti \u012fvairiai: aromaterapijoje, masa\u017ee ir nam\u0173 aplinkoje.","robots":{"index":"noindex","follow":"follow","max-snippet":"max-snippet:-1","max-image-preview":"max-image-preview:large","max-video-preview":"max-video-preview:-1"},"og_locale":"lt_LT","og_type":"article","og_title":"Jazmin\u0173 eterinis aliejus 10 ml - Puhdas+","og_description":"Jazmin\u0173 eterinis aliejus (10 ml) yra 10 % tirpalas saul\u0117gr\u0105\u017e\u0173 aliejuje, kur\u012f galima naudoti \u012fvairiai: aromaterapijoje, masa\u017ee ir nam\u0173 aplinkoje.","og_url":"https:\/\/test.puhdasplus.ee\/lt\/tooted\/eteriniai-aliejai\/jazminu-eterinis-aliejus-10-ml\/","og_site_name":"Puhdas+","article_publisher":"https:\/\/www.facebook.com\/puhdasplus","article_modified_time":"2026-02-27T09:28:01+00:00","og_image":[{"width":1862,"height":2560,"url":"https:\/\/test.puhdasplus.ee\/wp-content\/uploads\/2025\/03\/158.jpg","type":"image\/jpeg"}],"twitter_card":"summary_large_image","twitter_misc":{"Est. reading time":"2 minut\u0117"},"schema":{"@context":"https:\/\/schema.org","@graph":[{"@type":"WebPage","@id":"https:\/\/test.puhdasplus.ee\/lt\/tooted\/eteriniai-aliejai\/jazminu-eterinis-aliejus-10-ml\/","url":"https:\/\/test.puhdasplus.ee\/lt\/tooted\/eteriniai-aliejai\/jazminu-eterinis-aliejus-10-ml\/","name":"Jazmin\u0173 eterinis aliejus 10 ml - Puhdas+","isPartOf":{"@id":"https:\/\/test.puhdasplus.ee\/lt\/#website"},"primaryImageOfPage":{"@id":"https:\/\/test.puhdasplus.ee\/lt\/tooted\/eteriniai-aliejai\/jazminu-eterinis-aliejus-10-ml\/#primaryimage"},"image":{"@id":"https:\/\/test.puhdasplus.ee\/lt\/tooted\/eteriniai-aliejai\/jazminu-eterinis-aliejus-10-ml\/#primaryimage"},"thumbnailUrl":"https:\/\/test.puhdasplus.ee\/wp-content\/uploads\/2025\/03\/158.jpg","datePublished":"2025-01-16T17:07:43+00:00","dateModified":"2026-02-27T09:28:01+00:00","description":"Jazmin\u0173 eterinis aliejus (10 ml) yra 10 % tirpalas saul\u0117gr\u0105\u017e\u0173 aliejuje, kur\u012f galima naudoti \u012fvairiai: aromaterapijoje, masa\u017ee ir nam\u0173 aplinkoje.","breadcrumb":{"@id":"https:\/\/test.puhdasplus.ee\/lt\/tooted\/eteriniai-aliejai\/jazminu-eterinis-aliejus-10-ml\/#breadcrumb"},"inLanguage":"lt-LT","potentialAction":[{"@type":"ReadAction","target":["https:\/\/test.puhdasplus.ee\/lt\/tooted\/eteriniai-aliejai\/jazminu-eterinis-aliejus-10-ml\/"]}]},{"@type":"ImageObject","inLanguage":"lt-LT","@id":"https:\/\/test.puhdasplus.ee\/lt\/tooted\/eteriniai-aliejai\/jazminu-eterinis-aliejus-10-ml\/#primaryimage","url":"https:\/\/test.puhdasplus.ee\/wp-content\/uploads\/2025\/03\/158.jpg","contentUrl":"https:\/\/test.puhdasplus.ee\/wp-content\/uploads\/2025\/03\/158.jpg","width":1862,"height":2560,"caption":"Jazmin\u0173 eterinis aliejus 10 ml"},{"@type":"BreadcrumbList","@id":"https:\/\/test.puhdasplus.ee\/lt\/tooted\/eteriniai-aliejai\/jazminu-eterinis-aliejus-10-ml\/#breadcrumb","itemListElement":[{"@type":"ListItem","position":1,"name":"Prad\u017eia","item":"https:\/\/test.puhdasplus.ee\/lt\/"},{"@type":"ListItem","position":2,"name":"Produktai","item":"https:\/\/test.puhdasplus.ee\/lt\/parduotuve\/"},{"@type":"ListItem","position":3,"name":"Jazmin\u0173 eterinis aliejus 10 ml"}]},{"@type":"WebSite","@id":"https:\/\/test.puhdasplus.ee\/lt\/#website","url":"https:\/\/test.puhdasplus.ee\/lt\/","name":"Puhdas+","description":"Vitamiinid, Toidulisandid, looduskosmeetika, tervis, sport","publisher":{"@id":"https:\/\/test.puhdasplus.ee\/lt\/#organization"},"potentialAction":[{"@type":"SearchAction","target":{"@type":"EntryPoint","urlTemplate":"https:\/\/test.puhdasplus.ee\/lt\/?s={search_term_string}"},"query-input":{"@type":"PropertyValueSpecification","valueRequired":true,"valueName":"search_term_string"}}],"inLanguage":"lt-LT"},{"@type":"Organization","@id":"https:\/\/test.puhdasplus.ee\/lt\/#organization","name":"Puhdas+","alternateName":"Puhdasplus","url":"https:\/\/test.puhdasplus.ee\/lt\/","logo":{"@type":"ImageObject","inLanguage":"lt-LT","@id":"https:\/\/test.puhdasplus.ee\/lt\/#\/schema\/logo\/image\/","url":"https:\/\/test.puhdasplus.ee\/\/wp-content\/uploads\/2019\/10\/puhdas_logo-arvele.png","contentUrl":"https:\/\/test.puhdasplus.ee\/\/wp-content\/uploads\/2019\/10\/puhdas_logo-arvele.png","width":114,"height":94,"caption":"Puhdas+"},"image":{"@id":"https:\/\/test.puhdasplus.ee\/lt\/#\/schema\/logo\/image\/"},"sameAs":["https:\/\/www.facebook.com\/puhdasplus","https:\/\/www.instagram.com\/puhdasplus_ee\/"]}]}},"_links":{"self":[{"href":"https:\/\/test.puhdasplus.ee\/lt\/wp-json\/wp\/v2\/product\/33017","targetHints":{"allow":["GET"]}}],"collection":[{"href":"https:\/\/test.puhdasplus.ee\/lt\/wp-json\/wp\/v2\/product"}],"about":[{"href":"https:\/\/test.puhdasplus.ee\/lt\/wp-json\/wp\/v2\/types\/product"}],"replies":[{"embeddable":true,"href":"https:\/\/test.puhdasplus.ee\/lt\/wp-json\/wp\/v2\/comments?post=33017"}],"wp:featuredmedia":[{"embeddable":true,"href":"https:\/\/test.puhdasplus.ee\/lt\/wp-json\/wp\/v2\/media\/33020"}],"wp:attachment":[{"href":"https:\/\/test.puhdasplus.ee\/lt\/wp-json\/wp\/v2\/media?parent=33017"}],"wp:term":[{"taxonomy":"product_brand","embeddable":true,"href":"https:\/\/test.puhdasplus.ee\/lt\/wp-json\/wp\/v2\/product_brand?post=33017"},{"taxonomy":"product_cat","embeddable":true,"href":"https:\/\/test.puhdasplus.ee\/lt\/wp-json\/wp\/v2\/product_cat?post=33017"},{"taxonomy":"product_tag","embeddable":true,"href":"https:\/\/test.puhdasplus.ee\/lt\/wp-json\/wp\/v2\/product_tag?post=33017"}],"curies":[{"name":"wp","href":"https:\/\/api.w.org\/{rel}","templated":true}]}}