{"id":33014,"date":"2025-01-16T19:13:35","date_gmt":"2025-01-16T17:13:35","guid":{"rendered":"https:\/\/test.puhdasplus.ee\/\/tooted\/be-kategorijos\/greipfrutu-eterinis-aliejus-10-ml\/"},"modified":"2026-02-27T11:27:50","modified_gmt":"2026-02-27T09:27:50","slug":"greipfrutu-eterinis-aliejus-10-ml","status":"publish","type":"product","link":"https:\/\/test.puhdasplus.ee\/lt\/tooted\/eteriniai-aliejai\/greipfrutu-eterinis-aliejus-10-ml\/","title":{"rendered":"Greipfrut\u0173 eterinis aliejus 10 ml"},"content":{"rendered":"<h3 data-start=\"504\" data-end=\"973\">Nat\u016bralus gaivumas ir nuotaikos gerintojas<\/h3>\n<p data-start=\"504\" data-end=\"973\">Greipfrut\u0173 eterinis aliejus yra 100 % grynas nat\u016bralus aliejus, i\u0161gaunamas i\u0161 greipfruto (Citrus paradisi) \u017eievel\u0117s. Jo gaivus, citrusinis aromatas padeda pagerinti susikaupim\u0105, pakelti nuotaik\u0105 ir palaikyti organizmo valymo procesus. <\/p>\n<p data-start=\"504\" data-end=\"973\">Greipfrut\u0173 eterinis aliejus i\u0161gaunamas i\u0161 kruop\u0161\u010diai atrinkt\u0173 greipfrut\u0173 \u017eieveli\u0173, u\u017etikrinant auk\u0161t\u0105 kokyb\u0119 ir veiksmingum\u0105. Gaivus ir citrusinis \u0161io aliejaus kvapas padeda pagerinti koncentracij\u0105, pakelti nuotaik\u0105 ir palaikyti organizmo valymo procesus. Greipfrut\u0173 eterinis aliejus yra \u017einomas d\u0117l savo tonizuojan\u010di\u0173 ir gaivinan\u010di\u0173 savybi\u0173, padedan\u010di\u0173 ma\u017einti nuovarg\u012f ir stres\u0105. Aliej\u0173 galima naudoti aromatin\u0117se lempose, difuzoriuose, pirtyje arba praskiest\u0105 kaip masa\u017eo aliej\u0173.   <\/p>\n<p data-start=\"975\" data-end=\"996\"><strong data-start=\"975\" data-end=\"996\">Pagrindiniai privalumai:<\/strong><\/p>\n<ul data-start=\"997\" data-end=\"1509\">\n<li data-start=\"997\" data-end=\"1101\"><strong data-start=\"999\" data-end=\"1045\">Nuotaikos gerinimas ir streso ma\u017einimas:<\/strong> gaivus aromatas padeda pagerinti nuotaik\u0105 ir suma\u017einti stres\u0105.<\/li>\n<li data-start=\"1102\" data-end=\"1209\"><strong data-start=\"1104\" data-end=\"1137\">Gerina koncentracij\u0105:<\/strong> stimuliuojantis kvapas padeda padidinti protin\u012f ai\u0161kum\u0105 ir susikaupim\u0105.<\/li>\n<li data-start=\"1210\" data-end=\"1312\"><strong data-start=\"1212\" data-end=\"1233\">K\u016bno valymas:<\/strong> Palaiko nat\u016bralius organizmo valymo procesus ir padeda suma\u017einti skys\u010di\u0173 susilaikym\u0105.<\/li>\n<li data-start=\"1313\" data-end=\"1423\"><strong data-start=\"1315\" data-end=\"1339\">Universalus naudojimas:<\/strong> tinka aromaterapijai, pir\u010diai, nam\u0173 oro gaivikliui ir masa\u017eui.<\/li>\n<li data-start=\"1424\" data-end=\"1509\"><strong data-start=\"1426\" data-end=\"1454\">100 % grynas ir nat\u016bralus:<\/strong> Be sintetini\u0173 pried\u0173 ar konservant\u0173.<\/li>\n<\/ul>\n<p data-start=\"1511\" data-end=\"1553\"><strong data-start=\"1511\" data-end=\"1527\">Sud\u0117tis:<\/strong> Citrus Paradisi \u017eieveli\u0173 aliejus.<\/p>\n<p data-start=\"1555\" data-end=\"1575\"><strong data-start=\"1555\" data-end=\"1575\">Naudojimo instrukcijos:<\/strong><\/p>\n<ul data-start=\"1576\" data-end=\"2238\">\n<li data-start=\"1576\" data-end=\"1680\"><strong data-start=\"1578\" data-end=\"1587\">Pirtis:<\/strong> \u012ela\u0161inkite 1\u20133 la\u0161us eterinio aliejaus \u012f garin\u012f vanden\u012f, kad sukurtum\u0117te gaivinant\u012f ir pakyl\u0117jant\u012f pirties potyr\u012f.<\/li>\n<li data-start=\"1681\" data-end=\"1841\"><strong data-start=\"1683\" data-end=\"1701\">Pur\u0161kimo buteliukas:<\/strong> \u012ela\u0161inkite kelis la\u0161us aliejaus \u012f pur\u0161kimo buteliuk\u0105, pripildyt\u0105 vandens, ir apipurk\u0161kite kambario or\u0105 arba nam\u0173 tekstil\u0119, kad oras b\u016bt\u0173 gaivesnis ir sukurtum\u0117te malon\u0173 aromat\u0105.<\/li>\n<li data-start=\"1842\" data-end=\"1976\"><strong data-start=\"1844\" data-end=\"1853\">Vonia:<\/strong> sumai\u0161ykite 3\u20135 la\u0161us eterinio aliejaus su medumi arba skystu muilu ir \u012fla\u0161inkite \u012f vonios vanden\u012f, kad vonia b\u016bt\u0173 atpalaiduojanti ir gaivinanti.<\/li>\n<li data-start=\"1977\" data-end=\"2106\"><strong data-start=\"1979\" data-end=\"1998\">Aromaterapija:<\/strong> \u012e difuzori\u0173 \u012fla\u0161inkite 3\u20137 la\u0161us eterinio aliejaus, kad kambaryje paskleistum\u0117te malon\u0173 aromat\u0105 ir sukurtum\u0117te raminan\u010di\u0105 atmosfer\u0105.<\/li>\n<li data-start=\"2107\" data-end=\"2238\"><strong data-start=\"2109\" data-end=\"2124\">Aromatin\u0117 lempa:<\/strong> \u012e vandeniu pripildyt\u0105 aromatin\u0119 lemp\u0105 \u012fla\u0161inkite 3\u20137 la\u0161us eterinio aliejaus ir u\u017edekite \u017evak\u0119, kad kambaryje pasklist\u0173 malonus kvapas.<\/li>\n<\/ul>\n<p data-start=\"2240\" data-end=\"2713\"><strong data-start=\"2240\" data-end=\"2258\">Saugos instrukcijos:<\/strong> Tik i\u0161oriniam naudojimui. Netepkite neskiesto aliejaus tiesiai ant odos. Venkite patekimo \u012f akis ir ant gleivini\u0173.   Laikyti vaikams nepasiekiamoje vietoje. Greipfrut\u0173 eterinis aliejus gali padidinti odos jautrum\u0105 saul\u0117s \u0161viesai (fototoksi\u0161kumas); panaudoj\u0119 aliej\u0173 ant odos, bent 12 valand\u0173 venkite tiesiogini\u0173 saul\u0117s spinduli\u0173. N\u0117\u0161\u010dios moterys, maitinan\u010dios motinos, vaikai, pagyven\u0119 \u017emon\u0117s ir \u017emon\u0117s, sergantys l\u0117tin\u0117mis ligomis, prie\u0161 vartojim\u0105 tur\u0117t\u0173 pasitarti su sveikatos prie\u017ei\u016bros specialistu.<\/p>\n","protected":false},"excerpt":{"rendered":"<p>100 % grynas greipfrut\u0173 eterinis aliejus, pasi\u017eymintis gaiviu ir citrusiniu aromatu, universaliu panaudojimu aromaterapijoje, pirtyse ir namuose.<\/p>\n","protected":false},"featured_media":33016,"comment_status":"closed","ping_status":"closed","template":"","meta":{"_acf_changed":false},"product_brand":[],"product_cat":[2752],"product_tag":[2754,2757,2758,2759,2755,2756,2753],"class_list":{"0":"post-33014","1":"product","2":"type-product","3":"status-publish","4":"has-post-thumbnail","6":"product_cat-eteriniai-aliejai","7":"product_tag-aromaterapija","8":"product_tag-gerinant-koncentracija","9":"product_tag-greipfrutu-eterinis-aliejus","10":"product_tag-naturalus-oro-gaiviklis-lt","11":"product_tag-naturalus-oro-gaiviklis","12":"product_tag-nuotaikos-pakilimas","13":"product_tag-streso-mazinimas","15":"first","16":"onbackorder","17":"taxable","18":"shipping-taxable","19":"purchasable","20":"product-type-simple"},"acf":[],"yoast_head":"<!-- This site is optimized with the Yoast SEO plugin v27.1.1 - https:\/\/yoast.com\/product\/yoast-seo-wordpress\/ -->\n<title>Greipfrut\u0173 eterinis aliejus 10 ml - Puhdas+<\/title>\n<meta name=\"description\" content=\"Greipfrut\u0173 eterinis aliejus 10 ml yra 100 % grynas nat\u016bralus aliejus, kur\u012f galima naudoti \u012fvairiai aromaterapijoje, pirtyse ir namuose.\" \/>\n<meta name=\"robots\" content=\"noindex, follow, max-snippet:-1, max-image-preview:large, max-video-preview:-1\" \/>\n<meta property=\"og:locale\" content=\"lt_LT\" \/>\n<meta property=\"og:type\" content=\"article\" \/>\n<meta property=\"og:title\" content=\"Greipfrut\u0173 eterinis aliejus 10 ml - Puhdas+\" \/>\n<meta property=\"og:description\" content=\"Greipfrut\u0173 eterinis aliejus 10 ml yra 100 % grynas nat\u016bralus aliejus, kur\u012f galima naudoti \u012fvairiai aromaterapijoje, pirtyse ir namuose.\" \/>\n<meta property=\"og:url\" content=\"https:\/\/test.puhdasplus.ee\/lt\/tooted\/eteriniai-aliejai\/greipfrutu-eterinis-aliejus-10-ml\/\" \/>\n<meta property=\"og:site_name\" content=\"Puhdas+\" \/>\n<meta property=\"article:publisher\" content=\"https:\/\/www.facebook.com\/puhdasplus\" \/>\n<meta property=\"article:modified_time\" content=\"2026-02-27T09:27:50+00:00\" \/>\n<meta property=\"og:image\" content=\"https:\/\/test.puhdasplus.ee\/wp-content\/uploads\/2025\/03\/157.jpg\" \/>\n\t<meta property=\"og:image:width\" content=\"1862\" \/>\n\t<meta property=\"og:image:height\" content=\"2560\" \/>\n\t<meta property=\"og:image:type\" content=\"image\/jpeg\" \/>\n<meta name=\"twitter:card\" content=\"summary_large_image\" \/>\n<meta name=\"twitter:label1\" content=\"Est. reading time\" \/>\n\t<meta name=\"twitter:data1\" content=\"2 minut\u0117\" \/>\n<script type=\"application\/ld+json\" class=\"yoast-schema-graph\">{\"@context\":\"https:\/\/schema.org\",\"@graph\":[{\"@type\":\"WebPage\",\"@id\":\"https:\/\/test.puhdasplus.ee\/lt\/tooted\/eteriniai-aliejai\/greipfrutu-eterinis-aliejus-10-ml\/\",\"url\":\"https:\/\/test.puhdasplus.ee\/lt\/tooted\/eteriniai-aliejai\/greipfrutu-eterinis-aliejus-10-ml\/\",\"name\":\"Greipfrut\u0173 eterinis aliejus 10 ml - Puhdas+\",\"isPartOf\":{\"@id\":\"https:\/\/test.puhdasplus.ee\/lt\/#website\"},\"primaryImageOfPage\":{\"@id\":\"https:\/\/test.puhdasplus.ee\/lt\/tooted\/eteriniai-aliejai\/greipfrutu-eterinis-aliejus-10-ml\/#primaryimage\"},\"image\":{\"@id\":\"https:\/\/test.puhdasplus.ee\/lt\/tooted\/eteriniai-aliejai\/greipfrutu-eterinis-aliejus-10-ml\/#primaryimage\"},\"thumbnailUrl\":\"https:\/\/test.puhdasplus.ee\/wp-content\/uploads\/2025\/03\/157.jpg\",\"datePublished\":\"2025-01-16T17:13:35+00:00\",\"dateModified\":\"2026-02-27T09:27:50+00:00\",\"description\":\"Greipfrut\u0173 eterinis aliejus 10 ml yra 100 % grynas nat\u016bralus aliejus, kur\u012f galima naudoti \u012fvairiai aromaterapijoje, pirtyse ir namuose.\",\"breadcrumb\":{\"@id\":\"https:\/\/test.puhdasplus.ee\/lt\/tooted\/eteriniai-aliejai\/greipfrutu-eterinis-aliejus-10-ml\/#breadcrumb\"},\"inLanguage\":\"lt-LT\",\"potentialAction\":[{\"@type\":\"ReadAction\",\"target\":[\"https:\/\/test.puhdasplus.ee\/lt\/tooted\/eteriniai-aliejai\/greipfrutu-eterinis-aliejus-10-ml\/\"]}]},{\"@type\":\"ImageObject\",\"inLanguage\":\"lt-LT\",\"@id\":\"https:\/\/test.puhdasplus.ee\/lt\/tooted\/eteriniai-aliejai\/greipfrutu-eterinis-aliejus-10-ml\/#primaryimage\",\"url\":\"https:\/\/test.puhdasplus.ee\/wp-content\/uploads\/2025\/03\/157.jpg\",\"contentUrl\":\"https:\/\/test.puhdasplus.ee\/wp-content\/uploads\/2025\/03\/157.jpg\",\"width\":1862,\"height\":2560,\"caption\":\"Greipfrut\u0173 eterinis aliejus 10 ml\"},{\"@type\":\"BreadcrumbList\",\"@id\":\"https:\/\/test.puhdasplus.ee\/lt\/tooted\/eteriniai-aliejai\/greipfrutu-eterinis-aliejus-10-ml\/#breadcrumb\",\"itemListElement\":[{\"@type\":\"ListItem\",\"position\":1,\"name\":\"Prad\u017eia\",\"item\":\"https:\/\/test.puhdasplus.ee\/lt\/\"},{\"@type\":\"ListItem\",\"position\":2,\"name\":\"Produktai\",\"item\":\"https:\/\/test.puhdasplus.ee\/lt\/parduotuve\/\"},{\"@type\":\"ListItem\",\"position\":3,\"name\":\"Greipfrut\u0173 eterinis aliejus 10 ml\"}]},{\"@type\":\"WebSite\",\"@id\":\"https:\/\/test.puhdasplus.ee\/lt\/#website\",\"url\":\"https:\/\/test.puhdasplus.ee\/lt\/\",\"name\":\"Puhdas+\",\"description\":\"Vitamiinid, Toidulisandid, looduskosmeetika, tervis, sport\",\"publisher\":{\"@id\":\"https:\/\/test.puhdasplus.ee\/lt\/#organization\"},\"potentialAction\":[{\"@type\":\"SearchAction\",\"target\":{\"@type\":\"EntryPoint\",\"urlTemplate\":\"https:\/\/test.puhdasplus.ee\/lt\/?s={search_term_string}\"},\"query-input\":{\"@type\":\"PropertyValueSpecification\",\"valueRequired\":true,\"valueName\":\"search_term_string\"}}],\"inLanguage\":\"lt-LT\"},{\"@type\":\"Organization\",\"@id\":\"https:\/\/test.puhdasplus.ee\/lt\/#organization\",\"name\":\"Puhdas+\",\"alternateName\":\"Puhdasplus\",\"url\":\"https:\/\/test.puhdasplus.ee\/lt\/\",\"logo\":{\"@type\":\"ImageObject\",\"inLanguage\":\"lt-LT\",\"@id\":\"https:\/\/test.puhdasplus.ee\/lt\/#\/schema\/logo\/image\/\",\"url\":\"https:\/\/test.puhdasplus.ee\/\/wp-content\/uploads\/2019\/10\/puhdas_logo-arvele.png\",\"contentUrl\":\"https:\/\/test.puhdasplus.ee\/\/wp-content\/uploads\/2019\/10\/puhdas_logo-arvele.png\",\"width\":114,\"height\":94,\"caption\":\"Puhdas+\"},\"image\":{\"@id\":\"https:\/\/test.puhdasplus.ee\/lt\/#\/schema\/logo\/image\/\"},\"sameAs\":[\"https:\/\/www.facebook.com\/puhdasplus\",\"https:\/\/www.instagram.com\/puhdasplus_ee\/\"]}]}<\/script>\n<!-- \/ Yoast SEO plugin. -->","yoast_head_json":{"title":"Greipfrut\u0173 eterinis aliejus 10 ml - Puhdas+","description":"Greipfrut\u0173 eterinis aliejus 10 ml yra 100 % grynas nat\u016bralus aliejus, kur\u012f galima naudoti \u012fvairiai aromaterapijoje, pirtyse ir namuose.","robots":{"index":"noindex","follow":"follow","max-snippet":"max-snippet:-1","max-image-preview":"max-image-preview:large","max-video-preview":"max-video-preview:-1"},"og_locale":"lt_LT","og_type":"article","og_title":"Greipfrut\u0173 eterinis aliejus 10 ml - Puhdas+","og_description":"Greipfrut\u0173 eterinis aliejus 10 ml yra 100 % grynas nat\u016bralus aliejus, kur\u012f galima naudoti \u012fvairiai aromaterapijoje, pirtyse ir namuose.","og_url":"https:\/\/test.puhdasplus.ee\/lt\/tooted\/eteriniai-aliejai\/greipfrutu-eterinis-aliejus-10-ml\/","og_site_name":"Puhdas+","article_publisher":"https:\/\/www.facebook.com\/puhdasplus","article_modified_time":"2026-02-27T09:27:50+00:00","og_image":[{"width":1862,"height":2560,"url":"https:\/\/test.puhdasplus.ee\/wp-content\/uploads\/2025\/03\/157.jpg","type":"image\/jpeg"}],"twitter_card":"summary_large_image","twitter_misc":{"Est. reading time":"2 minut\u0117"},"schema":{"@context":"https:\/\/schema.org","@graph":[{"@type":"WebPage","@id":"https:\/\/test.puhdasplus.ee\/lt\/tooted\/eteriniai-aliejai\/greipfrutu-eterinis-aliejus-10-ml\/","url":"https:\/\/test.puhdasplus.ee\/lt\/tooted\/eteriniai-aliejai\/greipfrutu-eterinis-aliejus-10-ml\/","name":"Greipfrut\u0173 eterinis aliejus 10 ml - Puhdas+","isPartOf":{"@id":"https:\/\/test.puhdasplus.ee\/lt\/#website"},"primaryImageOfPage":{"@id":"https:\/\/test.puhdasplus.ee\/lt\/tooted\/eteriniai-aliejai\/greipfrutu-eterinis-aliejus-10-ml\/#primaryimage"},"image":{"@id":"https:\/\/test.puhdasplus.ee\/lt\/tooted\/eteriniai-aliejai\/greipfrutu-eterinis-aliejus-10-ml\/#primaryimage"},"thumbnailUrl":"https:\/\/test.puhdasplus.ee\/wp-content\/uploads\/2025\/03\/157.jpg","datePublished":"2025-01-16T17:13:35+00:00","dateModified":"2026-02-27T09:27:50+00:00","description":"Greipfrut\u0173 eterinis aliejus 10 ml yra 100 % grynas nat\u016bralus aliejus, kur\u012f galima naudoti \u012fvairiai aromaterapijoje, pirtyse ir namuose.","breadcrumb":{"@id":"https:\/\/test.puhdasplus.ee\/lt\/tooted\/eteriniai-aliejai\/greipfrutu-eterinis-aliejus-10-ml\/#breadcrumb"},"inLanguage":"lt-LT","potentialAction":[{"@type":"ReadAction","target":["https:\/\/test.puhdasplus.ee\/lt\/tooted\/eteriniai-aliejai\/greipfrutu-eterinis-aliejus-10-ml\/"]}]},{"@type":"ImageObject","inLanguage":"lt-LT","@id":"https:\/\/test.puhdasplus.ee\/lt\/tooted\/eteriniai-aliejai\/greipfrutu-eterinis-aliejus-10-ml\/#primaryimage","url":"https:\/\/test.puhdasplus.ee\/wp-content\/uploads\/2025\/03\/157.jpg","contentUrl":"https:\/\/test.puhdasplus.ee\/wp-content\/uploads\/2025\/03\/157.jpg","width":1862,"height":2560,"caption":"Greipfrut\u0173 eterinis aliejus 10 ml"},{"@type":"BreadcrumbList","@id":"https:\/\/test.puhdasplus.ee\/lt\/tooted\/eteriniai-aliejai\/greipfrutu-eterinis-aliejus-10-ml\/#breadcrumb","itemListElement":[{"@type":"ListItem","position":1,"name":"Prad\u017eia","item":"https:\/\/test.puhdasplus.ee\/lt\/"},{"@type":"ListItem","position":2,"name":"Produktai","item":"https:\/\/test.puhdasplus.ee\/lt\/parduotuve\/"},{"@type":"ListItem","position":3,"name":"Greipfrut\u0173 eterinis aliejus 10 ml"}]},{"@type":"WebSite","@id":"https:\/\/test.puhdasplus.ee\/lt\/#website","url":"https:\/\/test.puhdasplus.ee\/lt\/","name":"Puhdas+","description":"Vitamiinid, Toidulisandid, looduskosmeetika, tervis, sport","publisher":{"@id":"https:\/\/test.puhdasplus.ee\/lt\/#organization"},"potentialAction":[{"@type":"SearchAction","target":{"@type":"EntryPoint","urlTemplate":"https:\/\/test.puhdasplus.ee\/lt\/?s={search_term_string}"},"query-input":{"@type":"PropertyValueSpecification","valueRequired":true,"valueName":"search_term_string"}}],"inLanguage":"lt-LT"},{"@type":"Organization","@id":"https:\/\/test.puhdasplus.ee\/lt\/#organization","name":"Puhdas+","alternateName":"Puhdasplus","url":"https:\/\/test.puhdasplus.ee\/lt\/","logo":{"@type":"ImageObject","inLanguage":"lt-LT","@id":"https:\/\/test.puhdasplus.ee\/lt\/#\/schema\/logo\/image\/","url":"https:\/\/test.puhdasplus.ee\/\/wp-content\/uploads\/2019\/10\/puhdas_logo-arvele.png","contentUrl":"https:\/\/test.puhdasplus.ee\/\/wp-content\/uploads\/2019\/10\/puhdas_logo-arvele.png","width":114,"height":94,"caption":"Puhdas+"},"image":{"@id":"https:\/\/test.puhdasplus.ee\/lt\/#\/schema\/logo\/image\/"},"sameAs":["https:\/\/www.facebook.com\/puhdasplus","https:\/\/www.instagram.com\/puhdasplus_ee\/"]}]}},"_links":{"self":[{"href":"https:\/\/test.puhdasplus.ee\/lt\/wp-json\/wp\/v2\/product\/33014","targetHints":{"allow":["GET"]}}],"collection":[{"href":"https:\/\/test.puhdasplus.ee\/lt\/wp-json\/wp\/v2\/product"}],"about":[{"href":"https:\/\/test.puhdasplus.ee\/lt\/wp-json\/wp\/v2\/types\/product"}],"replies":[{"embeddable":true,"href":"https:\/\/test.puhdasplus.ee\/lt\/wp-json\/wp\/v2\/comments?post=33014"}],"wp:featuredmedia":[{"embeddable":true,"href":"https:\/\/test.puhdasplus.ee\/lt\/wp-json\/wp\/v2\/media\/33016"}],"wp:attachment":[{"href":"https:\/\/test.puhdasplus.ee\/lt\/wp-json\/wp\/v2\/media?parent=33014"}],"wp:term":[{"taxonomy":"product_brand","embeddable":true,"href":"https:\/\/test.puhdasplus.ee\/lt\/wp-json\/wp\/v2\/product_brand?post=33014"},{"taxonomy":"product_cat","embeddable":true,"href":"https:\/\/test.puhdasplus.ee\/lt\/wp-json\/wp\/v2\/product_cat?post=33014"},{"taxonomy":"product_tag","embeddable":true,"href":"https:\/\/test.puhdasplus.ee\/lt\/wp-json\/wp\/v2\/product_tag?post=33014"}],"curies":[{"name":"wp","href":"https:\/\/api.w.org\/{rel}","templated":true}]}}