{"id":32990,"date":"2025-01-16T20:46:37","date_gmt":"2025-01-16T18:46:37","guid":{"rendered":"https:\/\/test.puhdasplus.ee\/\/tooted\/be-kategorijos\/revoliucinis-retinolio-eliksyras-30-ml\/"},"modified":"2026-02-23T20:14:31","modified_gmt":"2026-02-23T18:14:31","slug":"revoliucinis-retinolio-eliksyras-30-ml","status":"publish","type":"product","link":"https:\/\/test.puhdasplus.ee\/lt\/tooted\/kosmetika-lt\/revoliucinis-retinolio-eliksyras-30-ml\/","title":{"rendered":"Revoliucinis retinolio eliksyras 30 ml"},"content":{"rendered":"<p>\u201eRevolutionary Retinol Elixir\u201c \u2013 tai veiksmingas ir giliai dr\u0117kinantis veido eliksyras, kurio sud\u0117tyje yra retinolio \u2013 gerai \u017einomo sen\u0117jim\u0105 stabdan\u010dio ingrediento, kuris stimuliuoja kolageno gamyb\u0105, lygina rauk\u0161les ir suvienodina odos atspalv\u012f. \u0160is eliksyras padeda pagreitinti l\u0105steli\u0173 atsinaujinim\u0105, suma\u017einti smulkias rauk\u0161leles ir pagerinti odos tekst\u016br\u0105, tod\u0117l ji tampa skaistesn\u0117 ir jaunatvi\u0161kesn\u0117. Jame taip pat yra maitinam\u0173j\u0173 aliej\u0173 ir antioksidant\u0173, kurie u\u017etikrina gil\u0173 dr\u0117kinim\u0105 ir apsaug\u0105 nuo aplinkos agresori\u0173. Tinka brand\u017eiai, papilk\u0117jusiai ir nelygiai odai.   <\/p>\n<p data-start=\"694\" data-end=\"718\"><strong data-start=\"694\" data-end=\"716\">Naudojimo instrukcijos:<\/strong><\/p>\n<ol data-start=\"719\" data-end=\"1106\">\n<li data-start=\"719\" data-end=\"774\">Prie\u0161 naudodami eliksyr\u0105, nuvalykite ir nusausinkite od\u0105.<\/li>\n<li data-start=\"775\" data-end=\"871\">U\u017etepkite 2\u20133 la\u0161us eliksyro ant veido ir kaklo odos ir \u0161velniai \u012fmasa\u017euokite \u012f od\u0105, kol \u012fsigers.<\/li>\n<li data-start=\"872\" data-end=\"916\">Naudokite vakare prie\u0161 dr\u0117kinam\u0105j\u012f krem\u0105.<\/li>\n<li data-start=\"917\" data-end=\"1005\">Vartojant retinol\u012f, rekomenduojama dienos metu naudoti apsaugos nuo saul\u0117s priemones.<\/li>\n<li data-start=\"1006\" data-end=\"1106\">Jei j\u016bs\u0173 oda jautri, prad\u0117kite naudoti 2\u20133 kartus per savait\u0119 ir palaipsniui didinkite da\u017enum\u0105.<\/li>\n<\/ol>\n<p data-start=\"1108\" data-end=\"1219\"><strong data-start=\"1108\" data-end=\"1124\">Sudedamosios dalys:<\/strong><br data-start=\"1124\" data-end=\"1127\"> Retinolis, simondsij\u0173 aliejus, argano aliejus, er\u0161k\u0117tuogi\u0173 aliejus, hialurono r\u016bg\u0161tis, vitaminas E, nat\u016bral\u016bs ekstraktai.<\/p>\n","protected":false},"excerpt":{"rendered":"<p>Retinoliu praturtintas eliksyras, kuris lygina rauk\u0161les, gerina odos elastingum\u0105 ir suteikia jaunatvi\u0161k\u0105 \u0161vyt\u0117jim\u0105.<\/p>\n","protected":false},"featured_media":32993,"comment_status":"closed","ping_status":"closed","template":"","meta":{"_acf_changed":false},"product_brand":[],"product_cat":[2582],"product_tag":[2691,2577,2704,2584,2711,2706,2669,2709,2715,2717,2705,2713],"class_list":{"0":"post-32990","1":"product","2":"type-product","3":"status-publish","4":"has-post-thumbnail","6":"product_cat-kosmetika-lt","7":"product_tag-gilus-drekinimas","8":"product_tag-grynas-grozis","9":"product_tag-kolageno-stimuliacija","10":"product_tag-naturali-odos-prieziura","11":"product_tag-odos-atjauninimas","12":"product_tag-odos-tonuso-lygumas","13":"product_tag-rauksliu-prevencijos-priemone","14":"product_tag-retinolio-eliksyras","15":"product_tag-retinolis","16":"product_tag-retinolis-lt","17":"product_tag-senejima-stabdantis","18":"product_tag-stangrinamoji-prieziura","20":"first","21":"onbackorder","22":"taxable","23":"shipping-taxable","24":"purchasable","25":"product-type-simple"},"acf":[],"yoast_head":"<!-- This site is optimized with the Yoast SEO plugin v27.1.1 - https:\/\/yoast.com\/product\/yoast-seo-wordpress\/ -->\n<title>Revoliucinis retinolio eliksyras 30 ml - Puhdas+<\/title>\n<meta name=\"description\" content=\"Revoliucinis retinolio eliksyras \u2013 auk\u0161tos kokyb\u0117s retinolio serumas, tinkantis kasdienei odos prie\u017ei\u016brai. Gryna formul\u0117, vegani\u0161ka ir be pried\u0173.\" \/>\n<meta name=\"robots\" content=\"noindex, follow, max-snippet:-1, max-image-preview:large, max-video-preview:-1\" \/>\n<meta property=\"og:locale\" content=\"lt_LT\" \/>\n<meta property=\"og:type\" content=\"article\" \/>\n<meta property=\"og:title\" content=\"Revoliucinis retinolio eliksyras 30 ml - Puhdas+\" \/>\n<meta property=\"og:description\" content=\"Revoliucinis retinolio eliksyras \u2013 auk\u0161tos kokyb\u0117s retinolio serumas, tinkantis kasdienei odos prie\u017ei\u016brai. Gryna formul\u0117, vegani\u0161ka ir be pried\u0173.\" \/>\n<meta property=\"og:url\" content=\"https:\/\/test.puhdasplus.ee\/lt\/tooted\/kosmetika-lt\/revoliucinis-retinolio-eliksyras-30-ml\/\" \/>\n<meta property=\"og:site_name\" content=\"Puhdas+\" \/>\n<meta property=\"article:publisher\" content=\"https:\/\/www.facebook.com\/puhdasplus\" \/>\n<meta property=\"article:modified_time\" content=\"2026-02-23T18:14:31+00:00\" \/>\n<meta property=\"og:image\" content=\"https:\/\/test.puhdasplus.ee\/wp-content\/uploads\/2025\/03\/139.jpg\" \/>\n\t<meta property=\"og:image:width\" content=\"1862\" \/>\n\t<meta property=\"og:image:height\" content=\"2560\" \/>\n\t<meta property=\"og:image:type\" content=\"image\/jpeg\" \/>\n<meta name=\"twitter:card\" content=\"summary_large_image\" \/>\n<meta name=\"twitter:label1\" content=\"Est. reading time\" \/>\n\t<meta name=\"twitter:data1\" content=\"1 minut\u0117\" \/>\n<script type=\"application\/ld+json\" class=\"yoast-schema-graph\">{\"@context\":\"https:\/\/schema.org\",\"@graph\":[{\"@type\":\"WebPage\",\"@id\":\"https:\/\/test.puhdasplus.ee\/lt\/tooted\/kosmetika-lt\/revoliucinis-retinolio-eliksyras-30-ml\/\",\"url\":\"https:\/\/test.puhdasplus.ee\/lt\/tooted\/kosmetika-lt\/revoliucinis-retinolio-eliksyras-30-ml\/\",\"name\":\"Revoliucinis retinolio eliksyras 30 ml - Puhdas+\",\"isPartOf\":{\"@id\":\"https:\/\/test.puhdasplus.ee\/lt\/#website\"},\"primaryImageOfPage\":{\"@id\":\"https:\/\/test.puhdasplus.ee\/lt\/tooted\/kosmetika-lt\/revoliucinis-retinolio-eliksyras-30-ml\/#primaryimage\"},\"image\":{\"@id\":\"https:\/\/test.puhdasplus.ee\/lt\/tooted\/kosmetika-lt\/revoliucinis-retinolio-eliksyras-30-ml\/#primaryimage\"},\"thumbnailUrl\":\"https:\/\/test.puhdasplus.ee\/wp-content\/uploads\/2025\/03\/139.jpg\",\"datePublished\":\"2025-01-16T18:46:37+00:00\",\"dateModified\":\"2026-02-23T18:14:31+00:00\",\"description\":\"Revoliucinis retinolio eliksyras \u2013 auk\u0161tos kokyb\u0117s retinolio serumas, tinkantis kasdienei odos prie\u017ei\u016brai. Gryna formul\u0117, vegani\u0161ka ir be pried\u0173.\",\"breadcrumb\":{\"@id\":\"https:\/\/test.puhdasplus.ee\/lt\/tooted\/kosmetika-lt\/revoliucinis-retinolio-eliksyras-30-ml\/#breadcrumb\"},\"inLanguage\":\"lt-LT\",\"potentialAction\":[{\"@type\":\"ReadAction\",\"target\":[\"https:\/\/test.puhdasplus.ee\/lt\/tooted\/kosmetika-lt\/revoliucinis-retinolio-eliksyras-30-ml\/\"]}]},{\"@type\":\"ImageObject\",\"inLanguage\":\"lt-LT\",\"@id\":\"https:\/\/test.puhdasplus.ee\/lt\/tooted\/kosmetika-lt\/revoliucinis-retinolio-eliksyras-30-ml\/#primaryimage\",\"url\":\"https:\/\/test.puhdasplus.ee\/wp-content\/uploads\/2025\/03\/139.jpg\",\"contentUrl\":\"https:\/\/test.puhdasplus.ee\/wp-content\/uploads\/2025\/03\/139.jpg\",\"width\":1862,\"height\":2560,\"caption\":\"Revolutionary Retinol eliksyras\"},{\"@type\":\"BreadcrumbList\",\"@id\":\"https:\/\/test.puhdasplus.ee\/lt\/tooted\/kosmetika-lt\/revoliucinis-retinolio-eliksyras-30-ml\/#breadcrumb\",\"itemListElement\":[{\"@type\":\"ListItem\",\"position\":1,\"name\":\"Prad\u017eia\",\"item\":\"https:\/\/test.puhdasplus.ee\/lt\/\"},{\"@type\":\"ListItem\",\"position\":2,\"name\":\"Produktai\",\"item\":\"https:\/\/test.puhdasplus.ee\/lt\/parduotuve\/\"},{\"@type\":\"ListItem\",\"position\":3,\"name\":\"Revoliucinis retinolio eliksyras 30 ml\"}]},{\"@type\":\"WebSite\",\"@id\":\"https:\/\/test.puhdasplus.ee\/lt\/#website\",\"url\":\"https:\/\/test.puhdasplus.ee\/lt\/\",\"name\":\"Puhdas+\",\"description\":\"Vitamiinid, Toidulisandid, looduskosmeetika, tervis, sport\",\"publisher\":{\"@id\":\"https:\/\/test.puhdasplus.ee\/lt\/#organization\"},\"potentialAction\":[{\"@type\":\"SearchAction\",\"target\":{\"@type\":\"EntryPoint\",\"urlTemplate\":\"https:\/\/test.puhdasplus.ee\/lt\/?s={search_term_string}\"},\"query-input\":{\"@type\":\"PropertyValueSpecification\",\"valueRequired\":true,\"valueName\":\"search_term_string\"}}],\"inLanguage\":\"lt-LT\"},{\"@type\":\"Organization\",\"@id\":\"https:\/\/test.puhdasplus.ee\/lt\/#organization\",\"name\":\"Puhdas+\",\"alternateName\":\"Puhdasplus\",\"url\":\"https:\/\/test.puhdasplus.ee\/lt\/\",\"logo\":{\"@type\":\"ImageObject\",\"inLanguage\":\"lt-LT\",\"@id\":\"https:\/\/test.puhdasplus.ee\/lt\/#\/schema\/logo\/image\/\",\"url\":\"https:\/\/test.puhdasplus.ee\/\/wp-content\/uploads\/2019\/10\/puhdas_logo-arvele.png\",\"contentUrl\":\"https:\/\/test.puhdasplus.ee\/\/wp-content\/uploads\/2019\/10\/puhdas_logo-arvele.png\",\"width\":114,\"height\":94,\"caption\":\"Puhdas+\"},\"image\":{\"@id\":\"https:\/\/test.puhdasplus.ee\/lt\/#\/schema\/logo\/image\/\"},\"sameAs\":[\"https:\/\/www.facebook.com\/puhdasplus\",\"https:\/\/www.instagram.com\/puhdasplus_ee\/\"]}]}<\/script>\n<!-- \/ Yoast SEO plugin. -->","yoast_head_json":{"title":"Revoliucinis retinolio eliksyras 30 ml - Puhdas+","description":"Revoliucinis retinolio eliksyras \u2013 auk\u0161tos kokyb\u0117s retinolio serumas, tinkantis kasdienei odos prie\u017ei\u016brai. Gryna formul\u0117, vegani\u0161ka ir be pried\u0173.","robots":{"index":"noindex","follow":"follow","max-snippet":"max-snippet:-1","max-image-preview":"max-image-preview:large","max-video-preview":"max-video-preview:-1"},"og_locale":"lt_LT","og_type":"article","og_title":"Revoliucinis retinolio eliksyras 30 ml - Puhdas+","og_description":"Revoliucinis retinolio eliksyras \u2013 auk\u0161tos kokyb\u0117s retinolio serumas, tinkantis kasdienei odos prie\u017ei\u016brai. Gryna formul\u0117, vegani\u0161ka ir be pried\u0173.","og_url":"https:\/\/test.puhdasplus.ee\/lt\/tooted\/kosmetika-lt\/revoliucinis-retinolio-eliksyras-30-ml\/","og_site_name":"Puhdas+","article_publisher":"https:\/\/www.facebook.com\/puhdasplus","article_modified_time":"2026-02-23T18:14:31+00:00","og_image":[{"width":1862,"height":2560,"url":"https:\/\/test.puhdasplus.ee\/wp-content\/uploads\/2025\/03\/139.jpg","type":"image\/jpeg"}],"twitter_card":"summary_large_image","twitter_misc":{"Est. reading time":"1 minut\u0117"},"schema":{"@context":"https:\/\/schema.org","@graph":[{"@type":"WebPage","@id":"https:\/\/test.puhdasplus.ee\/lt\/tooted\/kosmetika-lt\/revoliucinis-retinolio-eliksyras-30-ml\/","url":"https:\/\/test.puhdasplus.ee\/lt\/tooted\/kosmetika-lt\/revoliucinis-retinolio-eliksyras-30-ml\/","name":"Revoliucinis retinolio eliksyras 30 ml - Puhdas+","isPartOf":{"@id":"https:\/\/test.puhdasplus.ee\/lt\/#website"},"primaryImageOfPage":{"@id":"https:\/\/test.puhdasplus.ee\/lt\/tooted\/kosmetika-lt\/revoliucinis-retinolio-eliksyras-30-ml\/#primaryimage"},"image":{"@id":"https:\/\/test.puhdasplus.ee\/lt\/tooted\/kosmetika-lt\/revoliucinis-retinolio-eliksyras-30-ml\/#primaryimage"},"thumbnailUrl":"https:\/\/test.puhdasplus.ee\/wp-content\/uploads\/2025\/03\/139.jpg","datePublished":"2025-01-16T18:46:37+00:00","dateModified":"2026-02-23T18:14:31+00:00","description":"Revoliucinis retinolio eliksyras \u2013 auk\u0161tos kokyb\u0117s retinolio serumas, tinkantis kasdienei odos prie\u017ei\u016brai. Gryna formul\u0117, vegani\u0161ka ir be pried\u0173.","breadcrumb":{"@id":"https:\/\/test.puhdasplus.ee\/lt\/tooted\/kosmetika-lt\/revoliucinis-retinolio-eliksyras-30-ml\/#breadcrumb"},"inLanguage":"lt-LT","potentialAction":[{"@type":"ReadAction","target":["https:\/\/test.puhdasplus.ee\/lt\/tooted\/kosmetika-lt\/revoliucinis-retinolio-eliksyras-30-ml\/"]}]},{"@type":"ImageObject","inLanguage":"lt-LT","@id":"https:\/\/test.puhdasplus.ee\/lt\/tooted\/kosmetika-lt\/revoliucinis-retinolio-eliksyras-30-ml\/#primaryimage","url":"https:\/\/test.puhdasplus.ee\/wp-content\/uploads\/2025\/03\/139.jpg","contentUrl":"https:\/\/test.puhdasplus.ee\/wp-content\/uploads\/2025\/03\/139.jpg","width":1862,"height":2560,"caption":"Revolutionary Retinol eliksyras"},{"@type":"BreadcrumbList","@id":"https:\/\/test.puhdasplus.ee\/lt\/tooted\/kosmetika-lt\/revoliucinis-retinolio-eliksyras-30-ml\/#breadcrumb","itemListElement":[{"@type":"ListItem","position":1,"name":"Prad\u017eia","item":"https:\/\/test.puhdasplus.ee\/lt\/"},{"@type":"ListItem","position":2,"name":"Produktai","item":"https:\/\/test.puhdasplus.ee\/lt\/parduotuve\/"},{"@type":"ListItem","position":3,"name":"Revoliucinis retinolio eliksyras 30 ml"}]},{"@type":"WebSite","@id":"https:\/\/test.puhdasplus.ee\/lt\/#website","url":"https:\/\/test.puhdasplus.ee\/lt\/","name":"Puhdas+","description":"Vitamiinid, Toidulisandid, looduskosmeetika, tervis, sport","publisher":{"@id":"https:\/\/test.puhdasplus.ee\/lt\/#organization"},"potentialAction":[{"@type":"SearchAction","target":{"@type":"EntryPoint","urlTemplate":"https:\/\/test.puhdasplus.ee\/lt\/?s={search_term_string}"},"query-input":{"@type":"PropertyValueSpecification","valueRequired":true,"valueName":"search_term_string"}}],"inLanguage":"lt-LT"},{"@type":"Organization","@id":"https:\/\/test.puhdasplus.ee\/lt\/#organization","name":"Puhdas+","alternateName":"Puhdasplus","url":"https:\/\/test.puhdasplus.ee\/lt\/","logo":{"@type":"ImageObject","inLanguage":"lt-LT","@id":"https:\/\/test.puhdasplus.ee\/lt\/#\/schema\/logo\/image\/","url":"https:\/\/test.puhdasplus.ee\/\/wp-content\/uploads\/2019\/10\/puhdas_logo-arvele.png","contentUrl":"https:\/\/test.puhdasplus.ee\/\/wp-content\/uploads\/2019\/10\/puhdas_logo-arvele.png","width":114,"height":94,"caption":"Puhdas+"},"image":{"@id":"https:\/\/test.puhdasplus.ee\/lt\/#\/schema\/logo\/image\/"},"sameAs":["https:\/\/www.facebook.com\/puhdasplus","https:\/\/www.instagram.com\/puhdasplus_ee\/"]}]}},"_links":{"self":[{"href":"https:\/\/test.puhdasplus.ee\/lt\/wp-json\/wp\/v2\/product\/32990","targetHints":{"allow":["GET"]}}],"collection":[{"href":"https:\/\/test.puhdasplus.ee\/lt\/wp-json\/wp\/v2\/product"}],"about":[{"href":"https:\/\/test.puhdasplus.ee\/lt\/wp-json\/wp\/v2\/types\/product"}],"replies":[{"embeddable":true,"href":"https:\/\/test.puhdasplus.ee\/lt\/wp-json\/wp\/v2\/comments?post=32990"}],"wp:featuredmedia":[{"embeddable":true,"href":"https:\/\/test.puhdasplus.ee\/lt\/wp-json\/wp\/v2\/media\/32993"}],"wp:attachment":[{"href":"https:\/\/test.puhdasplus.ee\/lt\/wp-json\/wp\/v2\/media?parent=32990"}],"wp:term":[{"taxonomy":"product_brand","embeddable":true,"href":"https:\/\/test.puhdasplus.ee\/lt\/wp-json\/wp\/v2\/product_brand?post=32990"},{"taxonomy":"product_cat","embeddable":true,"href":"https:\/\/test.puhdasplus.ee\/lt\/wp-json\/wp\/v2\/product_cat?post=32990"},{"taxonomy":"product_tag","embeddable":true,"href":"https:\/\/test.puhdasplus.ee\/lt\/wp-json\/wp\/v2\/product_tag?post=32990"}],"curies":[{"name":"wp","href":"https:\/\/api.w.org\/{rel}","templated":true}]}}