{"id":32984,"date":"2025-01-17T10:48:52","date_gmt":"2025-01-17T08:48:52","guid":{"rendered":"https:\/\/test.puhdasplus.ee\/\/tooted\/be-kategorijos\/drekinamasis-ersketuogiu-aliejus-50-ml\/"},"modified":"2026-02-23T20:14:03","modified_gmt":"2026-02-23T18:14:03","slug":"drekinamasis-ersketuogiu-aliejus-50-ml","status":"publish","type":"product","link":"https:\/\/test.puhdasplus.ee\/lt\/tooted\/kosmetika-lt\/drekinamasis-ersketuogiu-aliejus-50-ml\/","title":{"rendered":"Dr\u0117kinamasis er\u0161k\u0117tuogi\u0173 aliejus 50 ml"},"content":{"rendered":"<p>Dr\u0117kinamasis er\u0161k\u0117tuogi\u0173 aliejus yra 100 % nat\u016bralus ir \u0161alto spaudimo gro\u017eio aliejus, kuris giliai maitina od\u0105, gerina jos elastingum\u0105 ir padeda suma\u017einti smulkias rauk\u0161leles bei am\u017eiaus d\u0117mes. Er\u0161k\u0117tuogi\u0173 aliejuje gausu nepakei\u010diam\u0173j\u0173 riebal\u0173 r\u016bg\u0161\u010di\u0173, vitamin\u0173 A ir C bei antioksidant\u0173, kurie palaiko nat\u016bral\u0173 odos atsinaujinim\u0105 ir atsistatym\u0105. Jis idealiai tinka sausai, brand\u017eiai ir jautriai odai, padeda palaikyti dr\u0117gm\u0117s balans\u0105 ir sveik\u0105 \u0161vyt\u0117jim\u0105. Be to, er\u0161k\u0117tuogi\u0173 aliejus puikiai tinka plauk\u0173 ir nag\u0173 prie\u017ei\u016brai, suteikia jiems gyvybingumo ir stiprumo.   <\/p>\n<h4 data-start=\"791\" data-end=\"820\"><strong data-start=\"796\" data-end=\"818\">Naudojimo instrukcijos:<\/strong><\/h4>\n<ol data-start=\"821\" data-end=\"1102\">\n<li data-start=\"821\" data-end=\"915\">U\u017etepkite kelis la\u0161us aliejaus ant \u0161varios, sausos odos ir \u0161velniai masa\u017euokite, kol \u012fsigers.<\/li>\n<li data-start=\"916\" data-end=\"974\">Tinka naudoti veidui, k\u016bnui ir plaukams.<\/li>\n<li data-start=\"975\" data-end=\"1041\">Naudokite ryte ir (arba) vakare kaip savo kasdien\u0117s odos prie\u017ei\u016bros rutinos dal\u012f.<\/li>\n<li data-start=\"1042\" data-end=\"1102\">Geriausiems rezultatams pasiekti naudokite reguliariai.<\/li>\n<\/ol>\n<h4 data-start=\"1104\" data-end=\"1127\"><strong data-start=\"1109\" data-end=\"1125\">Sud\u0117tis:<\/strong> 100 % grynas <strong data-start=\"1139\" data-end=\"1176\">er\u0161k\u0117tuogi\u0173 (Rosa Canina) s\u0117kl\u0173 aliejus<\/strong> .<\/h4>\n","protected":false},"excerpt":{"rendered":"<p>Nat\u016bralus ir giliai dr\u0117kinantis er\u0161k\u0117tuogi\u0173 aliejus, kuris maitina od\u0105, suvienodina veido spalv\u0105 ir skatina odos atsinaujinim\u0105.<\/p>\n","protected":false},"featured_media":32987,"comment_status":"closed","ping_status":"closed","template":"","meta":{"_acf_changed":false},"product_brand":[],"product_cat":[2582],"product_tag":[2567,2697,2700,2698,2691,2577,2690,2563,2584,2693,2668,2669,2566,2587,2694],"class_list":{"0":"post-32984","1":"product","2":"type-product","3":"status-publish","4":"has-post-thumbnail","6":"product_cat-kosmetika-lt","7":"product_tag-antioksidacine-prieziura","8":"product_tag-antioksidantinis-aliejus","9":"product_tag-drekinamasis-aliejus","10":"product_tag-ersketuogiu-aliejus","11":"product_tag-gilus-drekinimas","12":"product_tag-grynas-grozis","13":"product_tag-hialurono-rugstis","14":"product_tag-naturali-grozio-prieziura","15":"product_tag-naturali-odos-prieziura","16":"product_tag-odos-atnaujinimas","17":"product_tag-odos-elastingumas","18":"product_tag-rauksliu-prevencijos-priemone","19":"product_tag-sausai-ir-jautriai-odai","20":"product_tag-sveikas-svytejimas","21":"product_tag-vitaminas-c","23":"first","24":"onbackorder","25":"taxable","26":"shipping-taxable","27":"purchasable","28":"product-type-simple"},"acf":[],"yoast_head":"<!-- This site is optimized with the Yoast SEO plugin v27.1.1 - https:\/\/yoast.com\/product\/yoast-seo-wordpress\/ -->\n<title>Dr\u0117kinamasis er\u0161k\u0117tuogi\u0173 aliejus 50 ml - Puhdas+<\/title>\n<meta name=\"description\" content=\"Dr\u0117kinamasis er\u0161k\u0117tuogi\u0173 aliejus 50 ml yra 100 % nat\u016bralus ir giliai dr\u0117kinantis gro\u017eio aliejus, kuris atkuria, maitina ir suvienodina odos atspalv\u012f.\" \/>\n<meta name=\"robots\" content=\"noindex, follow, max-snippet:-1, max-image-preview:large, max-video-preview:-1\" \/>\n<meta property=\"og:locale\" content=\"lt_LT\" \/>\n<meta property=\"og:type\" content=\"article\" \/>\n<meta property=\"og:title\" content=\"Dr\u0117kinamasis er\u0161k\u0117tuogi\u0173 aliejus 50 ml - Puhdas+\" \/>\n<meta property=\"og:description\" content=\"Dr\u0117kinamasis er\u0161k\u0117tuogi\u0173 aliejus 50 ml yra 100 % nat\u016bralus ir giliai dr\u0117kinantis gro\u017eio aliejus, kuris atkuria, maitina ir suvienodina odos atspalv\u012f.\" \/>\n<meta property=\"og:url\" content=\"https:\/\/test.puhdasplus.ee\/lt\/tooted\/kosmetika-lt\/drekinamasis-ersketuogiu-aliejus-50-ml\/\" \/>\n<meta property=\"og:site_name\" content=\"Puhdas+\" \/>\n<meta property=\"article:publisher\" content=\"https:\/\/www.facebook.com\/puhdasplus\" \/>\n<meta property=\"article:modified_time\" content=\"2026-02-23T18:14:03+00:00\" \/>\n<meta property=\"og:image\" content=\"https:\/\/test.puhdasplus.ee\/wp-content\/uploads\/2025\/03\/135.jpg\" \/>\n\t<meta property=\"og:image:width\" content=\"1862\" \/>\n\t<meta property=\"og:image:height\" content=\"2560\" \/>\n\t<meta property=\"og:image:type\" content=\"image\/jpeg\" \/>\n<meta name=\"twitter:card\" content=\"summary_large_image\" \/>\n<meta name=\"twitter:label1\" content=\"Est. reading time\" \/>\n\t<meta name=\"twitter:data1\" content=\"1 minut\u0117\" \/>\n<script type=\"application\/ld+json\" class=\"yoast-schema-graph\">{\"@context\":\"https:\/\/schema.org\",\"@graph\":[{\"@type\":\"WebPage\",\"@id\":\"https:\/\/test.puhdasplus.ee\/lt\/tooted\/kosmetika-lt\/drekinamasis-ersketuogiu-aliejus-50-ml\/\",\"url\":\"https:\/\/test.puhdasplus.ee\/lt\/tooted\/kosmetika-lt\/drekinamasis-ersketuogiu-aliejus-50-ml\/\",\"name\":\"Dr\u0117kinamasis er\u0161k\u0117tuogi\u0173 aliejus 50 ml - Puhdas+\",\"isPartOf\":{\"@id\":\"https:\/\/test.puhdasplus.ee\/lt\/#website\"},\"primaryImageOfPage\":{\"@id\":\"https:\/\/test.puhdasplus.ee\/lt\/tooted\/kosmetika-lt\/drekinamasis-ersketuogiu-aliejus-50-ml\/#primaryimage\"},\"image\":{\"@id\":\"https:\/\/test.puhdasplus.ee\/lt\/tooted\/kosmetika-lt\/drekinamasis-ersketuogiu-aliejus-50-ml\/#primaryimage\"},\"thumbnailUrl\":\"https:\/\/test.puhdasplus.ee\/wp-content\/uploads\/2025\/03\/135.jpg\",\"datePublished\":\"2025-01-17T08:48:52+00:00\",\"dateModified\":\"2026-02-23T18:14:03+00:00\",\"description\":\"Dr\u0117kinamasis er\u0161k\u0117tuogi\u0173 aliejus 50 ml yra 100 % nat\u016bralus ir giliai dr\u0117kinantis gro\u017eio aliejus, kuris atkuria, maitina ir suvienodina odos atspalv\u012f.\",\"breadcrumb\":{\"@id\":\"https:\/\/test.puhdasplus.ee\/lt\/tooted\/kosmetika-lt\/drekinamasis-ersketuogiu-aliejus-50-ml\/#breadcrumb\"},\"inLanguage\":\"lt-LT\",\"potentialAction\":[{\"@type\":\"ReadAction\",\"target\":[\"https:\/\/test.puhdasplus.ee\/lt\/tooted\/kosmetika-lt\/drekinamasis-ersketuogiu-aliejus-50-ml\/\"]}]},{\"@type\":\"ImageObject\",\"inLanguage\":\"lt-LT\",\"@id\":\"https:\/\/test.puhdasplus.ee\/lt\/tooted\/kosmetika-lt\/drekinamasis-ersketuogiu-aliejus-50-ml\/#primaryimage\",\"url\":\"https:\/\/test.puhdasplus.ee\/wp-content\/uploads\/2025\/03\/135.jpg\",\"contentUrl\":\"https:\/\/test.puhdasplus.ee\/wp-content\/uploads\/2025\/03\/135.jpg\",\"width\":1862,\"height\":2560,\"caption\":\"Dr\u0117kinantis er\u0161k\u0117tuogi\u0173 aliejus\"},{\"@type\":\"BreadcrumbList\",\"@id\":\"https:\/\/test.puhdasplus.ee\/lt\/tooted\/kosmetika-lt\/drekinamasis-ersketuogiu-aliejus-50-ml\/#breadcrumb\",\"itemListElement\":[{\"@type\":\"ListItem\",\"position\":1,\"name\":\"Prad\u017eia\",\"item\":\"https:\/\/test.puhdasplus.ee\/lt\/\"},{\"@type\":\"ListItem\",\"position\":2,\"name\":\"Produktai\",\"item\":\"https:\/\/test.puhdasplus.ee\/lt\/parduotuve\/\"},{\"@type\":\"ListItem\",\"position\":3,\"name\":\"Dr\u0117kinamasis er\u0161k\u0117tuogi\u0173 aliejus 50 ml\"}]},{\"@type\":\"WebSite\",\"@id\":\"https:\/\/test.puhdasplus.ee\/lt\/#website\",\"url\":\"https:\/\/test.puhdasplus.ee\/lt\/\",\"name\":\"Puhdas+\",\"description\":\"Vitamiinid, Toidulisandid, looduskosmeetika, tervis, sport\",\"publisher\":{\"@id\":\"https:\/\/test.puhdasplus.ee\/lt\/#organization\"},\"potentialAction\":[{\"@type\":\"SearchAction\",\"target\":{\"@type\":\"EntryPoint\",\"urlTemplate\":\"https:\/\/test.puhdasplus.ee\/lt\/?s={search_term_string}\"},\"query-input\":{\"@type\":\"PropertyValueSpecification\",\"valueRequired\":true,\"valueName\":\"search_term_string\"}}],\"inLanguage\":\"lt-LT\"},{\"@type\":\"Organization\",\"@id\":\"https:\/\/test.puhdasplus.ee\/lt\/#organization\",\"name\":\"Puhdas+\",\"alternateName\":\"Puhdasplus\",\"url\":\"https:\/\/test.puhdasplus.ee\/lt\/\",\"logo\":{\"@type\":\"ImageObject\",\"inLanguage\":\"lt-LT\",\"@id\":\"https:\/\/test.puhdasplus.ee\/lt\/#\/schema\/logo\/image\/\",\"url\":\"https:\/\/test.puhdasplus.ee\/\/wp-content\/uploads\/2019\/10\/puhdas_logo-arvele.png\",\"contentUrl\":\"https:\/\/test.puhdasplus.ee\/\/wp-content\/uploads\/2019\/10\/puhdas_logo-arvele.png\",\"width\":114,\"height\":94,\"caption\":\"Puhdas+\"},\"image\":{\"@id\":\"https:\/\/test.puhdasplus.ee\/lt\/#\/schema\/logo\/image\/\"},\"sameAs\":[\"https:\/\/www.facebook.com\/puhdasplus\",\"https:\/\/www.instagram.com\/puhdasplus_ee\/\"]}]}<\/script>\n<!-- \/ Yoast SEO plugin. -->","yoast_head_json":{"title":"Dr\u0117kinamasis er\u0161k\u0117tuogi\u0173 aliejus 50 ml - Puhdas+","description":"Dr\u0117kinamasis er\u0161k\u0117tuogi\u0173 aliejus 50 ml yra 100 % nat\u016bralus ir giliai dr\u0117kinantis gro\u017eio aliejus, kuris atkuria, maitina ir suvienodina odos atspalv\u012f.","robots":{"index":"noindex","follow":"follow","max-snippet":"max-snippet:-1","max-image-preview":"max-image-preview:large","max-video-preview":"max-video-preview:-1"},"og_locale":"lt_LT","og_type":"article","og_title":"Dr\u0117kinamasis er\u0161k\u0117tuogi\u0173 aliejus 50 ml - Puhdas+","og_description":"Dr\u0117kinamasis er\u0161k\u0117tuogi\u0173 aliejus 50 ml yra 100 % nat\u016bralus ir giliai dr\u0117kinantis gro\u017eio aliejus, kuris atkuria, maitina ir suvienodina odos atspalv\u012f.","og_url":"https:\/\/test.puhdasplus.ee\/lt\/tooted\/kosmetika-lt\/drekinamasis-ersketuogiu-aliejus-50-ml\/","og_site_name":"Puhdas+","article_publisher":"https:\/\/www.facebook.com\/puhdasplus","article_modified_time":"2026-02-23T18:14:03+00:00","og_image":[{"width":1862,"height":2560,"url":"https:\/\/test.puhdasplus.ee\/wp-content\/uploads\/2025\/03\/135.jpg","type":"image\/jpeg"}],"twitter_card":"summary_large_image","twitter_misc":{"Est. reading time":"1 minut\u0117"},"schema":{"@context":"https:\/\/schema.org","@graph":[{"@type":"WebPage","@id":"https:\/\/test.puhdasplus.ee\/lt\/tooted\/kosmetika-lt\/drekinamasis-ersketuogiu-aliejus-50-ml\/","url":"https:\/\/test.puhdasplus.ee\/lt\/tooted\/kosmetika-lt\/drekinamasis-ersketuogiu-aliejus-50-ml\/","name":"Dr\u0117kinamasis er\u0161k\u0117tuogi\u0173 aliejus 50 ml - Puhdas+","isPartOf":{"@id":"https:\/\/test.puhdasplus.ee\/lt\/#website"},"primaryImageOfPage":{"@id":"https:\/\/test.puhdasplus.ee\/lt\/tooted\/kosmetika-lt\/drekinamasis-ersketuogiu-aliejus-50-ml\/#primaryimage"},"image":{"@id":"https:\/\/test.puhdasplus.ee\/lt\/tooted\/kosmetika-lt\/drekinamasis-ersketuogiu-aliejus-50-ml\/#primaryimage"},"thumbnailUrl":"https:\/\/test.puhdasplus.ee\/wp-content\/uploads\/2025\/03\/135.jpg","datePublished":"2025-01-17T08:48:52+00:00","dateModified":"2026-02-23T18:14:03+00:00","description":"Dr\u0117kinamasis er\u0161k\u0117tuogi\u0173 aliejus 50 ml yra 100 % nat\u016bralus ir giliai dr\u0117kinantis gro\u017eio aliejus, kuris atkuria, maitina ir suvienodina odos atspalv\u012f.","breadcrumb":{"@id":"https:\/\/test.puhdasplus.ee\/lt\/tooted\/kosmetika-lt\/drekinamasis-ersketuogiu-aliejus-50-ml\/#breadcrumb"},"inLanguage":"lt-LT","potentialAction":[{"@type":"ReadAction","target":["https:\/\/test.puhdasplus.ee\/lt\/tooted\/kosmetika-lt\/drekinamasis-ersketuogiu-aliejus-50-ml\/"]}]},{"@type":"ImageObject","inLanguage":"lt-LT","@id":"https:\/\/test.puhdasplus.ee\/lt\/tooted\/kosmetika-lt\/drekinamasis-ersketuogiu-aliejus-50-ml\/#primaryimage","url":"https:\/\/test.puhdasplus.ee\/wp-content\/uploads\/2025\/03\/135.jpg","contentUrl":"https:\/\/test.puhdasplus.ee\/wp-content\/uploads\/2025\/03\/135.jpg","width":1862,"height":2560,"caption":"Dr\u0117kinantis er\u0161k\u0117tuogi\u0173 aliejus"},{"@type":"BreadcrumbList","@id":"https:\/\/test.puhdasplus.ee\/lt\/tooted\/kosmetika-lt\/drekinamasis-ersketuogiu-aliejus-50-ml\/#breadcrumb","itemListElement":[{"@type":"ListItem","position":1,"name":"Prad\u017eia","item":"https:\/\/test.puhdasplus.ee\/lt\/"},{"@type":"ListItem","position":2,"name":"Produktai","item":"https:\/\/test.puhdasplus.ee\/lt\/parduotuve\/"},{"@type":"ListItem","position":3,"name":"Dr\u0117kinamasis er\u0161k\u0117tuogi\u0173 aliejus 50 ml"}]},{"@type":"WebSite","@id":"https:\/\/test.puhdasplus.ee\/lt\/#website","url":"https:\/\/test.puhdasplus.ee\/lt\/","name":"Puhdas+","description":"Vitamiinid, Toidulisandid, looduskosmeetika, tervis, sport","publisher":{"@id":"https:\/\/test.puhdasplus.ee\/lt\/#organization"},"potentialAction":[{"@type":"SearchAction","target":{"@type":"EntryPoint","urlTemplate":"https:\/\/test.puhdasplus.ee\/lt\/?s={search_term_string}"},"query-input":{"@type":"PropertyValueSpecification","valueRequired":true,"valueName":"search_term_string"}}],"inLanguage":"lt-LT"},{"@type":"Organization","@id":"https:\/\/test.puhdasplus.ee\/lt\/#organization","name":"Puhdas+","alternateName":"Puhdasplus","url":"https:\/\/test.puhdasplus.ee\/lt\/","logo":{"@type":"ImageObject","inLanguage":"lt-LT","@id":"https:\/\/test.puhdasplus.ee\/lt\/#\/schema\/logo\/image\/","url":"https:\/\/test.puhdasplus.ee\/\/wp-content\/uploads\/2019\/10\/puhdas_logo-arvele.png","contentUrl":"https:\/\/test.puhdasplus.ee\/\/wp-content\/uploads\/2019\/10\/puhdas_logo-arvele.png","width":114,"height":94,"caption":"Puhdas+"},"image":{"@id":"https:\/\/test.puhdasplus.ee\/lt\/#\/schema\/logo\/image\/"},"sameAs":["https:\/\/www.facebook.com\/puhdasplus","https:\/\/www.instagram.com\/puhdasplus_ee\/"]}]}},"_links":{"self":[{"href":"https:\/\/test.puhdasplus.ee\/lt\/wp-json\/wp\/v2\/product\/32984","targetHints":{"allow":["GET"]}}],"collection":[{"href":"https:\/\/test.puhdasplus.ee\/lt\/wp-json\/wp\/v2\/product"}],"about":[{"href":"https:\/\/test.puhdasplus.ee\/lt\/wp-json\/wp\/v2\/types\/product"}],"replies":[{"embeddable":true,"href":"https:\/\/test.puhdasplus.ee\/lt\/wp-json\/wp\/v2\/comments?post=32984"}],"wp:featuredmedia":[{"embeddable":true,"href":"https:\/\/test.puhdasplus.ee\/lt\/wp-json\/wp\/v2\/media\/32987"}],"wp:attachment":[{"href":"https:\/\/test.puhdasplus.ee\/lt\/wp-json\/wp\/v2\/media?parent=32984"}],"wp:term":[{"taxonomy":"product_brand","embeddable":true,"href":"https:\/\/test.puhdasplus.ee\/lt\/wp-json\/wp\/v2\/product_brand?post=32984"},{"taxonomy":"product_cat","embeddable":true,"href":"https:\/\/test.puhdasplus.ee\/lt\/wp-json\/wp\/v2\/product_cat?post=32984"},{"taxonomy":"product_tag","embeddable":true,"href":"https:\/\/test.puhdasplus.ee\/lt\/wp-json\/wp\/v2\/product_tag?post=32984"}],"curies":[{"name":"wp","href":"https:\/\/api.w.org\/{rel}","templated":true}]}}