{"id":32942,"date":"2025-01-17T10:56:36","date_gmt":"2025-01-17T08:56:36","guid":{"rendered":"https:\/\/test.puhdasplus.ee\/\/tooted\/be-kategorijos\/grozio-aliejus-jojobos-aliejus-50-ml\/"},"modified":"2026-02-23T20:13:52","modified_gmt":"2026-02-23T18:13:52","slug":"grozio-aliejus-jojobos-aliejus-50-ml","status":"publish","type":"product","link":"https:\/\/test.puhdasplus.ee\/lt\/tooted\/kosmetika-lt\/grozio-aliejus-jojobos-aliejus-50-ml\/","title":{"rendered":"Gro\u017eio aliejus Jojobos aliejus 50 ml"},"content":{"rendered":"<p>Gro\u017eio aliejus. Jojobos aliejus yra 100 % nat\u016bralus ir \u0161alto spaudimo aliejus, kuris giliai dr\u0117kina, atkuria nat\u016brali\u0105 odos pusiausvyr\u0105 ir apsaugo nuo i\u0161saus\u0117jimo. Jojobos aliejus yra \u017einomas d\u0117l savo <strong data-start=\"280\" data-end=\"306\">od\u0105 balansuojan\u010di\u0173<\/strong> , <strong data-start=\"308\" data-end=\"328\">prie\u0161u\u017edegimini\u0173<\/strong> ir <strong data-start=\"332\" data-end=\"353\">maitinan\u010di\u0173 savybi\u0173<\/strong> , tod\u0117l idealiai tinka tiek riebiai, tiek sausai odai. Aliejus greitai \u012fsigeria, neu\u017ekem\u0161a por\u0173 ir padeda reguliuoti odos riebal\u0173 i\u0161siskyrim\u0105. Be to, jis stiprina plaukus, maitina galvos od\u0105 ir apsaugo plaukus nuo dr\u0117gm\u0117s praradimo. Puikiai tinka kasdienei veido, k\u016bno, plauk\u0173 ir nag\u0173 prie\u017ei\u016brai.    <\/p>\n<h4 data-start=\"786\" data-end=\"815\"><strong data-start=\"791\" data-end=\"813\">Naudojimo instrukcijos:<\/strong><\/h4>\n<ol data-start=\"816\" data-end=\"1184\">\n<li data-start=\"816\" data-end=\"919\"><strong data-start=\"819\" data-end=\"839\">Veidui ir k\u016bnui:<\/strong> nedidel\u012f kiek\u012f aliejaus u\u017etepkite ant \u0161varios odos ir \u0161velniai masa\u017euokite, kol \u012fsigers.<\/li>\n<li data-start=\"920\" data-end=\"1012\"><strong data-start=\"923\" data-end=\"936\">Plaukams:<\/strong> \u012etrinkite kelis la\u0161us aliejaus \u012f plauk\u0173 galiukus, kad i\u0161vengtum\u0117te l\u016b\u017ein\u0117jimo ir i\u0161saus\u0117jimo.<\/li>\n<li data-start=\"1013\" data-end=\"1094\"><strong data-start=\"1016\" data-end=\"1030\">Galvos odai:<\/strong> \u012fmasa\u017euokite aliej\u0173 \u012f galvos od\u0105, kad suma\u017eintum\u0117te pleiskanojim\u0105 ir nie\u017eul\u012f.<\/li>\n<li data-start=\"1095\" data-end=\"1184\"><strong data-start=\"1098\" data-end=\"1111\">Nagams:<\/strong> Tepkite odeles ir nagus aliejumi, kad juos sustiprintum\u0117te ir sudr\u0117kintum\u0117te.<\/li>\n<\/ol>\n<h4 data-start=\"1186\" data-end=\"1229\"><strong data-start=\"1191\" data-end=\"1227\">Sudedamosios dalys ir j\u0173 nauda:<\/strong><\/h4>\n<ul data-start=\"1230\" data-end=\"1620\">\n<li data-start=\"1230\" data-end=\"1377\"><strong data-start=\"1232\" data-end=\"1286\">100 % grynas simondsij\u0173 (Simmondsia Chinensis) s\u0117kl\u0173 aliejus<\/strong> \u2013 imituoja nat\u016bral\u0173 odos riebal\u0173 i\u0161siskyrim\u0105, giliai dr\u0117kina ir padeda subalansuoti riebal\u0173 i\u0161siskyrim\u0105.<\/li>\n<li data-start=\"1378\" data-end=\"1501\"><strong data-start=\"1380\" data-end=\"1394\">Vitaminas E<\/strong> \u2013 nat\u016bralus antioksidantas, apsaugantis od\u0105 nuo aplinkos poveikio, i\u0161laikantis jos jaunatvi\u0161k\u0105 ir elasting\u0105 i\u0161vaizd\u0105.<\/li>\n<li data-start=\"1502\" data-end=\"1620\"><strong data-start=\"1504\" data-end=\"1530\">Esmin\u0117s riebal\u0173 r\u016bg\u0161tys<\/strong> \u2013 padeda palaikyti nat\u016brali\u0105 odos dr\u0117gm\u0117s pusiausvyr\u0105 ir stiprina jos apsaugin\u012f barjer\u0105.<\/li>\n<\/ul>\n","protected":false},"excerpt":{"rendered":"<p>Nat\u016bralus simondsij\u0173 aliejus dr\u0117kina, balansuoja riebal\u0173 i\u0161siskyrim\u0105 ir apsaugo od\u0105 nuo i\u0161saus\u0117jimo.<\/p>\n","protected":false},"featured_media":32944,"comment_status":"closed","ping_status":"closed","template":"","meta":{"_acf_changed":false},"product_brand":[],"product_cat":[2582],"product_tag":[2567,2577,2575,2563,2571,2620,2562,2618,2619,2617,2561],"class_list":{"0":"post-32942","1":"product","2":"type-product","3":"status-publish","4":"has-post-thumbnail","6":"product_cat-kosmetika-lt","7":"product_tag-antioksidacine-prieziura","8":"product_tag-grynas-grozis","9":"product_tag-nagu-prieziura","10":"product_tag-naturali-grozio-prieziura","11":"product_tag-naturalus-drekiklis","12":"product_tag-odos-regeneruojantis-aliejus","13":"product_tag-plauku-prieziura","14":"product_tag-riebalu-sekrecijos-balansavimas","15":"product_tag-sausai-ir-riebiai-odai","16":"product_tag-simondsiju-aliejus","17":"product_tag-vitaminas-e","19":"first","20":"onbackorder","21":"taxable","22":"shipping-taxable","23":"purchasable","24":"product-type-simple"},"acf":[],"yoast_head":"<!-- This site is optimized with the Yoast SEO plugin v27.1.1 - https:\/\/yoast.com\/product\/yoast-seo-wordpress\/ -->\n<title>Gro\u017eio aliejus Jojobos aliejus 50 ml - Puhdas+<\/title>\n<meta name=\"description\" content=\"Gro\u017eio aliejus Jojobos aliejus 50 ml yra 100 % nat\u016bralus ir giliai dr\u0117kinantis aliejus, kuris subalansuoja riebal\u0173 i\u0161siskyrim\u0105 ir maitina od\u0105 bei plaukus. Tinka visiems odos tipams!\" \/>\n<meta name=\"robots\" content=\"noindex, follow, max-snippet:-1, max-image-preview:large, max-video-preview:-1\" \/>\n<meta property=\"og:locale\" content=\"lt_LT\" \/>\n<meta property=\"og:type\" content=\"article\" \/>\n<meta property=\"og:title\" content=\"Gro\u017eio aliejus Jojobos aliejus 50 ml - Puhdas+\" \/>\n<meta property=\"og:description\" content=\"Gro\u017eio aliejus Jojobos aliejus 50 ml yra 100 % nat\u016bralus ir giliai dr\u0117kinantis aliejus, kuris subalansuoja riebal\u0173 i\u0161siskyrim\u0105 ir maitina od\u0105 bei plaukus. Tinka visiems odos tipams!\" \/>\n<meta property=\"og:url\" content=\"https:\/\/test.puhdasplus.ee\/lt\/tooted\/kosmetika-lt\/grozio-aliejus-jojobos-aliejus-50-ml\/\" \/>\n<meta property=\"og:site_name\" content=\"Puhdas+\" \/>\n<meta property=\"article:publisher\" content=\"https:\/\/www.facebook.com\/puhdasplus\" \/>\n<meta property=\"article:modified_time\" content=\"2026-02-23T18:13:52+00:00\" \/>\n<meta property=\"og:image\" content=\"https:\/\/test.puhdasplus.ee\/wp-content\/uploads\/2025\/03\/132.jpg\" \/>\n\t<meta property=\"og:image:width\" content=\"1862\" \/>\n\t<meta property=\"og:image:height\" content=\"2560\" \/>\n\t<meta property=\"og:image:type\" content=\"image\/jpeg\" \/>\n<meta name=\"twitter:card\" content=\"summary_large_image\" \/>\n<meta name=\"twitter:label1\" content=\"Est. reading time\" \/>\n\t<meta name=\"twitter:data1\" content=\"1 minut\u0117\" \/>\n<script type=\"application\/ld+json\" class=\"yoast-schema-graph\">{\"@context\":\"https:\/\/schema.org\",\"@graph\":[{\"@type\":\"WebPage\",\"@id\":\"https:\/\/test.puhdasplus.ee\/lt\/tooted\/kosmetika-lt\/grozio-aliejus-jojobos-aliejus-50-ml\/\",\"url\":\"https:\/\/test.puhdasplus.ee\/lt\/tooted\/kosmetika-lt\/grozio-aliejus-jojobos-aliejus-50-ml\/\",\"name\":\"Gro\u017eio aliejus Jojobos aliejus 50 ml - Puhdas+\",\"isPartOf\":{\"@id\":\"https:\/\/test.puhdasplus.ee\/lt\/#website\"},\"primaryImageOfPage\":{\"@id\":\"https:\/\/test.puhdasplus.ee\/lt\/tooted\/kosmetika-lt\/grozio-aliejus-jojobos-aliejus-50-ml\/#primaryimage\"},\"image\":{\"@id\":\"https:\/\/test.puhdasplus.ee\/lt\/tooted\/kosmetika-lt\/grozio-aliejus-jojobos-aliejus-50-ml\/#primaryimage\"},\"thumbnailUrl\":\"https:\/\/test.puhdasplus.ee\/wp-content\/uploads\/2025\/03\/132.jpg\",\"datePublished\":\"2025-01-17T08:56:36+00:00\",\"dateModified\":\"2026-02-23T18:13:52+00:00\",\"description\":\"Gro\u017eio aliejus Jojobos aliejus 50 ml yra 100 % nat\u016bralus ir giliai dr\u0117kinantis aliejus, kuris subalansuoja riebal\u0173 i\u0161siskyrim\u0105 ir maitina od\u0105 bei plaukus. Tinka visiems odos tipams!\",\"breadcrumb\":{\"@id\":\"https:\/\/test.puhdasplus.ee\/lt\/tooted\/kosmetika-lt\/grozio-aliejus-jojobos-aliejus-50-ml\/#breadcrumb\"},\"inLanguage\":\"lt-LT\",\"potentialAction\":[{\"@type\":\"ReadAction\",\"target\":[\"https:\/\/test.puhdasplus.ee\/lt\/tooted\/kosmetika-lt\/grozio-aliejus-jojobos-aliejus-50-ml\/\"]}]},{\"@type\":\"ImageObject\",\"inLanguage\":\"lt-LT\",\"@id\":\"https:\/\/test.puhdasplus.ee\/lt\/tooted\/kosmetika-lt\/grozio-aliejus-jojobos-aliejus-50-ml\/#primaryimage\",\"url\":\"https:\/\/test.puhdasplus.ee\/wp-content\/uploads\/2025\/03\/132.jpg\",\"contentUrl\":\"https:\/\/test.puhdasplus.ee\/wp-content\/uploads\/2025\/03\/132.jpg\",\"width\":1862,\"height\":2560,\"caption\":\"Simondsij\u0173 gro\u017eio aliejus\"},{\"@type\":\"BreadcrumbList\",\"@id\":\"https:\/\/test.puhdasplus.ee\/lt\/tooted\/kosmetika-lt\/grozio-aliejus-jojobos-aliejus-50-ml\/#breadcrumb\",\"itemListElement\":[{\"@type\":\"ListItem\",\"position\":1,\"name\":\"Prad\u017eia\",\"item\":\"https:\/\/test.puhdasplus.ee\/lt\/\"},{\"@type\":\"ListItem\",\"position\":2,\"name\":\"Produktai\",\"item\":\"https:\/\/test.puhdasplus.ee\/lt\/parduotuve\/\"},{\"@type\":\"ListItem\",\"position\":3,\"name\":\"Gro\u017eio aliejus Jojobos aliejus 50 ml\"}]},{\"@type\":\"WebSite\",\"@id\":\"https:\/\/test.puhdasplus.ee\/lt\/#website\",\"url\":\"https:\/\/test.puhdasplus.ee\/lt\/\",\"name\":\"Puhdas+\",\"description\":\"Vitamiinid, Toidulisandid, looduskosmeetika, tervis, sport\",\"publisher\":{\"@id\":\"https:\/\/test.puhdasplus.ee\/lt\/#organization\"},\"potentialAction\":[{\"@type\":\"SearchAction\",\"target\":{\"@type\":\"EntryPoint\",\"urlTemplate\":\"https:\/\/test.puhdasplus.ee\/lt\/?s={search_term_string}\"},\"query-input\":{\"@type\":\"PropertyValueSpecification\",\"valueRequired\":true,\"valueName\":\"search_term_string\"}}],\"inLanguage\":\"lt-LT\"},{\"@type\":\"Organization\",\"@id\":\"https:\/\/test.puhdasplus.ee\/lt\/#organization\",\"name\":\"Puhdas+\",\"alternateName\":\"Puhdasplus\",\"url\":\"https:\/\/test.puhdasplus.ee\/lt\/\",\"logo\":{\"@type\":\"ImageObject\",\"inLanguage\":\"lt-LT\",\"@id\":\"https:\/\/test.puhdasplus.ee\/lt\/#\/schema\/logo\/image\/\",\"url\":\"https:\/\/test.puhdasplus.ee\/\/wp-content\/uploads\/2019\/10\/puhdas_logo-arvele.png\",\"contentUrl\":\"https:\/\/test.puhdasplus.ee\/\/wp-content\/uploads\/2019\/10\/puhdas_logo-arvele.png\",\"width\":114,\"height\":94,\"caption\":\"Puhdas+\"},\"image\":{\"@id\":\"https:\/\/test.puhdasplus.ee\/lt\/#\/schema\/logo\/image\/\"},\"sameAs\":[\"https:\/\/www.facebook.com\/puhdasplus\",\"https:\/\/www.instagram.com\/puhdasplus_ee\/\"]}]}<\/script>\n<!-- \/ Yoast SEO plugin. -->","yoast_head_json":{"title":"Gro\u017eio aliejus Jojobos aliejus 50 ml - Puhdas+","description":"Gro\u017eio aliejus Jojobos aliejus 50 ml yra 100 % nat\u016bralus ir giliai dr\u0117kinantis aliejus, kuris subalansuoja riebal\u0173 i\u0161siskyrim\u0105 ir maitina od\u0105 bei plaukus. Tinka visiems odos tipams!","robots":{"index":"noindex","follow":"follow","max-snippet":"max-snippet:-1","max-image-preview":"max-image-preview:large","max-video-preview":"max-video-preview:-1"},"og_locale":"lt_LT","og_type":"article","og_title":"Gro\u017eio aliejus Jojobos aliejus 50 ml - Puhdas+","og_description":"Gro\u017eio aliejus Jojobos aliejus 50 ml yra 100 % nat\u016bralus ir giliai dr\u0117kinantis aliejus, kuris subalansuoja riebal\u0173 i\u0161siskyrim\u0105 ir maitina od\u0105 bei plaukus. Tinka visiems odos tipams!","og_url":"https:\/\/test.puhdasplus.ee\/lt\/tooted\/kosmetika-lt\/grozio-aliejus-jojobos-aliejus-50-ml\/","og_site_name":"Puhdas+","article_publisher":"https:\/\/www.facebook.com\/puhdasplus","article_modified_time":"2026-02-23T18:13:52+00:00","og_image":[{"width":1862,"height":2560,"url":"https:\/\/test.puhdasplus.ee\/wp-content\/uploads\/2025\/03\/132.jpg","type":"image\/jpeg"}],"twitter_card":"summary_large_image","twitter_misc":{"Est. reading time":"1 minut\u0117"},"schema":{"@context":"https:\/\/schema.org","@graph":[{"@type":"WebPage","@id":"https:\/\/test.puhdasplus.ee\/lt\/tooted\/kosmetika-lt\/grozio-aliejus-jojobos-aliejus-50-ml\/","url":"https:\/\/test.puhdasplus.ee\/lt\/tooted\/kosmetika-lt\/grozio-aliejus-jojobos-aliejus-50-ml\/","name":"Gro\u017eio aliejus Jojobos aliejus 50 ml - Puhdas+","isPartOf":{"@id":"https:\/\/test.puhdasplus.ee\/lt\/#website"},"primaryImageOfPage":{"@id":"https:\/\/test.puhdasplus.ee\/lt\/tooted\/kosmetika-lt\/grozio-aliejus-jojobos-aliejus-50-ml\/#primaryimage"},"image":{"@id":"https:\/\/test.puhdasplus.ee\/lt\/tooted\/kosmetika-lt\/grozio-aliejus-jojobos-aliejus-50-ml\/#primaryimage"},"thumbnailUrl":"https:\/\/test.puhdasplus.ee\/wp-content\/uploads\/2025\/03\/132.jpg","datePublished":"2025-01-17T08:56:36+00:00","dateModified":"2026-02-23T18:13:52+00:00","description":"Gro\u017eio aliejus Jojobos aliejus 50 ml yra 100 % nat\u016bralus ir giliai dr\u0117kinantis aliejus, kuris subalansuoja riebal\u0173 i\u0161siskyrim\u0105 ir maitina od\u0105 bei plaukus. Tinka visiems odos tipams!","breadcrumb":{"@id":"https:\/\/test.puhdasplus.ee\/lt\/tooted\/kosmetika-lt\/grozio-aliejus-jojobos-aliejus-50-ml\/#breadcrumb"},"inLanguage":"lt-LT","potentialAction":[{"@type":"ReadAction","target":["https:\/\/test.puhdasplus.ee\/lt\/tooted\/kosmetika-lt\/grozio-aliejus-jojobos-aliejus-50-ml\/"]}]},{"@type":"ImageObject","inLanguage":"lt-LT","@id":"https:\/\/test.puhdasplus.ee\/lt\/tooted\/kosmetika-lt\/grozio-aliejus-jojobos-aliejus-50-ml\/#primaryimage","url":"https:\/\/test.puhdasplus.ee\/wp-content\/uploads\/2025\/03\/132.jpg","contentUrl":"https:\/\/test.puhdasplus.ee\/wp-content\/uploads\/2025\/03\/132.jpg","width":1862,"height":2560,"caption":"Simondsij\u0173 gro\u017eio aliejus"},{"@type":"BreadcrumbList","@id":"https:\/\/test.puhdasplus.ee\/lt\/tooted\/kosmetika-lt\/grozio-aliejus-jojobos-aliejus-50-ml\/#breadcrumb","itemListElement":[{"@type":"ListItem","position":1,"name":"Prad\u017eia","item":"https:\/\/test.puhdasplus.ee\/lt\/"},{"@type":"ListItem","position":2,"name":"Produktai","item":"https:\/\/test.puhdasplus.ee\/lt\/parduotuve\/"},{"@type":"ListItem","position":3,"name":"Gro\u017eio aliejus Jojobos aliejus 50 ml"}]},{"@type":"WebSite","@id":"https:\/\/test.puhdasplus.ee\/lt\/#website","url":"https:\/\/test.puhdasplus.ee\/lt\/","name":"Puhdas+","description":"Vitamiinid, Toidulisandid, looduskosmeetika, tervis, sport","publisher":{"@id":"https:\/\/test.puhdasplus.ee\/lt\/#organization"},"potentialAction":[{"@type":"SearchAction","target":{"@type":"EntryPoint","urlTemplate":"https:\/\/test.puhdasplus.ee\/lt\/?s={search_term_string}"},"query-input":{"@type":"PropertyValueSpecification","valueRequired":true,"valueName":"search_term_string"}}],"inLanguage":"lt-LT"},{"@type":"Organization","@id":"https:\/\/test.puhdasplus.ee\/lt\/#organization","name":"Puhdas+","alternateName":"Puhdasplus","url":"https:\/\/test.puhdasplus.ee\/lt\/","logo":{"@type":"ImageObject","inLanguage":"lt-LT","@id":"https:\/\/test.puhdasplus.ee\/lt\/#\/schema\/logo\/image\/","url":"https:\/\/test.puhdasplus.ee\/\/wp-content\/uploads\/2019\/10\/puhdas_logo-arvele.png","contentUrl":"https:\/\/test.puhdasplus.ee\/\/wp-content\/uploads\/2019\/10\/puhdas_logo-arvele.png","width":114,"height":94,"caption":"Puhdas+"},"image":{"@id":"https:\/\/test.puhdasplus.ee\/lt\/#\/schema\/logo\/image\/"},"sameAs":["https:\/\/www.facebook.com\/puhdasplus","https:\/\/www.instagram.com\/puhdasplus_ee\/"]}]}},"_links":{"self":[{"href":"https:\/\/test.puhdasplus.ee\/lt\/wp-json\/wp\/v2\/product\/32942","targetHints":{"allow":["GET"]}}],"collection":[{"href":"https:\/\/test.puhdasplus.ee\/lt\/wp-json\/wp\/v2\/product"}],"about":[{"href":"https:\/\/test.puhdasplus.ee\/lt\/wp-json\/wp\/v2\/types\/product"}],"replies":[{"embeddable":true,"href":"https:\/\/test.puhdasplus.ee\/lt\/wp-json\/wp\/v2\/comments?post=32942"}],"wp:featuredmedia":[{"embeddable":true,"href":"https:\/\/test.puhdasplus.ee\/lt\/wp-json\/wp\/v2\/media\/32944"}],"wp:attachment":[{"href":"https:\/\/test.puhdasplus.ee\/lt\/wp-json\/wp\/v2\/media?parent=32942"}],"wp:term":[{"taxonomy":"product_brand","embeddable":true,"href":"https:\/\/test.puhdasplus.ee\/lt\/wp-json\/wp\/v2\/product_brand?post=32942"},{"taxonomy":"product_cat","embeddable":true,"href":"https:\/\/test.puhdasplus.ee\/lt\/wp-json\/wp\/v2\/product_cat?post=32942"},{"taxonomy":"product_tag","embeddable":true,"href":"https:\/\/test.puhdasplus.ee\/lt\/wp-json\/wp\/v2\/product_tag?post=32942"}],"curies":[{"name":"wp","href":"https:\/\/api.w.org\/{rel}","templated":true}]}}