{"id":32925,"date":"2025-01-17T10:51:57","date_gmt":"2025-01-17T08:51:57","guid":{"rendered":"https:\/\/test.puhdasplus.ee\/\/tooted\/be-kategorijos\/rudinantis-morku-aliejus-100-ml\/"},"modified":"2026-02-22T22:48:40","modified_gmt":"2026-02-22T20:48:40","slug":"rudinantis-morku-aliejus-100-ml","status":"publish","type":"product","link":"https:\/\/test.puhdasplus.ee\/lt\/tooted\/kosmetika-lt\/rudinantis-morku-aliejus-100-ml\/","title":{"rendered":"Rudinantis mork\u0173 aliejus 100 ml"},"content":{"rendered":"<p>\u012edegio mork\u0173 aliejus yra nat\u016bralus ir giliai dr\u0117kinantis gro\u017eio aliejus, padedantis pasiekti gra\u017e\u0173 ir tolyg\u0173 \u012fdeg\u012f. Mork\u0173 aliejuje gausu <strong data-start=\"249\" data-end=\"267\">beta karoteno<\/strong> , <strong data-start=\"269\" data-end=\"291\">vitamin\u0173 A ir E<\/strong> bei <strong data-start=\"297\" data-end=\"316\">antioksidant\u0173<\/strong> , kurie apsaugo od\u0105, skatina jos atsinaujinim\u0105 ir padeda palaikyti dr\u0117gm\u0117s pusiausvyr\u0105. \u0160is aliejus paruo\u0161ia od\u0105 saulei, pagreitina \u012fdegio formavim\u0105si ir suteikia sveik\u0105 auksin\u012f \u0161vyt\u0117jim\u0105. Reguliariai naudojant, oda i\u0161lieka elastinga, pamaitinta ir spindinti. Tinka visiems odos tipams, ypa\u010d sausai ir papilk\u0117jusiai odai.    <\/p>\n<h4 data-start=\"725\" data-end=\"754\"><strong data-start=\"730\" data-end=\"752\">Naudojimo instrukcijos:<\/strong><\/h4>\n<ol data-start=\"755\" data-end=\"1075\">\n<li data-start=\"755\" data-end=\"850\">Nedidel\u012f kiek\u012f aliejaus u\u017etepkite ant \u0161varios, sausos odos ir \u0161velniai masa\u017euokite, kol \u012fsigers.<\/li>\n<li data-start=\"851\" data-end=\"952\">Tinka naudoti tiek prie\u0161, tiek po saul\u0117s voni\u0173, odos dr\u0117kinimui.<\/li>\n<li data-start=\"953\" data-end=\"1024\">Reguliariai naudokite, kad palaikytum\u0117te nat\u016bral\u0173 odos spindes\u012f ir apsaug\u0105.<\/li>\n<li data-start=\"1025\" data-end=\"1075\">Taip pat gali b\u016bti naudojamas plauk\u0173 ir nag\u0173 prie\u017ei\u016brai.<\/li>\n<\/ol>\n<h4 data-start=\"1149\" data-end=\"1192\"><strong data-start=\"1154\" data-end=\"1190\">Sudedamosios dalys:<\/strong><\/h4>\n<ul data-start=\"1193\" data-end=\"1746\">\n<li data-start=\"1193\" data-end=\"1414\"><strong data-start=\"1195\" data-end=\"1244\">100 % grynas mork\u0173 (Daucus Carota) s\u0117kl\u0173 aliejus<\/strong> \u2013 nat\u016braliai gausus beta karoteno ir antioksidant\u0173, kurie padeda pagreitinti \u012fdeg\u012f, apsaugo od\u0105 nuo aplinkos veiksni\u0173 ir pagerina odos elastingum\u0105.<\/li>\n<li data-start=\"1415\" data-end=\"1530\"><strong data-start=\"1417\" data-end=\"1434\">Beta karotenas<\/strong> \u2013 stiprina nat\u016brali\u0105 odos apsaug\u0105, padeda i\u0161lyginti veido spalv\u0105 ir palaiko \u012fdegio ilgaam\u017ei\u0161kum\u0105.<\/li>\n<li data-start=\"1531\" data-end=\"1626\"><strong data-start=\"1533\" data-end=\"1547\">Vitaminas A<\/strong> \u2013 skatina odos atsinaujinim\u0105, padeda suma\u017einti sausum\u0105 ir pagerinti odos tekst\u016br\u0105.<\/li>\n<li data-start=\"1627\" data-end=\"1746\"><strong data-start=\"1629\" data-end=\"1643\">Vitaminas E<\/strong> \u2013 dr\u0117kina ir apsaugo od\u0105 nuo \u017ealingo laisv\u0173j\u0173 radikal\u0173 poveikio, stabdo prie\u0161laikin\u012f sen\u0117jim\u0105.<\/li>\n<\/ul>\n","protected":false},"excerpt":{"rendered":"<p>Nat\u016bralus mork\u0173 aliejus, kuris dr\u0117kina, maitina od\u0105 ir padeda pasiekti gra\u017ei\u0105 auksin\u0119 veido spalv\u0105.<\/p>\n","protected":false},"featured_media":32929,"comment_status":"closed","ping_status":"closed","template":"","meta":{"_acf_changed":false},"product_brand":[],"product_cat":[2582],"product_tag":[2567,2593,2577,2589,2584,2591,2592,2595,2590,2587,2594],"class_list":{"0":"post-32925","1":"product","2":"type-product","3":"status-publish","4":"has-post-thumbnail","6":"product_cat-kosmetika-lt","7":"product_tag-antioksidacine-prieziura","8":"product_tag-beta-karotenas","9":"product_tag-grynas-grozis","10":"product_tag-morku-aliejus","11":"product_tag-naturali-odos-prieziura","12":"product_tag-naturalus-idegis","13":"product_tag-oda-maitinantis-aliejus","14":"product_tag-odos-drekinimas","15":"product_tag-rauginimo-aliejus","16":"product_tag-sveikas-svytejimas","17":"product_tag-vitaminas-a","19":"first","20":"onbackorder","21":"taxable","22":"shipping-taxable","23":"purchasable","24":"product-type-simple"},"acf":[],"yoast_head":"<!-- This site is optimized with the Yoast SEO plugin v27.1.1 - https:\/\/yoast.com\/product\/yoast-seo-wordpress\/ -->\n<title>Rudinantis mork\u0173 aliejus 100 ml - Puhdas+<\/title>\n<meta name=\"description\" content=\"\u012edegio mork\u0173 aliejus 100 ml padeda pasiekti nat\u016bral\u0173 ir gra\u017e\u0173 \u012fdeg\u012f, giliai dr\u0117kina ir apsaugo od\u0105 antioksidantais.\" \/>\n<meta name=\"robots\" content=\"noindex, follow, max-snippet:-1, max-image-preview:large, max-video-preview:-1\" \/>\n<meta property=\"og:locale\" content=\"lt_LT\" \/>\n<meta property=\"og:type\" content=\"article\" \/>\n<meta property=\"og:title\" content=\"Rudinantis mork\u0173 aliejus 100 ml - Puhdas+\" \/>\n<meta property=\"og:description\" content=\"\u012edegio mork\u0173 aliejus 100 ml padeda pasiekti nat\u016bral\u0173 ir gra\u017e\u0173 \u012fdeg\u012f, giliai dr\u0117kina ir apsaugo od\u0105 antioksidantais.\" \/>\n<meta property=\"og:url\" content=\"https:\/\/test.puhdasplus.ee\/lt\/tooted\/kosmetika-lt\/rudinantis-morku-aliejus-100-ml\/\" \/>\n<meta property=\"og:site_name\" content=\"Puhdas+\" \/>\n<meta property=\"article:publisher\" content=\"https:\/\/www.facebook.com\/puhdasplus\" \/>\n<meta property=\"article:modified_time\" content=\"2026-02-22T20:48:40+00:00\" \/>\n<meta property=\"og:image\" content=\"https:\/\/test.puhdasplus.ee\/wp-content\/uploads\/2025\/03\/133.jpg\" \/>\n\t<meta property=\"og:image:width\" content=\"1862\" \/>\n\t<meta property=\"og:image:height\" content=\"2560\" \/>\n\t<meta property=\"og:image:type\" content=\"image\/jpeg\" \/>\n<meta name=\"twitter:card\" content=\"summary_large_image\" \/>\n<meta name=\"twitter:label1\" content=\"Est. reading time\" \/>\n\t<meta name=\"twitter:data1\" content=\"1 minut\u0117\" \/>\n<script type=\"application\/ld+json\" class=\"yoast-schema-graph\">{\"@context\":\"https:\/\/schema.org\",\"@graph\":[{\"@type\":\"WebPage\",\"@id\":\"https:\/\/test.puhdasplus.ee\/lt\/tooted\/kosmetika-lt\/rudinantis-morku-aliejus-100-ml\/\",\"url\":\"https:\/\/test.puhdasplus.ee\/lt\/tooted\/kosmetika-lt\/rudinantis-morku-aliejus-100-ml\/\",\"name\":\"Rudinantis mork\u0173 aliejus 100 ml - Puhdas+\",\"isPartOf\":{\"@id\":\"https:\/\/test.puhdasplus.ee\/lt\/#website\"},\"primaryImageOfPage\":{\"@id\":\"https:\/\/test.puhdasplus.ee\/lt\/tooted\/kosmetika-lt\/rudinantis-morku-aliejus-100-ml\/#primaryimage\"},\"image\":{\"@id\":\"https:\/\/test.puhdasplus.ee\/lt\/tooted\/kosmetika-lt\/rudinantis-morku-aliejus-100-ml\/#primaryimage\"},\"thumbnailUrl\":\"https:\/\/test.puhdasplus.ee\/wp-content\/uploads\/2025\/03\/133.jpg\",\"datePublished\":\"2025-01-17T08:51:57+00:00\",\"dateModified\":\"2026-02-22T20:48:40+00:00\",\"description\":\"\u012edegio mork\u0173 aliejus 100 ml padeda pasiekti nat\u016bral\u0173 ir gra\u017e\u0173 \u012fdeg\u012f, giliai dr\u0117kina ir apsaugo od\u0105 antioksidantais.\",\"breadcrumb\":{\"@id\":\"https:\/\/test.puhdasplus.ee\/lt\/tooted\/kosmetika-lt\/rudinantis-morku-aliejus-100-ml\/#breadcrumb\"},\"inLanguage\":\"lt-LT\",\"potentialAction\":[{\"@type\":\"ReadAction\",\"target\":[\"https:\/\/test.puhdasplus.ee\/lt\/tooted\/kosmetika-lt\/rudinantis-morku-aliejus-100-ml\/\"]}]},{\"@type\":\"ImageObject\",\"inLanguage\":\"lt-LT\",\"@id\":\"https:\/\/test.puhdasplus.ee\/lt\/tooted\/kosmetika-lt\/rudinantis-morku-aliejus-100-ml\/#primaryimage\",\"url\":\"https:\/\/test.puhdasplus.ee\/wp-content\/uploads\/2025\/03\/133.jpg\",\"contentUrl\":\"https:\/\/test.puhdasplus.ee\/wp-content\/uploads\/2025\/03\/133.jpg\",\"width\":1862,\"height\":2560,\"caption\":\"\u012edegio mork\u0173 aliejus\"},{\"@type\":\"BreadcrumbList\",\"@id\":\"https:\/\/test.puhdasplus.ee\/lt\/tooted\/kosmetika-lt\/rudinantis-morku-aliejus-100-ml\/#breadcrumb\",\"itemListElement\":[{\"@type\":\"ListItem\",\"position\":1,\"name\":\"Prad\u017eia\",\"item\":\"https:\/\/test.puhdasplus.ee\/lt\/\"},{\"@type\":\"ListItem\",\"position\":2,\"name\":\"Produktai\",\"item\":\"https:\/\/test.puhdasplus.ee\/lt\/parduotuve\/\"},{\"@type\":\"ListItem\",\"position\":3,\"name\":\"Rudinantis mork\u0173 aliejus 100 ml\"}]},{\"@type\":\"WebSite\",\"@id\":\"https:\/\/test.puhdasplus.ee\/lt\/#website\",\"url\":\"https:\/\/test.puhdasplus.ee\/lt\/\",\"name\":\"Puhdas+\",\"description\":\"Vitamiinid, Toidulisandid, looduskosmeetika, tervis, sport\",\"publisher\":{\"@id\":\"https:\/\/test.puhdasplus.ee\/lt\/#organization\"},\"potentialAction\":[{\"@type\":\"SearchAction\",\"target\":{\"@type\":\"EntryPoint\",\"urlTemplate\":\"https:\/\/test.puhdasplus.ee\/lt\/?s={search_term_string}\"},\"query-input\":{\"@type\":\"PropertyValueSpecification\",\"valueRequired\":true,\"valueName\":\"search_term_string\"}}],\"inLanguage\":\"lt-LT\"},{\"@type\":\"Organization\",\"@id\":\"https:\/\/test.puhdasplus.ee\/lt\/#organization\",\"name\":\"Puhdas+\",\"alternateName\":\"Puhdasplus\",\"url\":\"https:\/\/test.puhdasplus.ee\/lt\/\",\"logo\":{\"@type\":\"ImageObject\",\"inLanguage\":\"lt-LT\",\"@id\":\"https:\/\/test.puhdasplus.ee\/lt\/#\/schema\/logo\/image\/\",\"url\":\"https:\/\/test.puhdasplus.ee\/\/wp-content\/uploads\/2019\/10\/puhdas_logo-arvele.png\",\"contentUrl\":\"https:\/\/test.puhdasplus.ee\/\/wp-content\/uploads\/2019\/10\/puhdas_logo-arvele.png\",\"width\":114,\"height\":94,\"caption\":\"Puhdas+\"},\"image\":{\"@id\":\"https:\/\/test.puhdasplus.ee\/lt\/#\/schema\/logo\/image\/\"},\"sameAs\":[\"https:\/\/www.facebook.com\/puhdasplus\",\"https:\/\/www.instagram.com\/puhdasplus_ee\/\"]}]}<\/script>\n<!-- \/ Yoast SEO plugin. -->","yoast_head_json":{"title":"Rudinantis mork\u0173 aliejus 100 ml - Puhdas+","description":"\u012edegio mork\u0173 aliejus 100 ml padeda pasiekti nat\u016bral\u0173 ir gra\u017e\u0173 \u012fdeg\u012f, giliai dr\u0117kina ir apsaugo od\u0105 antioksidantais.","robots":{"index":"noindex","follow":"follow","max-snippet":"max-snippet:-1","max-image-preview":"max-image-preview:large","max-video-preview":"max-video-preview:-1"},"og_locale":"lt_LT","og_type":"article","og_title":"Rudinantis mork\u0173 aliejus 100 ml - Puhdas+","og_description":"\u012edegio mork\u0173 aliejus 100 ml padeda pasiekti nat\u016bral\u0173 ir gra\u017e\u0173 \u012fdeg\u012f, giliai dr\u0117kina ir apsaugo od\u0105 antioksidantais.","og_url":"https:\/\/test.puhdasplus.ee\/lt\/tooted\/kosmetika-lt\/rudinantis-morku-aliejus-100-ml\/","og_site_name":"Puhdas+","article_publisher":"https:\/\/www.facebook.com\/puhdasplus","article_modified_time":"2026-02-22T20:48:40+00:00","og_image":[{"width":1862,"height":2560,"url":"https:\/\/test.puhdasplus.ee\/wp-content\/uploads\/2025\/03\/133.jpg","type":"image\/jpeg"}],"twitter_card":"summary_large_image","twitter_misc":{"Est. reading time":"1 minut\u0117"},"schema":{"@context":"https:\/\/schema.org","@graph":[{"@type":"WebPage","@id":"https:\/\/test.puhdasplus.ee\/lt\/tooted\/kosmetika-lt\/rudinantis-morku-aliejus-100-ml\/","url":"https:\/\/test.puhdasplus.ee\/lt\/tooted\/kosmetika-lt\/rudinantis-morku-aliejus-100-ml\/","name":"Rudinantis mork\u0173 aliejus 100 ml - Puhdas+","isPartOf":{"@id":"https:\/\/test.puhdasplus.ee\/lt\/#website"},"primaryImageOfPage":{"@id":"https:\/\/test.puhdasplus.ee\/lt\/tooted\/kosmetika-lt\/rudinantis-morku-aliejus-100-ml\/#primaryimage"},"image":{"@id":"https:\/\/test.puhdasplus.ee\/lt\/tooted\/kosmetika-lt\/rudinantis-morku-aliejus-100-ml\/#primaryimage"},"thumbnailUrl":"https:\/\/test.puhdasplus.ee\/wp-content\/uploads\/2025\/03\/133.jpg","datePublished":"2025-01-17T08:51:57+00:00","dateModified":"2026-02-22T20:48:40+00:00","description":"\u012edegio mork\u0173 aliejus 100 ml padeda pasiekti nat\u016bral\u0173 ir gra\u017e\u0173 \u012fdeg\u012f, giliai dr\u0117kina ir apsaugo od\u0105 antioksidantais.","breadcrumb":{"@id":"https:\/\/test.puhdasplus.ee\/lt\/tooted\/kosmetika-lt\/rudinantis-morku-aliejus-100-ml\/#breadcrumb"},"inLanguage":"lt-LT","potentialAction":[{"@type":"ReadAction","target":["https:\/\/test.puhdasplus.ee\/lt\/tooted\/kosmetika-lt\/rudinantis-morku-aliejus-100-ml\/"]}]},{"@type":"ImageObject","inLanguage":"lt-LT","@id":"https:\/\/test.puhdasplus.ee\/lt\/tooted\/kosmetika-lt\/rudinantis-morku-aliejus-100-ml\/#primaryimage","url":"https:\/\/test.puhdasplus.ee\/wp-content\/uploads\/2025\/03\/133.jpg","contentUrl":"https:\/\/test.puhdasplus.ee\/wp-content\/uploads\/2025\/03\/133.jpg","width":1862,"height":2560,"caption":"\u012edegio mork\u0173 aliejus"},{"@type":"BreadcrumbList","@id":"https:\/\/test.puhdasplus.ee\/lt\/tooted\/kosmetika-lt\/rudinantis-morku-aliejus-100-ml\/#breadcrumb","itemListElement":[{"@type":"ListItem","position":1,"name":"Prad\u017eia","item":"https:\/\/test.puhdasplus.ee\/lt\/"},{"@type":"ListItem","position":2,"name":"Produktai","item":"https:\/\/test.puhdasplus.ee\/lt\/parduotuve\/"},{"@type":"ListItem","position":3,"name":"Rudinantis mork\u0173 aliejus 100 ml"}]},{"@type":"WebSite","@id":"https:\/\/test.puhdasplus.ee\/lt\/#website","url":"https:\/\/test.puhdasplus.ee\/lt\/","name":"Puhdas+","description":"Vitamiinid, Toidulisandid, looduskosmeetika, tervis, sport","publisher":{"@id":"https:\/\/test.puhdasplus.ee\/lt\/#organization"},"potentialAction":[{"@type":"SearchAction","target":{"@type":"EntryPoint","urlTemplate":"https:\/\/test.puhdasplus.ee\/lt\/?s={search_term_string}"},"query-input":{"@type":"PropertyValueSpecification","valueRequired":true,"valueName":"search_term_string"}}],"inLanguage":"lt-LT"},{"@type":"Organization","@id":"https:\/\/test.puhdasplus.ee\/lt\/#organization","name":"Puhdas+","alternateName":"Puhdasplus","url":"https:\/\/test.puhdasplus.ee\/lt\/","logo":{"@type":"ImageObject","inLanguage":"lt-LT","@id":"https:\/\/test.puhdasplus.ee\/lt\/#\/schema\/logo\/image\/","url":"https:\/\/test.puhdasplus.ee\/\/wp-content\/uploads\/2019\/10\/puhdas_logo-arvele.png","contentUrl":"https:\/\/test.puhdasplus.ee\/\/wp-content\/uploads\/2019\/10\/puhdas_logo-arvele.png","width":114,"height":94,"caption":"Puhdas+"},"image":{"@id":"https:\/\/test.puhdasplus.ee\/lt\/#\/schema\/logo\/image\/"},"sameAs":["https:\/\/www.facebook.com\/puhdasplus","https:\/\/www.instagram.com\/puhdasplus_ee\/"]}]}},"_links":{"self":[{"href":"https:\/\/test.puhdasplus.ee\/lt\/wp-json\/wp\/v2\/product\/32925","targetHints":{"allow":["GET"]}}],"collection":[{"href":"https:\/\/test.puhdasplus.ee\/lt\/wp-json\/wp\/v2\/product"}],"about":[{"href":"https:\/\/test.puhdasplus.ee\/lt\/wp-json\/wp\/v2\/types\/product"}],"replies":[{"embeddable":true,"href":"https:\/\/test.puhdasplus.ee\/lt\/wp-json\/wp\/v2\/comments?post=32925"}],"wp:featuredmedia":[{"embeddable":true,"href":"https:\/\/test.puhdasplus.ee\/lt\/wp-json\/wp\/v2\/media\/32929"}],"wp:attachment":[{"href":"https:\/\/test.puhdasplus.ee\/lt\/wp-json\/wp\/v2\/media?parent=32925"}],"wp:term":[{"taxonomy":"product_brand","embeddable":true,"href":"https:\/\/test.puhdasplus.ee\/lt\/wp-json\/wp\/v2\/product_brand?post=32925"},{"taxonomy":"product_cat","embeddable":true,"href":"https:\/\/test.puhdasplus.ee\/lt\/wp-json\/wp\/v2\/product_cat?post=32925"},{"taxonomy":"product_tag","embeddable":true,"href":"https:\/\/test.puhdasplus.ee\/lt\/wp-json\/wp\/v2\/product_tag?post=32925"}],"curies":[{"name":"wp","href":"https:\/\/api.w.org\/{rel}","templated":true}]}}