{"id":32918,"date":"2025-01-17T10:54:31","date_gmt":"2025-01-17T08:54:31","guid":{"rendered":"https:\/\/test.puhdasplus.ee\/\/tooted\/be-kategorijos\/grozio-aliejus-migdolu-aliejus-50-ml\/"},"modified":"2026-02-22T22:47:41","modified_gmt":"2026-02-22T20:47:41","slug":"grozio-aliejus-migdolu-aliejus-50-ml","status":"publish","type":"product","link":"https:\/\/test.puhdasplus.ee\/lt\/tooted\/oda-plaukai-nagai\/grozio-aliejus-migdolu-aliejus-50-ml\/","title":{"rendered":"Gro\u017eio aliejus Migdol\u0173 aliejus 50 ml"},"content":{"rendered":"<p>Gro\u017eio aliejus. Migdol\u0173 aliejus yra 100 % nat\u016bralus ir \u0161alto spaudimo aliejus, kuris giliai dr\u0117kina, ramina ir maitina od\u0105 bei plaukus. Sald\u017ei\u0173j\u0173 migdol\u0173 aliejuje gausu <strong data-start=\"257\" data-end=\"272\">vitamino E<\/strong> , <strong data-start=\"274\" data-end=\"301\">nepakei\u010diam\u0173j\u0173 riebal\u0173 r\u016bg\u0161\u010di\u0173<\/strong> ir <strong data-start=\"305\" data-end=\"324\">antioksidant\u0173<\/strong> , kurie padeda mink\u0161tinti od\u0105, ma\u017einti sausum\u0105 ir apsaugoti j\u0105 nuo aplinkos poveikio. Lengva ir greitai \u012fsigerianti sud\u0117tis idealiai tinka visiems odos tipams, \u012fskaitant jautri\u0105 ir saus\u0105 od\u0105. Jis taip pat puikiai tinka plauk\u0173, nag\u0173 ir k\u016bno prie\u017ei\u016brai.   <\/p>\n<h4 data-start=\"729\" data-end=\"758\"><strong data-start=\"734\" data-end=\"756\">Naudojimo instrukcijos:<\/strong><\/h4>\n<ol data-start=\"759\" data-end=\"1103\">\n<li data-start=\"759\" data-end=\"862\"><strong data-start=\"762\" data-end=\"782\">Veidui ir k\u016bnui:<\/strong> nedidel\u012f kiek\u012f aliejaus u\u017etepkite ant \u0161varios odos ir \u0161velniai masa\u017euokite, kol \u012fsigers.<\/li>\n<li data-start=\"863\" data-end=\"941\"><strong data-start=\"866\" data-end=\"879\">Plaukams:<\/strong> u\u017etepkite kelis la\u0161us ant plauk\u0173 galiuk\u0173, kad juos sudr\u0117kintum\u0117te ir apsaugotum\u0117te.<\/li>\n<li data-start=\"942\" data-end=\"1045\"><strong data-start=\"945\" data-end=\"958\">Nagams:<\/strong> \u012ftrinkite aliej\u0173 \u012f nag\u0173 plok\u0161teles ir odeles, kad jas sustiprintum\u0117te ir sumink\u0161tintum\u0117te.<\/li>\n<li data-start=\"1046\" data-end=\"1103\"><strong data-start=\"1049\" data-end=\"1078\">Kasdieniam naudojimui<\/strong> ryte ir (arba) vakare.<\/li>\n<\/ol>\n<h4 data-start=\"1105\" data-end=\"1148\"><strong data-start=\"1110\" data-end=\"1146\">Sudedamosios dalys ir j\u0173 nauda:<\/strong><\/h4>\n<ul data-start=\"1149\" data-end=\"1594\">\n<li data-start=\"1149\" data-end=\"1320\"><strong data-start=\"1151\" data-end=\"1207\">100 % grynas sald\u017ei\u0173j\u0173 migdol\u0173 (Prunus Amygdalus Dulcis) aliejus<\/strong> \u2013 nat\u016braliai praturtintas nepakei\u010diamosiomis riebal\u0173 r\u016bg\u0161timis ir vitaminais, kurie dr\u0117kina, mink\u0161tina ir apsaugo od\u0105.<\/li>\n<li data-start=\"1321\" data-end=\"1456\"><strong data-start=\"1323\" data-end=\"1337\">Vitaminas E<\/strong> \u2013 galingas antioksidantas, padedantis apsaugoti od\u0105 nuo laisv\u0173j\u0173 radikal\u0173 ir aplinkos poveikio, i\u0161laikant jos jaunatvi\u0161kum\u0105.<\/li>\n<li data-start=\"1457\" data-end=\"1594\"><strong data-start=\"1459\" data-end=\"1506\">Esmin\u0117s riebal\u0173 r\u016bg\u0161tys (Omega-6 ir Omega-9)<\/strong> \u2013 padeda atkurti nat\u016brali\u0105 odos dr\u0117gm\u0117s pusiausvyr\u0105 ir stiprina odos apsaugin\u012f barjer\u0105.<\/li>\n<\/ul>\n","protected":false},"excerpt":{"rendered":"<p>Nat\u016bralus migdol\u0173 aliejus, kuris giliai dr\u0117kina, ramina sudirgusi\u0105 od\u0105 ir apsaugo nuo i\u0161saus\u0117jimo.<\/p>\n","protected":false},"featured_media":32923,"comment_status":"closed","ping_status":"closed","template":"","meta":{"_acf_changed":false},"product_brand":[],"product_cat":[3282],"product_tag":[2567,2564,2577,2569,2575,2563,2571,2574,2562,2566,2561],"class_list":{"0":"post-32918","1":"product","2":"type-product","3":"status-publish","4":"has-post-thumbnail","6":"product_cat-oda-plaukai-nagai","7":"product_tag-antioksidacine-prieziura","8":"product_tag-giliai-drekinantis-aliejus","9":"product_tag-grynas-grozis","10":"product_tag-migdolu-aliejus","11":"product_tag-nagu-prieziura","12":"product_tag-naturali-grozio-prieziura","13":"product_tag-naturalus-drekiklis","14":"product_tag-odos-raminimas","15":"product_tag-plauku-prieziura","16":"product_tag-sausai-ir-jautriai-odai","17":"product_tag-vitaminas-e","19":"first","20":"onbackorder","21":"taxable","22":"shipping-taxable","23":"purchasable","24":"product-type-simple"},"acf":[],"yoast_head":"<!-- This site is optimized with the Yoast SEO plugin v27.1.1 - https:\/\/yoast.com\/product\/yoast-seo-wordpress\/ -->\n<title>Gro\u017eio aliejus Migdol\u0173 aliejus 50 ml - Puhdas+<\/title>\n<meta name=\"description\" content=\"\u201eBeauty Oil\u201c migdol\u0173 aliejus (50 ml) \u2013 tai 100 % nat\u016bralus sald\u017ei\u0173j\u0173 migdol\u0173 aliejus, kuris dr\u0117kina, ramina ir apsaugo od\u0105. Tinka kasdieniam naudojimui veidui, k\u016bnui ir plaukams!\" \/>\n<meta name=\"robots\" content=\"noindex, follow, max-snippet:-1, max-image-preview:large, max-video-preview:-1\" \/>\n<meta property=\"og:locale\" content=\"lt_LT\" \/>\n<meta property=\"og:type\" content=\"article\" \/>\n<meta property=\"og:title\" content=\"Gro\u017eio aliejus Migdol\u0173 aliejus 50 ml - Puhdas+\" \/>\n<meta property=\"og:description\" content=\"\u201eBeauty Oil\u201c migdol\u0173 aliejus (50 ml) \u2013 tai 100 % nat\u016bralus sald\u017ei\u0173j\u0173 migdol\u0173 aliejus, kuris dr\u0117kina, ramina ir apsaugo od\u0105. Tinka kasdieniam naudojimui veidui, k\u016bnui ir plaukams!\" \/>\n<meta property=\"og:url\" content=\"https:\/\/test.puhdasplus.ee\/lt\/tooted\/oda-plaukai-nagai\/grozio-aliejus-migdolu-aliejus-50-ml\/\" \/>\n<meta property=\"og:site_name\" content=\"Puhdas+\" \/>\n<meta property=\"article:publisher\" content=\"https:\/\/www.facebook.com\/puhdasplus\" \/>\n<meta property=\"article:modified_time\" content=\"2026-02-22T20:47:41+00:00\" \/>\n<meta property=\"og:image\" content=\"https:\/\/test.puhdasplus.ee\/wp-content\/uploads\/2025\/03\/134.jpg\" \/>\n\t<meta property=\"og:image:width\" content=\"1862\" \/>\n\t<meta property=\"og:image:height\" content=\"2560\" \/>\n\t<meta property=\"og:image:type\" content=\"image\/jpeg\" \/>\n<meta name=\"twitter:card\" content=\"summary_large_image\" \/>\n<meta name=\"twitter:label1\" content=\"Est. reading time\" \/>\n\t<meta name=\"twitter:data1\" content=\"1 minut\u0117\" \/>\n<script type=\"application\/ld+json\" class=\"yoast-schema-graph\">{\"@context\":\"https:\/\/schema.org\",\"@graph\":[{\"@type\":\"WebPage\",\"@id\":\"https:\/\/test.puhdasplus.ee\/lt\/tooted\/oda-plaukai-nagai\/grozio-aliejus-migdolu-aliejus-50-ml\/\",\"url\":\"https:\/\/test.puhdasplus.ee\/lt\/tooted\/oda-plaukai-nagai\/grozio-aliejus-migdolu-aliejus-50-ml\/\",\"name\":\"Gro\u017eio aliejus Migdol\u0173 aliejus 50 ml - Puhdas+\",\"isPartOf\":{\"@id\":\"https:\/\/test.puhdasplus.ee\/lt\/#website\"},\"primaryImageOfPage\":{\"@id\":\"https:\/\/test.puhdasplus.ee\/lt\/tooted\/oda-plaukai-nagai\/grozio-aliejus-migdolu-aliejus-50-ml\/#primaryimage\"},\"image\":{\"@id\":\"https:\/\/test.puhdasplus.ee\/lt\/tooted\/oda-plaukai-nagai\/grozio-aliejus-migdolu-aliejus-50-ml\/#primaryimage\"},\"thumbnailUrl\":\"https:\/\/test.puhdasplus.ee\/wp-content\/uploads\/2025\/03\/134.jpg\",\"datePublished\":\"2025-01-17T08:54:31+00:00\",\"dateModified\":\"2026-02-22T20:47:41+00:00\",\"description\":\"\u201eBeauty Oil\u201c migdol\u0173 aliejus (50 ml) \u2013 tai 100 % nat\u016bralus sald\u017ei\u0173j\u0173 migdol\u0173 aliejus, kuris dr\u0117kina, ramina ir apsaugo od\u0105. Tinka kasdieniam naudojimui veidui, k\u016bnui ir plaukams!\",\"breadcrumb\":{\"@id\":\"https:\/\/test.puhdasplus.ee\/lt\/tooted\/oda-plaukai-nagai\/grozio-aliejus-migdolu-aliejus-50-ml\/#breadcrumb\"},\"inLanguage\":\"lt-LT\",\"potentialAction\":[{\"@type\":\"ReadAction\",\"target\":[\"https:\/\/test.puhdasplus.ee\/lt\/tooted\/oda-plaukai-nagai\/grozio-aliejus-migdolu-aliejus-50-ml\/\"]}]},{\"@type\":\"ImageObject\",\"inLanguage\":\"lt-LT\",\"@id\":\"https:\/\/test.puhdasplus.ee\/lt\/tooted\/oda-plaukai-nagai\/grozio-aliejus-migdolu-aliejus-50-ml\/#primaryimage\",\"url\":\"https:\/\/test.puhdasplus.ee\/wp-content\/uploads\/2025\/03\/134.jpg\",\"contentUrl\":\"https:\/\/test.puhdasplus.ee\/wp-content\/uploads\/2025\/03\/134.jpg\",\"width\":1862,\"height\":2560,\"caption\":\"migdol\u0173 aliejus\"},{\"@type\":\"BreadcrumbList\",\"@id\":\"https:\/\/test.puhdasplus.ee\/lt\/tooted\/oda-plaukai-nagai\/grozio-aliejus-migdolu-aliejus-50-ml\/#breadcrumb\",\"itemListElement\":[{\"@type\":\"ListItem\",\"position\":1,\"name\":\"Prad\u017eia\",\"item\":\"https:\/\/test.puhdasplus.ee\/lt\/\"},{\"@type\":\"ListItem\",\"position\":2,\"name\":\"Produktai\",\"item\":\"https:\/\/test.puhdasplus.ee\/lt\/parduotuve\/\"},{\"@type\":\"ListItem\",\"position\":3,\"name\":\"Gro\u017eio aliejus Migdol\u0173 aliejus 50 ml\"}]},{\"@type\":\"WebSite\",\"@id\":\"https:\/\/test.puhdasplus.ee\/lt\/#website\",\"url\":\"https:\/\/test.puhdasplus.ee\/lt\/\",\"name\":\"Puhdas+\",\"description\":\"Vitamiinid, Toidulisandid, looduskosmeetika, tervis, sport\",\"publisher\":{\"@id\":\"https:\/\/test.puhdasplus.ee\/lt\/#organization\"},\"potentialAction\":[{\"@type\":\"SearchAction\",\"target\":{\"@type\":\"EntryPoint\",\"urlTemplate\":\"https:\/\/test.puhdasplus.ee\/lt\/?s={search_term_string}\"},\"query-input\":{\"@type\":\"PropertyValueSpecification\",\"valueRequired\":true,\"valueName\":\"search_term_string\"}}],\"inLanguage\":\"lt-LT\"},{\"@type\":\"Organization\",\"@id\":\"https:\/\/test.puhdasplus.ee\/lt\/#organization\",\"name\":\"Puhdas+\",\"alternateName\":\"Puhdasplus\",\"url\":\"https:\/\/test.puhdasplus.ee\/lt\/\",\"logo\":{\"@type\":\"ImageObject\",\"inLanguage\":\"lt-LT\",\"@id\":\"https:\/\/test.puhdasplus.ee\/lt\/#\/schema\/logo\/image\/\",\"url\":\"https:\/\/test.puhdasplus.ee\/\/wp-content\/uploads\/2019\/10\/puhdas_logo-arvele.png\",\"contentUrl\":\"https:\/\/test.puhdasplus.ee\/\/wp-content\/uploads\/2019\/10\/puhdas_logo-arvele.png\",\"width\":114,\"height\":94,\"caption\":\"Puhdas+\"},\"image\":{\"@id\":\"https:\/\/test.puhdasplus.ee\/lt\/#\/schema\/logo\/image\/\"},\"sameAs\":[\"https:\/\/www.facebook.com\/puhdasplus\",\"https:\/\/www.instagram.com\/puhdasplus_ee\/\"]}]}<\/script>\n<!-- \/ Yoast SEO plugin. -->","yoast_head_json":{"title":"Gro\u017eio aliejus Migdol\u0173 aliejus 50 ml - Puhdas+","description":"\u201eBeauty Oil\u201c migdol\u0173 aliejus (50 ml) \u2013 tai 100 % nat\u016bralus sald\u017ei\u0173j\u0173 migdol\u0173 aliejus, kuris dr\u0117kina, ramina ir apsaugo od\u0105. Tinka kasdieniam naudojimui veidui, k\u016bnui ir plaukams!","robots":{"index":"noindex","follow":"follow","max-snippet":"max-snippet:-1","max-image-preview":"max-image-preview:large","max-video-preview":"max-video-preview:-1"},"og_locale":"lt_LT","og_type":"article","og_title":"Gro\u017eio aliejus Migdol\u0173 aliejus 50 ml - Puhdas+","og_description":"\u201eBeauty Oil\u201c migdol\u0173 aliejus (50 ml) \u2013 tai 100 % nat\u016bralus sald\u017ei\u0173j\u0173 migdol\u0173 aliejus, kuris dr\u0117kina, ramina ir apsaugo od\u0105. Tinka kasdieniam naudojimui veidui, k\u016bnui ir plaukams!","og_url":"https:\/\/test.puhdasplus.ee\/lt\/tooted\/oda-plaukai-nagai\/grozio-aliejus-migdolu-aliejus-50-ml\/","og_site_name":"Puhdas+","article_publisher":"https:\/\/www.facebook.com\/puhdasplus","article_modified_time":"2026-02-22T20:47:41+00:00","og_image":[{"width":1862,"height":2560,"url":"https:\/\/test.puhdasplus.ee\/wp-content\/uploads\/2025\/03\/134.jpg","type":"image\/jpeg"}],"twitter_card":"summary_large_image","twitter_misc":{"Est. reading time":"1 minut\u0117"},"schema":{"@context":"https:\/\/schema.org","@graph":[{"@type":"WebPage","@id":"https:\/\/test.puhdasplus.ee\/lt\/tooted\/oda-plaukai-nagai\/grozio-aliejus-migdolu-aliejus-50-ml\/","url":"https:\/\/test.puhdasplus.ee\/lt\/tooted\/oda-plaukai-nagai\/grozio-aliejus-migdolu-aliejus-50-ml\/","name":"Gro\u017eio aliejus Migdol\u0173 aliejus 50 ml - Puhdas+","isPartOf":{"@id":"https:\/\/test.puhdasplus.ee\/lt\/#website"},"primaryImageOfPage":{"@id":"https:\/\/test.puhdasplus.ee\/lt\/tooted\/oda-plaukai-nagai\/grozio-aliejus-migdolu-aliejus-50-ml\/#primaryimage"},"image":{"@id":"https:\/\/test.puhdasplus.ee\/lt\/tooted\/oda-plaukai-nagai\/grozio-aliejus-migdolu-aliejus-50-ml\/#primaryimage"},"thumbnailUrl":"https:\/\/test.puhdasplus.ee\/wp-content\/uploads\/2025\/03\/134.jpg","datePublished":"2025-01-17T08:54:31+00:00","dateModified":"2026-02-22T20:47:41+00:00","description":"\u201eBeauty Oil\u201c migdol\u0173 aliejus (50 ml) \u2013 tai 100 % nat\u016bralus sald\u017ei\u0173j\u0173 migdol\u0173 aliejus, kuris dr\u0117kina, ramina ir apsaugo od\u0105. Tinka kasdieniam naudojimui veidui, k\u016bnui ir plaukams!","breadcrumb":{"@id":"https:\/\/test.puhdasplus.ee\/lt\/tooted\/oda-plaukai-nagai\/grozio-aliejus-migdolu-aliejus-50-ml\/#breadcrumb"},"inLanguage":"lt-LT","potentialAction":[{"@type":"ReadAction","target":["https:\/\/test.puhdasplus.ee\/lt\/tooted\/oda-plaukai-nagai\/grozio-aliejus-migdolu-aliejus-50-ml\/"]}]},{"@type":"ImageObject","inLanguage":"lt-LT","@id":"https:\/\/test.puhdasplus.ee\/lt\/tooted\/oda-plaukai-nagai\/grozio-aliejus-migdolu-aliejus-50-ml\/#primaryimage","url":"https:\/\/test.puhdasplus.ee\/wp-content\/uploads\/2025\/03\/134.jpg","contentUrl":"https:\/\/test.puhdasplus.ee\/wp-content\/uploads\/2025\/03\/134.jpg","width":1862,"height":2560,"caption":"migdol\u0173 aliejus"},{"@type":"BreadcrumbList","@id":"https:\/\/test.puhdasplus.ee\/lt\/tooted\/oda-plaukai-nagai\/grozio-aliejus-migdolu-aliejus-50-ml\/#breadcrumb","itemListElement":[{"@type":"ListItem","position":1,"name":"Prad\u017eia","item":"https:\/\/test.puhdasplus.ee\/lt\/"},{"@type":"ListItem","position":2,"name":"Produktai","item":"https:\/\/test.puhdasplus.ee\/lt\/parduotuve\/"},{"@type":"ListItem","position":3,"name":"Gro\u017eio aliejus Migdol\u0173 aliejus 50 ml"}]},{"@type":"WebSite","@id":"https:\/\/test.puhdasplus.ee\/lt\/#website","url":"https:\/\/test.puhdasplus.ee\/lt\/","name":"Puhdas+","description":"Vitamiinid, Toidulisandid, looduskosmeetika, tervis, sport","publisher":{"@id":"https:\/\/test.puhdasplus.ee\/lt\/#organization"},"potentialAction":[{"@type":"SearchAction","target":{"@type":"EntryPoint","urlTemplate":"https:\/\/test.puhdasplus.ee\/lt\/?s={search_term_string}"},"query-input":{"@type":"PropertyValueSpecification","valueRequired":true,"valueName":"search_term_string"}}],"inLanguage":"lt-LT"},{"@type":"Organization","@id":"https:\/\/test.puhdasplus.ee\/lt\/#organization","name":"Puhdas+","alternateName":"Puhdasplus","url":"https:\/\/test.puhdasplus.ee\/lt\/","logo":{"@type":"ImageObject","inLanguage":"lt-LT","@id":"https:\/\/test.puhdasplus.ee\/lt\/#\/schema\/logo\/image\/","url":"https:\/\/test.puhdasplus.ee\/\/wp-content\/uploads\/2019\/10\/puhdas_logo-arvele.png","contentUrl":"https:\/\/test.puhdasplus.ee\/\/wp-content\/uploads\/2019\/10\/puhdas_logo-arvele.png","width":114,"height":94,"caption":"Puhdas+"},"image":{"@id":"https:\/\/test.puhdasplus.ee\/lt\/#\/schema\/logo\/image\/"},"sameAs":["https:\/\/www.facebook.com\/puhdasplus","https:\/\/www.instagram.com\/puhdasplus_ee\/"]}]}},"_links":{"self":[{"href":"https:\/\/test.puhdasplus.ee\/lt\/wp-json\/wp\/v2\/product\/32918","targetHints":{"allow":["GET"]}}],"collection":[{"href":"https:\/\/test.puhdasplus.ee\/lt\/wp-json\/wp\/v2\/product"}],"about":[{"href":"https:\/\/test.puhdasplus.ee\/lt\/wp-json\/wp\/v2\/types\/product"}],"replies":[{"embeddable":true,"href":"https:\/\/test.puhdasplus.ee\/lt\/wp-json\/wp\/v2\/comments?post=32918"}],"wp:featuredmedia":[{"embeddable":true,"href":"https:\/\/test.puhdasplus.ee\/lt\/wp-json\/wp\/v2\/media\/32923"}],"wp:attachment":[{"href":"https:\/\/test.puhdasplus.ee\/lt\/wp-json\/wp\/v2\/media?parent=32918"}],"wp:term":[{"taxonomy":"product_brand","embeddable":true,"href":"https:\/\/test.puhdasplus.ee\/lt\/wp-json\/wp\/v2\/product_brand?post=32918"},{"taxonomy":"product_cat","embeddable":true,"href":"https:\/\/test.puhdasplus.ee\/lt\/wp-json\/wp\/v2\/product_cat?post=32918"},{"taxonomy":"product_tag","embeddable":true,"href":"https:\/\/test.puhdasplus.ee\/lt\/wp-json\/wp\/v2\/product_tag?post=32918"}],"curies":[{"name":"wp","href":"https:\/\/api.w.org\/{rel}","templated":true}]}}