{"id":31974,"date":"2025-06-17T20:04:29","date_gmt":"2025-06-17T17:04:29","guid":{"rendered":"https:\/\/test.puhdasplus.ee\/\/siuntos-sekimas\/"},"modified":"2025-08-21T13:57:49","modified_gmt":"2025-08-21T10:57:49","slug":"siuntos-sekimas","status":"publish","type":"page","link":"https:\/\/test.puhdasplus.ee\/lt\/siuntos-sekimas\/","title":{"rendered":"Siuntos sekimas"},"content":{"rendered":"\t\t<div data-elementor-type=\"wp-page\" data-elementor-id=\"31974\" class=\"elementor elementor-31974 elementor-31042\" data-elementor-post-type=\"page\">\n\t\t\t\t<div data-particle_enable=\"false\" data-particle-mobile-disabled=\"false\" class=\"elementor-element elementor-element-40cb04b3 e-flex e-con-boxed e-con e-parent\" data-id=\"40cb04b3\" data-element_type=\"container\" data-e-type=\"container\">\r\n\t\t\t\t\t<div class=\"e-con-inner\">\r\n\t\t\t\t<div class=\"elementor-element elementor-element-32edf74 elementor-widget elementor-widget-shortcode\" data-id=\"32edf74\" data-element_type=\"widget\" data-e-type=\"widget\" data-widget_type=\"shortcode.default\">\n\t\t\t\t\t\t\t<div class=\"elementor-shortcode\"><div class=\"woocommerce\"><\/div><\/div>\n\t\t\t\t\t\t<\/div>\n\t\t\t\t\t<\/div>\n\t\t\t\t<\/div>\n\t\t\t\t<\/div>\n\t\t","protected":false},"excerpt":{"rendered":"","protected":false},"author":471,"featured_media":0,"parent":0,"menu_order":0,"comment_status":"closed","ping_status":"closed","template":"","meta":{"_acf_changed":false,"footnotes":""},"class_list":["post-31974","page","type-page","status-publish","hentry"],"acf":[],"yoast_head":"<!-- This site is optimized with the Yoast SEO plugin v27.1.1 - https:\/\/yoast.com\/product\/yoast-seo-wordpress\/ -->\n<title>Siuntos sekimas - Puhdas+<\/title>\n<meta name=\"description\" content=\"Prisijunkite prie \u201ePuhdas+\u201c platintoj\u0173 tinklo Estijoje! M\u016bs\u0173 auk\u0161tos kokyb\u0117s ir nat\u016bral\u016bs sveikatos ir kosmetikos produktai, tokie kaip eteriniai aliejai, maisto papildai ir odos prie\u017ei\u016bros priemon\u0117s, si\u016blo j\u016bs\u0173 klientams veiksming\u0105 ir saugi\u0105 alternatyv\u0105. Skaitykite, kaip prad\u0117ti bendradarbiavim\u0105 ir tapti patikimo nat\u016brali\u0173 produkt\u0173 prek\u0117s \u017eenklo dalimi.\" \/>\n<meta name=\"robots\" content=\"noindex, follow, max-snippet:-1, max-image-preview:large, max-video-preview:-1\" \/>\n<meta property=\"og:locale\" content=\"lt_LT\" \/>\n<meta property=\"og:type\" content=\"article\" \/>\n<meta property=\"og:title\" content=\"Siuntos sekimas - Puhdas+\" \/>\n<meta property=\"og:description\" content=\"Prisijunkite prie \u201ePuhdas+\u201c platintoj\u0173 tinklo Estijoje! M\u016bs\u0173 auk\u0161tos kokyb\u0117s ir nat\u016bral\u016bs sveikatos ir kosmetikos produktai, tokie kaip eteriniai aliejai, maisto papildai ir odos prie\u017ei\u016bros priemon\u0117s, si\u016blo j\u016bs\u0173 klientams veiksming\u0105 ir saugi\u0105 alternatyv\u0105. Skaitykite, kaip prad\u0117ti bendradarbiavim\u0105 ir tapti patikimo nat\u016brali\u0173 produkt\u0173 prek\u0117s \u017eenklo dalimi.\" \/>\n<meta property=\"og:url\" content=\"https:\/\/test.puhdasplus.ee\/lt\/siuntos-sekimas\/\" \/>\n<meta property=\"og:site_name\" content=\"Puhdas+\" \/>\n<meta property=\"article:publisher\" content=\"https:\/\/www.facebook.com\/puhdasplus\" \/>\n<meta property=\"article:modified_time\" content=\"2025-08-21T10:57:49+00:00\" \/>\n<meta property=\"og:image\" content=\"https:\/\/test.puhdasplus.ee\/wp-content\/uploads\/2025\/08\/Untitled-design-6.png\" \/>\n\t<meta property=\"og:image:width\" content=\"1913\" \/>\n\t<meta property=\"og:image:height\" content=\"875\" \/>\n\t<meta property=\"og:image:type\" content=\"image\/png\" \/>\n<meta name=\"twitter:card\" content=\"summary_large_image\" \/>\n<script type=\"application\/ld+json\" class=\"yoast-schema-graph\">{\"@context\":\"https:\/\/schema.org\",\"@graph\":[{\"@type\":\"WebPage\",\"@id\":\"https:\/\/test.puhdasplus.ee\/lt\/siuntos-sekimas\/\",\"url\":\"https:\/\/test.puhdasplus.ee\/lt\/siuntos-sekimas\/\",\"name\":\"Siuntos sekimas - Puhdas+\",\"isPartOf\":{\"@id\":\"https:\/\/test.puhdasplus.ee\/lt\/#website\"},\"datePublished\":\"2025-06-17T17:04:29+00:00\",\"dateModified\":\"2025-08-21T10:57:49+00:00\",\"description\":\"Prisijunkite prie \u201ePuhdas+\u201c platintoj\u0173 tinklo Estijoje! M\u016bs\u0173 auk\u0161tos kokyb\u0117s ir nat\u016bral\u016bs sveikatos ir kosmetikos produktai, tokie kaip eteriniai aliejai, maisto papildai ir odos prie\u017ei\u016bros priemon\u0117s, si\u016blo j\u016bs\u0173 klientams veiksming\u0105 ir saugi\u0105 alternatyv\u0105. Skaitykite, kaip prad\u0117ti bendradarbiavim\u0105 ir tapti patikimo nat\u016brali\u0173 produkt\u0173 prek\u0117s \u017eenklo dalimi.\",\"breadcrumb\":{\"@id\":\"https:\/\/test.puhdasplus.ee\/lt\/siuntos-sekimas\/#breadcrumb\"},\"inLanguage\":\"lt-LT\",\"potentialAction\":[{\"@type\":\"ReadAction\",\"target\":[\"https:\/\/test.puhdasplus.ee\/lt\/siuntos-sekimas\/\"]}]},{\"@type\":\"BreadcrumbList\",\"@id\":\"https:\/\/test.puhdasplus.ee\/lt\/siuntos-sekimas\/#breadcrumb\",\"itemListElement\":[{\"@type\":\"ListItem\",\"position\":1,\"name\":\"Prad\u017eia\",\"item\":\"https:\/\/test.puhdasplus.ee\/lt\/\"},{\"@type\":\"ListItem\",\"position\":2,\"name\":\"Siuntos sekimas\"}]},{\"@type\":\"WebSite\",\"@id\":\"https:\/\/test.puhdasplus.ee\/lt\/#website\",\"url\":\"https:\/\/test.puhdasplus.ee\/lt\/\",\"name\":\"Puhdas+\",\"description\":\"Vitamiinid, Toidulisandid, looduskosmeetika, tervis, sport\",\"publisher\":{\"@id\":\"https:\/\/test.puhdasplus.ee\/lt\/#organization\"},\"potentialAction\":[{\"@type\":\"SearchAction\",\"target\":{\"@type\":\"EntryPoint\",\"urlTemplate\":\"https:\/\/test.puhdasplus.ee\/lt\/?s={search_term_string}\"},\"query-input\":{\"@type\":\"PropertyValueSpecification\",\"valueRequired\":true,\"valueName\":\"search_term_string\"}}],\"inLanguage\":\"lt-LT\"},{\"@type\":\"Organization\",\"@id\":\"https:\/\/test.puhdasplus.ee\/lt\/#organization\",\"name\":\"Puhdas+\",\"alternateName\":\"Puhdasplus\",\"url\":\"https:\/\/test.puhdasplus.ee\/lt\/\",\"logo\":{\"@type\":\"ImageObject\",\"inLanguage\":\"lt-LT\",\"@id\":\"https:\/\/test.puhdasplus.ee\/lt\/#\/schema\/logo\/image\/\",\"url\":\"https:\/\/test.puhdasplus.ee\/\/wp-content\/uploads\/2019\/10\/puhdas_logo-arvele.png\",\"contentUrl\":\"https:\/\/test.puhdasplus.ee\/\/wp-content\/uploads\/2019\/10\/puhdas_logo-arvele.png\",\"width\":114,\"height\":94,\"caption\":\"Puhdas+\"},\"image\":{\"@id\":\"https:\/\/test.puhdasplus.ee\/lt\/#\/schema\/logo\/image\/\"},\"sameAs\":[\"https:\/\/www.facebook.com\/puhdasplus\",\"https:\/\/www.instagram.com\/puhdasplus_ee\/\"]}]}<\/script>\n<!-- \/ Yoast SEO plugin. -->","yoast_head_json":{"title":"Siuntos sekimas - Puhdas+","description":"Prisijunkite prie \u201ePuhdas+\u201c platintoj\u0173 tinklo Estijoje! M\u016bs\u0173 auk\u0161tos kokyb\u0117s ir nat\u016bral\u016bs sveikatos ir kosmetikos produktai, tokie kaip eteriniai aliejai, maisto papildai ir odos prie\u017ei\u016bros priemon\u0117s, si\u016blo j\u016bs\u0173 klientams veiksming\u0105 ir saugi\u0105 alternatyv\u0105. Skaitykite, kaip prad\u0117ti bendradarbiavim\u0105 ir tapti patikimo nat\u016brali\u0173 produkt\u0173 prek\u0117s \u017eenklo dalimi.","robots":{"index":"noindex","follow":"follow","max-snippet":"max-snippet:-1","max-image-preview":"max-image-preview:large","max-video-preview":"max-video-preview:-1"},"og_locale":"lt_LT","og_type":"article","og_title":"Siuntos sekimas - Puhdas+","og_description":"Prisijunkite prie \u201ePuhdas+\u201c platintoj\u0173 tinklo Estijoje! M\u016bs\u0173 auk\u0161tos kokyb\u0117s ir nat\u016bral\u016bs sveikatos ir kosmetikos produktai, tokie kaip eteriniai aliejai, maisto papildai ir odos prie\u017ei\u016bros priemon\u0117s, si\u016blo j\u016bs\u0173 klientams veiksming\u0105 ir saugi\u0105 alternatyv\u0105. Skaitykite, kaip prad\u0117ti bendradarbiavim\u0105 ir tapti patikimo nat\u016brali\u0173 produkt\u0173 prek\u0117s \u017eenklo dalimi.","og_url":"https:\/\/test.puhdasplus.ee\/lt\/siuntos-sekimas\/","og_site_name":"Puhdas+","article_publisher":"https:\/\/www.facebook.com\/puhdasplus","article_modified_time":"2025-08-21T10:57:49+00:00","og_image":[{"width":1913,"height":875,"url":"https:\/\/test.puhdasplus.ee\/wp-content\/uploads\/2025\/08\/Untitled-design-6.png","type":"image\/png"}],"twitter_card":"summary_large_image","schema":{"@context":"https:\/\/schema.org","@graph":[{"@type":"WebPage","@id":"https:\/\/test.puhdasplus.ee\/lt\/siuntos-sekimas\/","url":"https:\/\/test.puhdasplus.ee\/lt\/siuntos-sekimas\/","name":"Siuntos sekimas - Puhdas+","isPartOf":{"@id":"https:\/\/test.puhdasplus.ee\/lt\/#website"},"datePublished":"2025-06-17T17:04:29+00:00","dateModified":"2025-08-21T10:57:49+00:00","description":"Prisijunkite prie \u201ePuhdas+\u201c platintoj\u0173 tinklo Estijoje! M\u016bs\u0173 auk\u0161tos kokyb\u0117s ir nat\u016bral\u016bs sveikatos ir kosmetikos produktai, tokie kaip eteriniai aliejai, maisto papildai ir odos prie\u017ei\u016bros priemon\u0117s, si\u016blo j\u016bs\u0173 klientams veiksming\u0105 ir saugi\u0105 alternatyv\u0105. Skaitykite, kaip prad\u0117ti bendradarbiavim\u0105 ir tapti patikimo nat\u016brali\u0173 produkt\u0173 prek\u0117s \u017eenklo dalimi.","breadcrumb":{"@id":"https:\/\/test.puhdasplus.ee\/lt\/siuntos-sekimas\/#breadcrumb"},"inLanguage":"lt-LT","potentialAction":[{"@type":"ReadAction","target":["https:\/\/test.puhdasplus.ee\/lt\/siuntos-sekimas\/"]}]},{"@type":"BreadcrumbList","@id":"https:\/\/test.puhdasplus.ee\/lt\/siuntos-sekimas\/#breadcrumb","itemListElement":[{"@type":"ListItem","position":1,"name":"Prad\u017eia","item":"https:\/\/test.puhdasplus.ee\/lt\/"},{"@type":"ListItem","position":2,"name":"Siuntos sekimas"}]},{"@type":"WebSite","@id":"https:\/\/test.puhdasplus.ee\/lt\/#website","url":"https:\/\/test.puhdasplus.ee\/lt\/","name":"Puhdas+","description":"Vitamiinid, Toidulisandid, looduskosmeetika, tervis, sport","publisher":{"@id":"https:\/\/test.puhdasplus.ee\/lt\/#organization"},"potentialAction":[{"@type":"SearchAction","target":{"@type":"EntryPoint","urlTemplate":"https:\/\/test.puhdasplus.ee\/lt\/?s={search_term_string}"},"query-input":{"@type":"PropertyValueSpecification","valueRequired":true,"valueName":"search_term_string"}}],"inLanguage":"lt-LT"},{"@type":"Organization","@id":"https:\/\/test.puhdasplus.ee\/lt\/#organization","name":"Puhdas+","alternateName":"Puhdasplus","url":"https:\/\/test.puhdasplus.ee\/lt\/","logo":{"@type":"ImageObject","inLanguage":"lt-LT","@id":"https:\/\/test.puhdasplus.ee\/lt\/#\/schema\/logo\/image\/","url":"https:\/\/test.puhdasplus.ee\/\/wp-content\/uploads\/2019\/10\/puhdas_logo-arvele.png","contentUrl":"https:\/\/test.puhdasplus.ee\/\/wp-content\/uploads\/2019\/10\/puhdas_logo-arvele.png","width":114,"height":94,"caption":"Puhdas+"},"image":{"@id":"https:\/\/test.puhdasplus.ee\/lt\/#\/schema\/logo\/image\/"},"sameAs":["https:\/\/www.facebook.com\/puhdasplus","https:\/\/www.instagram.com\/puhdasplus_ee\/"]}]}},"_links":{"self":[{"href":"https:\/\/test.puhdasplus.ee\/lt\/wp-json\/wp\/v2\/pages\/31974","targetHints":{"allow":["GET"]}}],"collection":[{"href":"https:\/\/test.puhdasplus.ee\/lt\/wp-json\/wp\/v2\/pages"}],"about":[{"href":"https:\/\/test.puhdasplus.ee\/lt\/wp-json\/wp\/v2\/types\/page"}],"author":[{"embeddable":true,"href":"https:\/\/test.puhdasplus.ee\/lt\/wp-json\/wp\/v2\/users\/471"}],"replies":[{"embeddable":true,"href":"https:\/\/test.puhdasplus.ee\/lt\/wp-json\/wp\/v2\/comments?post=31974"}],"version-history":[{"count":1,"href":"https:\/\/test.puhdasplus.ee\/lt\/wp-json\/wp\/v2\/pages\/31974\/revisions"}],"predecessor-version":[{"id":31976,"href":"https:\/\/test.puhdasplus.ee\/lt\/wp-json\/wp\/v2\/pages\/31974\/revisions\/31976"}],"wp:attachment":[{"href":"https:\/\/test.puhdasplus.ee\/lt\/wp-json\/wp\/v2\/media?parent=31974"}],"curies":[{"name":"wp","href":"https:\/\/api.w.org\/{rel}","templated":true}]}}