{"id":31902,"date":"2018-08-28T12:34:15","date_gmt":"2018-08-28T09:34:15","guid":{"rendered":"https:\/\/test.puhdasplus.ee\/\/privatumo-politika\/"},"modified":"2018-08-28T12:34:15","modified_gmt":"2018-08-28T09:34:15","slug":"privatumo-politika","status":"publish","type":"page","link":"https:\/\/test.puhdasplus.ee\/lt\/privatumo-politika\/","title":{"rendered":"Privatumo politika"},"content":{"rendered":"<p><strong>Privatumo politika<\/strong><\/p>\n<p>\u201eNordenBio O\u00dc\u201c yra \u012fsipareigojusi saugoti savo klient\u0173 ir naudotoj\u0173 privatum\u0105. Tod\u0117l pareng\u0117me \u0161i\u0105 privatumo politik\u0105, kuri apima klient\u0173 duomen\u0173 rinkim\u0105, naudojim\u0105, atskleidim\u0105, perdavim\u0105 ir saugojim\u0105. M\u016bs\u0173 veikla internete atitinka visus atitinkamus veiklos reikalavimus ir atitinkamus Europos S\u0105jungos teis\u0117s aktus bei Estijos Respublikos \u012fstatymus. Skirkite \u0161iek tiek laiko perskaityti m\u016bs\u0173 privatumo politik\u0105.   <\/p>\n<p><strong>Asmens duomen\u0173 rinkimas ir naudojimas<\/strong><\/p>\n<p>Asmens duomenys \u2013 tai duomenys, kurie gali b\u016bti konkre\u010diai arba netiesiogiai susieti su jumis kaip priva\u010diu asmeniu, kuriuos \u201eNordenBio O\u00dc\u201c renka ir tvarko, kad \u012fvykdyt\u0173 sutart\u012f su asmeniu arba susisiekt\u0173 su juo ir laikyt\u0173si teisini\u0173 \u012fsipareigojim\u0173.<\/p>\n<p><strong>Nuolatinio kliento asmens duomenys gali b\u016bti renkami \u0161iais b\u016bdais:<\/strong><\/p>\n<ul>\n<li>pateikdami kontaktin\u0119 informacij\u0105 (\u012fskaitant savo vard\u0105, pavard\u0119, asmens kod\u0105, pa\u0161to adres\u0105, telefono numer\u012f, el. pa\u0161to adres\u0105, pageidaujam\u0105 susisiekimo b\u016bd\u0105) m\u016bs\u0173 svetain\u0117je ar kitur (pvz., parduotuv\u0117se);<\/li>\n<li>i\u0161 kliento paskyros informacijos arba per slapukus, kai naudojat\u0117s svetaine<\/li>\n<li>atliekant pirkim\u0105 ar u\u017esakym\u0105 m\u016bs\u0173 parduotuv\u0117je ar internetin\u0117je parduotuv\u0117je, saugant asmeninius kontaktinius duomenis arba duomenis apie pirkimo pageidavimus (\u201eNordenBio\u201c gali papra\u0161yti j\u016bs\u0173 savanori\u0161kai pateikti asmens duomenis ir asmenin\u0119 informacij\u0105 tam tikrose svetain\u0117s vietose. Pra\u0161omi asmens duomenys gali apimti vard\u0105, pavard\u0119, adres\u0105, pa\u0161to kod\u0105, el. pa\u0161to adres\u0105, telefono numer\u012f ir kitus duomenis);<\/li>\n<li>teikiant parai\u0161k\u0105 d\u0117l mok\u0117jimo dalimis<\/li>\n<\/ul>\n<p><strong>Kit\u0173 duomen\u0173 rinkimas<\/strong><\/p>\n<p>Taip pat renkame neasmeninius duomenis \u2013 duomenis, kuri\u0173 negalima tiesiogiai susieti su konkre\u010diu asmeniu (lytis, am\u017eius, kalbos pasirinkimas, vieta).<\/p>\n<p>Taip pat galime rinkti duomenis apie klient\u0173 veikl\u0105 m\u016bs\u0173 svetain\u0117je. \u0160ie duomenys yra apibendrinami ir naudojami tam, kad gal\u0117tume pateikti klientams naudingesn\u0117s informacijos ir suprasti, kurios svetain\u0117s dalys, produktai ir paslaugos juos labiausiai domina. Apibendrinti duomenys \u0161ioje privatumo politikoje traktuojami kaip neasmeniniai duomenys.  <\/p>\n<p><strong>Surinkt\u0173 asmens duomen\u0173 naudojimas ir saugojimas<\/strong><\/p>\n<p>Surinktus asmens duomenis galime naudoti tam, kad informuotume klientus apie \u201eNordenBio\u201c produkt\u0173 naujienas, kampanijas ir art\u0117jan\u010dius renginius. Klientas, kuris nenori b\u016bti m\u016bs\u0173 naujienlai\u0161ki\u0173 s\u0105ra\u0161e ar gauti prane\u0161im\u0173 apie j\u012f galin\u010dius dominti produktus, gali bet kada pa\u0161alinti save i\u0161 tikslin\u0117s gav\u0117j\u0173 grup\u0117s. <\/p>\n<p>Surinktus asmens duomenis taip pat naudojame prek\u0117ms pristatyti ir savo \u012fsipareigojimams klientui \u012fvykdyti.<\/p>\n<p>Sutikdamas su Privatumo politikos s\u0105lygomis, klientas duoda \u201eNiordenBio O\u00dc\u201c sutikim\u0105 automatizuotai tvarkyti jo duomenis. Savo sutikim\u0105 visada galite at\u0161aukti m\u016bs\u0173 svetain\u0117je arba pateikdami ra\u0161ytin\u012f atkuriam\u0105 parei\u0161kim\u0105. Parei\u0161kimas arba sutikimo at\u0161aukimas neturi atgalinio poveikio.  <\/p>\n<p>Siekdama geriau aptarnauti klient\u0105, \u201eNordenBio O\u00dc\u201c gali atskleisti informacij\u0105 apie atskirus naudotojus tre\u010diajai \u0161aliai, kuri teikia paslaugas \u201eNordenBio O\u00dc\u201c ir yra sutartimi \u012fsipareigojusi laikyti bendrinam\u0105 informacij\u0105 konfidencialia. Tre\u010dioji \u0161alis yra, pavyzd\u017eiui, m\u016bs\u0173 partneris, kurio u\u017eduotys apima internetin\u0117je parduotuv\u0117je parduodam\u0173 preki\u0173 transportavim\u0105 arba mok\u0117jimo dalimis paslaugos teikim\u0105. <\/p>\n<p>\u201eNordenBio O\u00dc\u201c saugos kliento asmens duomenis iki lojalumo kliento sutarties nutraukimo. Duomenis, kuriuos \u201eNordenBio\u201c privalo saugoti pagal teis\u0117s aktus (pvz., apskaitos duomenis), \u201eNordenBio O\u00dc\u201c saugos pagal teis\u0117s aktuose nustatytus reikalavimus. <\/p>\n<p>Asmens duomen\u0173 valdytojas yra \u201eNordenBio O\u00dc\u201c. \u201eNordenBio O\u00dc\u201c perduoda mok\u0117jimams atlikti reikalingus asmens duomenis \u012fgaliotajam tvarkytojui \u201eMaksekeskus AS\u201c.<\/p>\n<p><strong>Asmens duomen\u0173 apsauga<\/strong><\/p>\n<p>\u201eNordenBio O\u00dc\u201c imasi vis\u0173 atsargumo priemoni\u0173 (\u012fskaitant administracines, technines ir fizines priemones), kad apsaugot\u0173 klient\u0173 asmens duomenis. Prieig\u0105 prie duomen\u0173 keisti ir tvarkyti turi tik \u012fgalioti asmenys. <\/p>\n<p>Jei \u012ftariate, kad j\u016bs\u0173 asmens duomenys buvo tvarkomi prie\u0161ingai nei apra\u0161yta \u0161ioje privatumo politikoje arba yra rizika, kad j\u016bs\u0173 duomenys buvo nutekinti tre\u010diosioms \u0161alims, nedelsdami prane\u0161kite mums. Tik taip galime suma\u017einti galim\u0105 \u017eal\u0105 iki minimumo. <\/p>\n<p>Klientas turi teis\u0119 pra\u0161yti nutraukti jo duomen\u0173 tvarkym\u0105, gauti informacij\u0105 apie duomen\u0173 naudojim\u0105 ir perduoti duomenis sau arba tre\u010diajai \u0161aliai \u012fprastai naudojamu formatu. Siekiant u\u017ekirsti keli\u0105 piktnaud\u017eiavimui kliento duomenimis ir teis\u0117mis, pra\u0161ymus leid\u017eiama teikti tik tokia forma, kad b\u016bt\u0173 galima nustatyti parei\u0161k\u0117jo tapatyb\u0119 (pasira\u0161yt\u0105 skaitmeniniu b\u016bdu arba asmeni\u0161kai atstovyb\u0117je). \u012e tokius pra\u0161ymus turime teis\u0119 atsakyti per 30 dien\u0173.  <\/p>\n<p>Pra\u0161ym\u0105 nutraukti duomen\u0173 tvarkym\u0105 traktuojame kaip pra\u0161ym\u0105 nutraukti lojalumo program\u0105.<\/p>\n<p><strong>Saugumas<\/strong><\/p>\n<p>Visi kliento asmens duomenys, gauti apsilankius \u201eNordenBio\u201c el. parduotuv\u0117je ir pirkimo proceso metu, yra laikomi konfidencialia informacija. U\u017e\u0161ifruotas duomen\u0173 perdavimo kanalas su bankais u\u017etikrina pirk\u0117jo asmens duomen\u0173 ir banko rekvizit\u0173 saugum\u0105. <\/p>\n<p><strong>Privatumo politikos s\u0105lygos ir pakeitimai<\/strong><\/p>\n<p>Naudodamiesi m\u016bs\u0173 svetaine arba u\u017epildydami lojalumo parai\u0161k\u0105, j\u016bs patvirtinate, kad perskait\u0117te ir sutinkate su \u0161iais principais ir s\u0105lygomis. Pasiliekame teis\u0119 prireikus keisti bendr\u0105sias privatumo politikos s\u0105lygas, apie tai prane\u0161dami visiems lojaliems klientams, ta\u010diau stengsim\u0117s, kad m\u016bs\u0173 privatumo politika b\u016bt\u0173 atnaujinta ir prieinama jums m\u016bs\u0173 svetain\u0117je. <\/p>\n<p>J\u016bs visada turite teis\u0119 kreiptis \u012f Duomen\u0173 apsaugos inspekcij\u0105 arba teism\u0105, kad apsaugotum\u0117te savo duomenis. Duomen\u0173 apsaugos inspekcija yra valstyb\u0117s institucija, \u012f kuri\u0105 taip pat galite kreiptis konsultacijos ar pagalbos asmens duomen\u0173 apsaugos klausimais. <\/p>\n<p>[\/fusion_text][\/fusion_builder_column][\/fusion_builder_row][\/fusion_builder_container]<\/p>\n","protected":false},"excerpt":{"rendered":"<p>Privatumo politika \u201eNordenBio O\u00dc\u201c yra \u012fsipareigojusi saugoti savo klient\u0173 ir naudotoj\u0173 privatum\u0105. Tod\u0117l pareng\u0117me \u0161i\u0105 privatumo politik\u0105, kuri apima klient\u0173 duomen\u0173 rinkim\u0105, naudojim\u0105, atskleidim\u0105, perdavim\u0105 ir saugojim\u0105. M\u016bs\u0173 veikla internete atitinka visus atitinkamus veiklos reikalavimus ir atitinkamus Europos S\u0105jungos teis\u0117s aktus bei Estijos Respublikos \u012fstatymus. Skirkite \u0161iek tiek laiko perskaityti m\u016bs\u0173 privatumo politik\u0105. Asmens duomen\u0173 [&hellip;]<\/p>\n","protected":false},"author":471,"featured_media":0,"parent":0,"menu_order":0,"comment_status":"closed","ping_status":"closed","template":"","meta":{"_acf_changed":false,"footnotes":""},"class_list":["post-31902","page","type-page","status-publish","hentry"],"acf":[],"yoast_head":"<!-- This site is optimized with the Yoast SEO plugin v27.1.1 - https:\/\/yoast.com\/product\/yoast-seo-wordpress\/ -->\n<title>Privatumo politika - Puhdas+<\/title>\n<meta name=\"robots\" content=\"noindex, follow, max-snippet:-1, max-image-preview:large, max-video-preview:-1\" \/>\n<meta property=\"og:locale\" content=\"lt_LT\" \/>\n<meta property=\"og:type\" content=\"article\" \/>\n<meta property=\"og:title\" content=\"Privatumo politika - Puhdas+\" \/>\n<meta property=\"og:description\" content=\"Privatumo politika \u201eNordenBio O\u00dc\u201c yra \u012fsipareigojusi saugoti savo klient\u0173 ir naudotoj\u0173 privatum\u0105. Tod\u0117l pareng\u0117me \u0161i\u0105 privatumo politik\u0105, kuri apima klient\u0173 duomen\u0173 rinkim\u0105, naudojim\u0105, atskleidim\u0105, perdavim\u0105 ir saugojim\u0105. M\u016bs\u0173 veikla internete atitinka visus atitinkamus veiklos reikalavimus ir atitinkamus Europos S\u0105jungos teis\u0117s aktus bei Estijos Respublikos \u012fstatymus. Skirkite \u0161iek tiek laiko perskaityti m\u016bs\u0173 privatumo politik\u0105. Asmens duomen\u0173 [&hellip;]\" \/>\n<meta property=\"og:url\" content=\"https:\/\/test.puhdasplus.ee\/lt\/privatumo-politika\/\" \/>\n<meta property=\"og:site_name\" content=\"Puhdas+\" \/>\n<meta property=\"article:publisher\" content=\"https:\/\/www.facebook.com\/puhdasplus\" \/>\n<meta property=\"og:image\" content=\"https:\/\/test.puhdasplus.ee\/wp-content\/uploads\/2025\/08\/Untitled-design-6.png\" \/>\n\t<meta property=\"og:image:width\" content=\"1913\" \/>\n\t<meta property=\"og:image:height\" content=\"875\" \/>\n\t<meta property=\"og:image:type\" content=\"image\/png\" \/>\n<meta name=\"twitter:card\" content=\"summary_large_image\" \/>\n<meta name=\"twitter:label1\" content=\"Est. reading time\" \/>\n\t<meta name=\"twitter:data1\" content=\"4 minut\u0117\" \/>\n<script type=\"application\/ld+json\" class=\"yoast-schema-graph\">{\"@context\":\"https:\/\/schema.org\",\"@graph\":[{\"@type\":\"WebPage\",\"@id\":\"https:\/\/test.puhdasplus.ee\/lt\/privatumo-politika\/\",\"url\":\"https:\/\/test.puhdasplus.ee\/lt\/privatumo-politika\/\",\"name\":\"Privatumo politika - Puhdas+\",\"isPartOf\":{\"@id\":\"https:\/\/test.puhdasplus.ee\/lt\/#website\"},\"datePublished\":\"2018-08-28T09:34:15+00:00\",\"breadcrumb\":{\"@id\":\"https:\/\/test.puhdasplus.ee\/lt\/privatumo-politika\/#breadcrumb\"},\"inLanguage\":\"lt-LT\",\"potentialAction\":[{\"@type\":\"ReadAction\",\"target\":[\"https:\/\/test.puhdasplus.ee\/lt\/privatumo-politika\/\"]}]},{\"@type\":\"BreadcrumbList\",\"@id\":\"https:\/\/test.puhdasplus.ee\/lt\/privatumo-politika\/#breadcrumb\",\"itemListElement\":[{\"@type\":\"ListItem\",\"position\":1,\"name\":\"Prad\u017eia\",\"item\":\"https:\/\/test.puhdasplus.ee\/lt\/\"},{\"@type\":\"ListItem\",\"position\":2,\"name\":\"Privatumo politika\"}]},{\"@type\":\"WebSite\",\"@id\":\"https:\/\/test.puhdasplus.ee\/lt\/#website\",\"url\":\"https:\/\/test.puhdasplus.ee\/lt\/\",\"name\":\"Puhdas+\",\"description\":\"Vitamiinid, Toidulisandid, looduskosmeetika, tervis, sport\",\"publisher\":{\"@id\":\"https:\/\/test.puhdasplus.ee\/lt\/#organization\"},\"potentialAction\":[{\"@type\":\"SearchAction\",\"target\":{\"@type\":\"EntryPoint\",\"urlTemplate\":\"https:\/\/test.puhdasplus.ee\/lt\/?s={search_term_string}\"},\"query-input\":{\"@type\":\"PropertyValueSpecification\",\"valueRequired\":true,\"valueName\":\"search_term_string\"}}],\"inLanguage\":\"lt-LT\"},{\"@type\":\"Organization\",\"@id\":\"https:\/\/test.puhdasplus.ee\/lt\/#organization\",\"name\":\"Puhdas+\",\"alternateName\":\"Puhdasplus\",\"url\":\"https:\/\/test.puhdasplus.ee\/lt\/\",\"logo\":{\"@type\":\"ImageObject\",\"inLanguage\":\"lt-LT\",\"@id\":\"https:\/\/test.puhdasplus.ee\/lt\/#\/schema\/logo\/image\/\",\"url\":\"https:\/\/test.puhdasplus.ee\/\/wp-content\/uploads\/2019\/10\/puhdas_logo-arvele.png\",\"contentUrl\":\"https:\/\/test.puhdasplus.ee\/\/wp-content\/uploads\/2019\/10\/puhdas_logo-arvele.png\",\"width\":114,\"height\":94,\"caption\":\"Puhdas+\"},\"image\":{\"@id\":\"https:\/\/test.puhdasplus.ee\/lt\/#\/schema\/logo\/image\/\"},\"sameAs\":[\"https:\/\/www.facebook.com\/puhdasplus\",\"https:\/\/www.instagram.com\/puhdasplus_ee\/\"]}]}<\/script>\n<!-- \/ Yoast SEO plugin. -->","yoast_head_json":{"title":"Privatumo politika - Puhdas+","robots":{"index":"noindex","follow":"follow","max-snippet":"max-snippet:-1","max-image-preview":"max-image-preview:large","max-video-preview":"max-video-preview:-1"},"og_locale":"lt_LT","og_type":"article","og_title":"Privatumo politika - Puhdas+","og_description":"Privatumo politika \u201eNordenBio O\u00dc\u201c yra \u012fsipareigojusi saugoti savo klient\u0173 ir naudotoj\u0173 privatum\u0105. Tod\u0117l pareng\u0117me \u0161i\u0105 privatumo politik\u0105, kuri apima klient\u0173 duomen\u0173 rinkim\u0105, naudojim\u0105, atskleidim\u0105, perdavim\u0105 ir saugojim\u0105. M\u016bs\u0173 veikla internete atitinka visus atitinkamus veiklos reikalavimus ir atitinkamus Europos S\u0105jungos teis\u0117s aktus bei Estijos Respublikos \u012fstatymus. Skirkite \u0161iek tiek laiko perskaityti m\u016bs\u0173 privatumo politik\u0105. Asmens duomen\u0173 [&hellip;]","og_url":"https:\/\/test.puhdasplus.ee\/lt\/privatumo-politika\/","og_site_name":"Puhdas+","article_publisher":"https:\/\/www.facebook.com\/puhdasplus","og_image":[{"width":1913,"height":875,"url":"https:\/\/test.puhdasplus.ee\/wp-content\/uploads\/2025\/08\/Untitled-design-6.png","type":"image\/png"}],"twitter_card":"summary_large_image","twitter_misc":{"Est. reading time":"4 minut\u0117"},"schema":{"@context":"https:\/\/schema.org","@graph":[{"@type":"WebPage","@id":"https:\/\/test.puhdasplus.ee\/lt\/privatumo-politika\/","url":"https:\/\/test.puhdasplus.ee\/lt\/privatumo-politika\/","name":"Privatumo politika - Puhdas+","isPartOf":{"@id":"https:\/\/test.puhdasplus.ee\/lt\/#website"},"datePublished":"2018-08-28T09:34:15+00:00","breadcrumb":{"@id":"https:\/\/test.puhdasplus.ee\/lt\/privatumo-politika\/#breadcrumb"},"inLanguage":"lt-LT","potentialAction":[{"@type":"ReadAction","target":["https:\/\/test.puhdasplus.ee\/lt\/privatumo-politika\/"]}]},{"@type":"BreadcrumbList","@id":"https:\/\/test.puhdasplus.ee\/lt\/privatumo-politika\/#breadcrumb","itemListElement":[{"@type":"ListItem","position":1,"name":"Prad\u017eia","item":"https:\/\/test.puhdasplus.ee\/lt\/"},{"@type":"ListItem","position":2,"name":"Privatumo politika"}]},{"@type":"WebSite","@id":"https:\/\/test.puhdasplus.ee\/lt\/#website","url":"https:\/\/test.puhdasplus.ee\/lt\/","name":"Puhdas+","description":"Vitamiinid, Toidulisandid, looduskosmeetika, tervis, sport","publisher":{"@id":"https:\/\/test.puhdasplus.ee\/lt\/#organization"},"potentialAction":[{"@type":"SearchAction","target":{"@type":"EntryPoint","urlTemplate":"https:\/\/test.puhdasplus.ee\/lt\/?s={search_term_string}"},"query-input":{"@type":"PropertyValueSpecification","valueRequired":true,"valueName":"search_term_string"}}],"inLanguage":"lt-LT"},{"@type":"Organization","@id":"https:\/\/test.puhdasplus.ee\/lt\/#organization","name":"Puhdas+","alternateName":"Puhdasplus","url":"https:\/\/test.puhdasplus.ee\/lt\/","logo":{"@type":"ImageObject","inLanguage":"lt-LT","@id":"https:\/\/test.puhdasplus.ee\/lt\/#\/schema\/logo\/image\/","url":"https:\/\/test.puhdasplus.ee\/\/wp-content\/uploads\/2019\/10\/puhdas_logo-arvele.png","contentUrl":"https:\/\/test.puhdasplus.ee\/\/wp-content\/uploads\/2019\/10\/puhdas_logo-arvele.png","width":114,"height":94,"caption":"Puhdas+"},"image":{"@id":"https:\/\/test.puhdasplus.ee\/lt\/#\/schema\/logo\/image\/"},"sameAs":["https:\/\/www.facebook.com\/puhdasplus","https:\/\/www.instagram.com\/puhdasplus_ee\/"]}]}},"_links":{"self":[{"href":"https:\/\/test.puhdasplus.ee\/lt\/wp-json\/wp\/v2\/pages\/31902","targetHints":{"allow":["GET"]}}],"collection":[{"href":"https:\/\/test.puhdasplus.ee\/lt\/wp-json\/wp\/v2\/pages"}],"about":[{"href":"https:\/\/test.puhdasplus.ee\/lt\/wp-json\/wp\/v2\/types\/page"}],"author":[{"embeddable":true,"href":"https:\/\/test.puhdasplus.ee\/lt\/wp-json\/wp\/v2\/users\/471"}],"replies":[{"embeddable":true,"href":"https:\/\/test.puhdasplus.ee\/lt\/wp-json\/wp\/v2\/comments?post=31902"}],"version-history":[{"count":0,"href":"https:\/\/test.puhdasplus.ee\/lt\/wp-json\/wp\/v2\/pages\/31902\/revisions"}],"wp:attachment":[{"href":"https:\/\/test.puhdasplus.ee\/lt\/wp-json\/wp\/v2\/media?parent=31902"}],"curies":[{"name":"wp","href":"https:\/\/api.w.org\/{rel}","templated":true}]}}