{"id":31810,"date":"2020-07-31T09:50:10","date_gmt":"2020-07-31T06:50:10","guid":{"rendered":"https:\/\/test.puhdasplus.ee\/\/parduotuve\/"},"modified":"2026-01-01T16:02:57","modified_gmt":"2026-01-01T14:02:57","slug":"parduotuve","status":"publish","type":"page","link":"https:\/\/test.puhdasplus.ee\/lt\/parduotuve\/","title":{"rendered":"Produktai"},"content":{"rendered":"","protected":false},"excerpt":{"rendered":"","protected":false},"author":471,"featured_media":0,"parent":0,"menu_order":0,"comment_status":"closed","ping_status":"closed","template":"","meta":{"_acf_changed":false,"footnotes":""},"class_list":["post-31810","page","type-page","status-publish","hentry"],"acf":[],"yoast_head":"<!-- This site is optimized with the Yoast SEO plugin v27.1.1 - https:\/\/yoast.com\/product\/yoast-seo-wordpress\/ -->\n<title>\u201ePuhdas+\u201c produktai \u2013 gryni ir auk\u0161tos kokyb\u0117s maisto papildai<\/title>\n<meta name=\"description\" content=\"\u201ePuhdas+\u201c produktai \u2013 gryni vitaminai ir papildai kasdienei gerovei. U\u017esisakykite patogiai i\u0161 Estijos elektronin\u0117s parduotuv\u0117s.\" \/>\n<meta name=\"robots\" content=\"noindex, follow, max-snippet:-1, max-image-preview:large, max-video-preview:-1\" \/>\n<meta property=\"og:locale\" content=\"lt_LT\" \/>\n<meta property=\"og:type\" content=\"article\" \/>\n<meta property=\"og:title\" content=\"\u201ePuhdas+\u201c produktai \u2013 gryni ir auk\u0161tos kokyb\u0117s maisto papildai\" \/>\n<meta property=\"og:description\" content=\"\u201ePuhdas+\u201c produktai \u2013 gryni vitaminai ir papildai kasdienei gerovei. U\u017esisakykite patogiai i\u0161 Estijos elektronin\u0117s parduotuv\u0117s.\" \/>\n<meta property=\"og:url\" content=\"https:\/\/test.puhdasplus.ee\/lt\/parduotuve\/\" \/>\n<meta property=\"og:site_name\" content=\"Puhdas+\" \/>\n<meta property=\"article:publisher\" content=\"https:\/\/www.facebook.com\/puhdasplus\" \/>\n<meta property=\"article:modified_time\" content=\"2026-01-01T14:02:57+00:00\" \/>\n<meta property=\"og:image\" content=\"https:\/\/test.puhdasplus.ee\/wp-content\/uploads\/2025\/08\/Untitled-design-6.png\" \/>\n\t<meta property=\"og:image:width\" content=\"1913\" \/>\n\t<meta property=\"og:image:height\" content=\"875\" \/>\n\t<meta property=\"og:image:type\" content=\"image\/png\" \/>\n<meta name=\"twitter:card\" content=\"summary_large_image\" \/>\n<script type=\"application\/ld+json\" class=\"yoast-schema-graph\">{\"@context\":\"https:\/\/schema.org\",\"@graph\":[{\"@type\":\"WebPage\",\"@id\":\"https:\/\/test.puhdasplus.ee\/lt\/parduotuve\/\",\"url\":\"https:\/\/test.puhdasplus.ee\/lt\/parduotuve\/\",\"name\":\"\u201ePuhdas+\u201c produktai \u2013 gryni ir auk\u0161tos kokyb\u0117s maisto papildai\",\"isPartOf\":{\"@id\":\"https:\/\/test.puhdasplus.ee\/lt\/#website\"},\"datePublished\":\"2020-07-31T06:50:10+00:00\",\"dateModified\":\"2026-01-01T14:02:57+00:00\",\"description\":\"\u201ePuhdas+\u201c produktai \u2013 gryni vitaminai ir papildai kasdienei gerovei. U\u017esisakykite patogiai i\u0161 Estijos elektronin\u0117s parduotuv\u0117s.\",\"breadcrumb\":{\"@id\":\"https:\/\/test.puhdasplus.ee\/lt\/parduotuve\/#breadcrumb\"},\"inLanguage\":\"lt-LT\",\"potentialAction\":[{\"@type\":\"ReadAction\",\"target\":[\"https:\/\/test.puhdasplus.ee\/lt\/parduotuve\/\"]}]},{\"@type\":\"BreadcrumbList\",\"@id\":\"https:\/\/test.puhdasplus.ee\/lt\/parduotuve\/#breadcrumb\",\"itemListElement\":[{\"@type\":\"ListItem\",\"position\":1,\"name\":\"Prad\u017eia\",\"item\":\"https:\/\/test.puhdasplus.ee\/lt\/\"},{\"@type\":\"ListItem\",\"position\":2,\"name\":\"Produktai\"}]},{\"@type\":\"WebSite\",\"@id\":\"https:\/\/test.puhdasplus.ee\/lt\/#website\",\"url\":\"https:\/\/test.puhdasplus.ee\/lt\/\",\"name\":\"Puhdas+\",\"description\":\"Vitamiinid, Toidulisandid, looduskosmeetika, tervis, sport\",\"publisher\":{\"@id\":\"https:\/\/test.puhdasplus.ee\/lt\/#organization\"},\"potentialAction\":[{\"@type\":\"SearchAction\",\"target\":{\"@type\":\"EntryPoint\",\"urlTemplate\":\"https:\/\/test.puhdasplus.ee\/lt\/?s={search_term_string}\"},\"query-input\":{\"@type\":\"PropertyValueSpecification\",\"valueRequired\":true,\"valueName\":\"search_term_string\"}}],\"inLanguage\":\"lt-LT\"},{\"@type\":\"Organization\",\"@id\":\"https:\/\/test.puhdasplus.ee\/lt\/#organization\",\"name\":\"Puhdas+\",\"alternateName\":\"Puhdasplus\",\"url\":\"https:\/\/test.puhdasplus.ee\/lt\/\",\"logo\":{\"@type\":\"ImageObject\",\"inLanguage\":\"lt-LT\",\"@id\":\"https:\/\/test.puhdasplus.ee\/lt\/#\/schema\/logo\/image\/\",\"url\":\"https:\/\/test.puhdasplus.ee\/\/wp-content\/uploads\/2019\/10\/puhdas_logo-arvele.png\",\"contentUrl\":\"https:\/\/test.puhdasplus.ee\/\/wp-content\/uploads\/2019\/10\/puhdas_logo-arvele.png\",\"width\":114,\"height\":94,\"caption\":\"Puhdas+\"},\"image\":{\"@id\":\"https:\/\/test.puhdasplus.ee\/lt\/#\/schema\/logo\/image\/\"},\"sameAs\":[\"https:\/\/www.facebook.com\/puhdasplus\",\"https:\/\/www.instagram.com\/puhdasplus_ee\/\"]}]}<\/script>\n<!-- \/ Yoast SEO plugin. -->","yoast_head_json":{"title":"\u201ePuhdas+\u201c produktai \u2013 gryni ir auk\u0161tos kokyb\u0117s maisto papildai","description":"\u201ePuhdas+\u201c produktai \u2013 gryni vitaminai ir papildai kasdienei gerovei. U\u017esisakykite patogiai i\u0161 Estijos elektronin\u0117s parduotuv\u0117s.","robots":{"index":"noindex","follow":"follow","max-snippet":"max-snippet:-1","max-image-preview":"max-image-preview:large","max-video-preview":"max-video-preview:-1"},"og_locale":"lt_LT","og_type":"article","og_title":"\u201ePuhdas+\u201c produktai \u2013 gryni ir auk\u0161tos kokyb\u0117s maisto papildai","og_description":"\u201ePuhdas+\u201c produktai \u2013 gryni vitaminai ir papildai kasdienei gerovei. U\u017esisakykite patogiai i\u0161 Estijos elektronin\u0117s parduotuv\u0117s.","og_url":"https:\/\/test.puhdasplus.ee\/lt\/parduotuve\/","og_site_name":"Puhdas+","article_publisher":"https:\/\/www.facebook.com\/puhdasplus","article_modified_time":"2026-01-01T14:02:57+00:00","og_image":[{"width":1913,"height":875,"url":"https:\/\/test.puhdasplus.ee\/wp-content\/uploads\/2025\/08\/Untitled-design-6.png","type":"image\/png"}],"twitter_card":"summary_large_image","schema":{"@context":"https:\/\/schema.org","@graph":[{"@type":"WebPage","@id":"https:\/\/test.puhdasplus.ee\/lt\/parduotuve\/","url":"https:\/\/test.puhdasplus.ee\/lt\/parduotuve\/","name":"\u201ePuhdas+\u201c produktai \u2013 gryni ir auk\u0161tos kokyb\u0117s maisto papildai","isPartOf":{"@id":"https:\/\/test.puhdasplus.ee\/lt\/#website"},"datePublished":"2020-07-31T06:50:10+00:00","dateModified":"2026-01-01T14:02:57+00:00","description":"\u201ePuhdas+\u201c produktai \u2013 gryni vitaminai ir papildai kasdienei gerovei. U\u017esisakykite patogiai i\u0161 Estijos elektronin\u0117s parduotuv\u0117s.","breadcrumb":{"@id":"https:\/\/test.puhdasplus.ee\/lt\/parduotuve\/#breadcrumb"},"inLanguage":"lt-LT","potentialAction":[{"@type":"ReadAction","target":["https:\/\/test.puhdasplus.ee\/lt\/parduotuve\/"]}]},{"@type":"BreadcrumbList","@id":"https:\/\/test.puhdasplus.ee\/lt\/parduotuve\/#breadcrumb","itemListElement":[{"@type":"ListItem","position":1,"name":"Prad\u017eia","item":"https:\/\/test.puhdasplus.ee\/lt\/"},{"@type":"ListItem","position":2,"name":"Produktai"}]},{"@type":"WebSite","@id":"https:\/\/test.puhdasplus.ee\/lt\/#website","url":"https:\/\/test.puhdasplus.ee\/lt\/","name":"Puhdas+","description":"Vitamiinid, Toidulisandid, looduskosmeetika, tervis, sport","publisher":{"@id":"https:\/\/test.puhdasplus.ee\/lt\/#organization"},"potentialAction":[{"@type":"SearchAction","target":{"@type":"EntryPoint","urlTemplate":"https:\/\/test.puhdasplus.ee\/lt\/?s={search_term_string}"},"query-input":{"@type":"PropertyValueSpecification","valueRequired":true,"valueName":"search_term_string"}}],"inLanguage":"lt-LT"},{"@type":"Organization","@id":"https:\/\/test.puhdasplus.ee\/lt\/#organization","name":"Puhdas+","alternateName":"Puhdasplus","url":"https:\/\/test.puhdasplus.ee\/lt\/","logo":{"@type":"ImageObject","inLanguage":"lt-LT","@id":"https:\/\/test.puhdasplus.ee\/lt\/#\/schema\/logo\/image\/","url":"https:\/\/test.puhdasplus.ee\/\/wp-content\/uploads\/2019\/10\/puhdas_logo-arvele.png","contentUrl":"https:\/\/test.puhdasplus.ee\/\/wp-content\/uploads\/2019\/10\/puhdas_logo-arvele.png","width":114,"height":94,"caption":"Puhdas+"},"image":{"@id":"https:\/\/test.puhdasplus.ee\/lt\/#\/schema\/logo\/image\/"},"sameAs":["https:\/\/www.facebook.com\/puhdasplus","https:\/\/www.instagram.com\/puhdasplus_ee\/"]}]}},"_links":{"self":[{"href":"https:\/\/test.puhdasplus.ee\/lt\/wp-json\/wp\/v2\/pages\/31810","targetHints":{"allow":["GET"]}}],"collection":[{"href":"https:\/\/test.puhdasplus.ee\/lt\/wp-json\/wp\/v2\/pages"}],"about":[{"href":"https:\/\/test.puhdasplus.ee\/lt\/wp-json\/wp\/v2\/types\/page"}],"author":[{"embeddable":true,"href":"https:\/\/test.puhdasplus.ee\/lt\/wp-json\/wp\/v2\/users\/471"}],"replies":[{"embeddable":true,"href":"https:\/\/test.puhdasplus.ee\/lt\/wp-json\/wp\/v2\/comments?post=31810"}],"version-history":[{"count":1,"href":"https:\/\/test.puhdasplus.ee\/lt\/wp-json\/wp\/v2\/pages\/31810\/revisions"}],"predecessor-version":[{"id":353879,"href":"https:\/\/test.puhdasplus.ee\/lt\/wp-json\/wp\/v2\/pages\/31810\/revisions\/353879"}],"wp:attachment":[{"href":"https:\/\/test.puhdasplus.ee\/lt\/wp-json\/wp\/v2\/media?parent=31810"}],"curies":[{"name":"wp","href":"https:\/\/api.w.org\/{rel}","templated":true}]}}